{"id":23187,"date":"2019-07-20T18:54:46","date_gmt":"2019-07-20T17:54:46","guid":{"rendered":"https:\/\/sotooutdoors.eu\/notre-histoire\/"},"modified":"2025-10-15T06:58:34","modified_gmt":"2025-10-15T05:58:34","slug":"notre-histoire","status":"publish","type":"page","link":"https:\/\/sotooutdoors.eu\/fr\/explorer\/notre-histoire\/","title":{"rendered":"Notre histoire"},"content":{"rendered":"<div class=\"fusion-fullwidth fullwidth-box fusion-builder-row-1 nonhundred-percent-fullwidth non-hundred-percent-height-scrolling\" style=\"--awb-border-radius-top-left:0px;--awb-border-radius-top-right:0px;--awb-border-radius-bottom-right:0px;--awb-border-radius-bottom-left:0px;--awb-flex-wrap:wrap;\" ><div class=\"fusion-builder-row fusion-row\"><div class=\"fusion-layout-column fusion_builder_column fusion-builder-column-0 fusion_builder_column_1_2 1_2 fusion-one-half fusion-column-first\" style=\"--awb-bg-size:cover;width:50%;width:calc(50% - ( ( 4% ) * 0.5 ) );margin-right: 4%;\"><div class=\"fusion-column-wrapper fusion-column-has-shadow fusion-flex-column-wrapper-legacy\"><div class=\"fusion-text fusion-text-1\"><p>L&rsquo;histoire \u00e0 succ\u00e8s de SOTO Outdoors a commenc\u00e9 en l&rsquo;a 1978 avec le br\u00fbleur Shinfuji du Japon. Au moment de sa cr\u00e9ation, l&rsquo;entreprise fabriquait et vendait des chalumeaux industriels utilis\u00e9s pour des t\u00e2ches telles que la plomberie. Dans de nombreuses r\u00e9gions, les temp\u00e9ratures hivernales descendent souvent sous le point de cong\u00e9lation et de nombreux br\u00fbleurs avaient besoin de 2 \u00e0 3 minutes pour pr\u00e9chauffer \u00e0 ce moment-l\u00e0. Le fondateur, Hajime Yamamoto, s&rsquo;est rendu compte des avantages de la r\u00e9duction du temps de pr\u00e9chauffage et a constitu\u00e9 une \u00e9quipe des meilleures personnes cr\u00e9atives, techniques et innovantes. Ils ont partag\u00e9 sa d\u00e9termination \u00e0 d\u00e9velopper un br\u00fbleur qui ne prendrait que quelques secondes, et non plus quelques minutes, \u00e0 pr\u00e9chauffer. Peu de temps apr\u00e8s, le br\u00fbleur Shinfuji est n\u00e9, se positionnant comme un v\u00e9ritable nouveau standard de l&rsquo;industrie. L&rsquo;\u00e9quipe est devenue c\u00e9l\u00e8bre au Japon sous le nom de \u00ab\u00a0Masters of the Blue Flame\u00a0\u00bb, les ma\u00eetres de la flamme bleue, en fran\u00e7ais.<\/p>\n<p>Le br\u00fbleur a connu un succ\u00e8s croissant, y compris, \u00e0 partir de 1986, dans le domaine du d\u00e9sherbage agricole et priv\u00e9. Le succ\u00e8s a pouss\u00e9 Yamamoto et son \u00e9quipe d&rsquo;ing\u00e9nieurs \u00e0 rendre la puissance de la flamme bleue disponible pour la vie en int\u00e9rieur et en ext\u00e9rieur. Le r\u00e9sultat fut le Pocket Torch, un petit br\u00fbleur avec une flamme puissante qui est insensible au vent. L&rsquo;\u00e9quipe s&rsquo;est rendu compte que ce petit br\u00fbleur conviendrait parfaitement \u00e0 ceux qui s&rsquo;aventurent dans des conditions m\u00e9t\u00e9orologiques extr\u00eames. C&rsquo;est avec cette vision en t\u00eate que ces ing\u00e9nieurs innovants ont cr\u00e9\u00e9 la marque SOTO Outdoors. SOTO signifie \u00ab en plein air \u00bb en japonais.<\/p>\n<p>En 2009, la marque SOTO Outdoors a \u00e9t\u00e9 lanc\u00e9e sur le march\u00e9 mondial. SOTO a re\u00e7u plusieurs <a href=\"https:\/\/sotooutdoors.eu\/fr\/explorer\/awards-prix\/\">prix convoit\u00e9s par l&rsquo;industrie<\/a> pour ses innovations pionni\u00e8res. Les innovations techniques destin\u00e9es \u00e0 la production et l&rsquo;int\u00e9gration de la \u00ab flamme bleue \u00bb dans les r\u00e9chauds en plein air sont le coeur de la marque, cependant, les ing\u00e9nieurs de SOTO demeurent \u00e9galement actifs de par de nombreuses innovations dans les domaines des ustensiles de cuisine et des accessoires.<\/p>\n<\/div><div class=\"fusion-clearfix\"><\/div><\/div><\/div><div class=\"fusion-layout-column fusion_builder_column fusion-builder-column-1 fusion_builder_column_1_2 1_2 fusion-one-half fusion-column-last\" style=\"--awb-bg-size:cover;width:50%;width:calc(50% - ( ( 4% ) * 0.5 ) );\"><div class=\"fusion-column-wrapper fusion-column-has-shadow fusion-flex-column-wrapper-legacy\"><div class=\"fusion-video fusion-youtube fusion-aligncenter\" style=\"--awb-max-width:600px;--awb-max-height:360px;--awb-width:100%;\"><div class=\"video-shortcode\"><div class=\"fluid-width-video-wrapper\" style=\"padding-top:60%;\" ><iframe title=\"YouTube video player 1\" src=\"https:\/\/www.youtube.com\/embed\/y9aw7XraX_w?wmode=transparent&autoplay=0&amp;start=2&amp;rel=0\" width=\"600\" height=\"360\" allowfullscreen allow=\"autoplay; clipboard-write; encrypted-media; gyroscope; picture-in-picture;\"><\/iframe><\/div><\/div><\/div><div class=\"fusion-sep-clear\"><\/div><div class=\"fusion-separator fusion-full-width-sep\" style=\"margin-left: auto;margin-right: auto;margin-top:45px;margin-bottom:45px;width:100%;\"><div class=\"fusion-separator-border sep-double\" style=\"--awb-height:20px;--awb-amount:20px;border-color:#eaeaea;border-top-width:0px;border-bottom-width:0px;\"><\/div><\/div><div class=\"fusion-sep-clear\"><\/div><div class=\"fusion-video fusion-youtube fusion-alignright\" style=\"--awb-max-width:600px;--awb-max-height:360px;--awb-width:100%;\"><div class=\"video-shortcode\"><div class=\"fluid-width-video-wrapper\" style=\"padding-top:60%;\" ><iframe title=\"YouTube video player 2\" src=\"https:\/\/www.youtube.com\/embed\/pfJU6Dp3kig?wmode=transparent&autoplay=0\" width=\"600\" height=\"360\" allowfullscreen allow=\"autoplay; clipboard-write; encrypted-media; gyroscope; picture-in-picture;\"><\/iframe><\/div><\/div><\/div><div class=\"fusion-clearfix\"><\/div><\/div><\/div><\/div><\/div>\n","protected":false},"excerpt":{"rendered":"","protected":false},"author":4,"featured_media":0,"parent":23226,"menu_order":0,"comment_status":"closed","ping_status":"closed","template":"100-width.php","meta":{"footnotes":""},"class_list":["post-23187","page","type-page","status-publish","hentry"],"_links":{"self":[{"href":"https:\/\/sotooutdoors.eu\/fr\/wp-json\/wp\/v2\/pages\/23187","targetHints":{"allow":["GET"]}}],"collection":[{"href":"https:\/\/sotooutdoors.eu\/fr\/wp-json\/wp\/v2\/pages"}],"about":[{"href":"https:\/\/sotooutdoors.eu\/fr\/wp-json\/wp\/v2\/types\/page"}],"author":[{"embeddable":true,"href":"https:\/\/sotooutdoors.eu\/fr\/wp-json\/wp\/v2\/users\/4"}],"replies":[{"embeddable":true,"href":"https:\/\/sotooutdoors.eu\/fr\/wp-json\/wp\/v2\/comments?post=23187"}],"version-history":[{"count":33,"href":"https:\/\/sotooutdoors.eu\/fr\/wp-json\/wp\/v2\/pages\/23187\/revisions"}],"predecessor-version":[{"id":27744,"href":"https:\/\/sotooutdoors.eu\/fr\/wp-json\/wp\/v2\/pages\/23187\/revisions\/27744"}],"up":[{"embeddable":true,"href":"https:\/\/sotooutdoors.eu\/fr\/wp-json\/wp\/v2\/pages\/23226"}],"wp:attachment":[{"href":"https:\/\/sotooutdoors.eu\/fr\/wp-json\/wp\/v2\/media?parent=23187"}],"curies":[{"name":"wp","href":"https:\/\/api.w.org\/{rel}","templated":true}]}}