{"id":23259,"date":"2021-04-08T14:26:22","date_gmt":"2021-04-08T13:26:22","guid":{"rendered":"https:\/\/sotooutdoors.eu\/devenez-revendeur-soto\/"},"modified":"2024-03-13T17:36:48","modified_gmt":"2024-03-13T16:36:48","slug":"devenez-revendeur-soto","status":"publish","type":"page","link":"https:\/\/sotooutdoors.eu\/fr\/devenez-revendeur-soto\/","title":{"rendered":"Devenez revendeur SOTO"},"content":{"rendered":"<div class=\"fusion-fullwidth fullwidth-box fusion-builder-row-1 fusion-flex-container nonhundred-percent-fullwidth non-hundred-percent-height-scrolling\" style=\"--awb-border-radius-top-left:0px;--awb-border-radius-top-right:0px;--awb-border-radius-bottom-right:0px;--awb-border-radius-bottom-left:0px;--awb-flex-wrap:wrap;\" ><div class=\"fusion-builder-row fusion-row fusion-flex-align-items-flex-start fusion-flex-content-wrap\" style=\"max-width:1216.8px;margin-left: calc(-4% \/ 2 );margin-right: calc(-4% \/ 2 );\"><div class=\"fusion-layout-column fusion_builder_column fusion-builder-column-0 fusion_builder_column_1_2 1_2 fusion-flex-column\" style=\"--awb-bg-size:cover;--awb-width-large:50%;--awb-margin-top-large:15px;--awb-spacing-right-large:3.84%;--awb-margin-bottom-large:15px;--awb-spacing-left-large:3.84%;--awb-width-medium:100%;--awb-order-medium:0;--awb-spacing-right-medium:1.92%;--awb-spacing-left-medium:1.92%;--awb-width-small:100%;--awb-order-small:0;--awb-spacing-right-small:1.92%;--awb-spacing-left-small:1.92%;\"><div class=\"fusion-column-wrapper fusion-column-has-shadow fusion-flex-justify-content-flex-start fusion-content-layout-column\"><div class=\"fusion-text fusion-text-1\" style=\"--awb-text-transform:none;\"><p>Notre objectif est d&rsquo;am\u00e9liorer les exp\u00e9riences de cuisine en plein air pour tout un chacun. C&rsquo;est pourquoi nous sommes toujours \u00e0 la recherche de points de vente\/revendeurs suppl\u00e9mentaires, notamment dans les pays suivants:<\/p>\n<ul>\n<li>Allemagne<\/li>\n<li>Autriche<\/li>\n<li>Pays-Bas<\/li>\n<li>Belgique<\/li>\n<li>Luxembourg<\/li>\n<li>Italie<\/li>\n<li>France<\/li>\n<li>Espagne<\/li>\n<li>Portugal<\/li>\n<li>Andorre<\/li>\n<\/ul>\n<p>Veuillez nous contacter si vous souhaitez devenir revendeur SOTO.<\/p>\n<p>Veuillez utiliser le formulaire de contact \u00e0 droite, envoyer un e-mail \u00e0 cm@brandoutdoor.de ou appeler le +49 (0)157 51 51 14 16.<\/p>\n<\/div><div class=\"fusion-separator fusion-full-width-sep\" style=\"align-self: center;margin-left: auto;margin-right: auto;margin-top:50px;width:100%;\"><\/div><\/div><\/div><div class=\"fusion-layout-column fusion_builder_column fusion-builder-column-1 fusion_builder_column_1_2 1_2 fusion-flex-column\" style=\"--awb-bg-size:cover;--awb-width-large:50%;--awb-margin-top-large:15px;--awb-spacing-right-large:3.84%;--awb-margin-bottom-large:15px;--awb-spacing-left-large:3.84%;--awb-width-medium:100%;--awb-order-medium:0;--awb-spacing-right-medium:1.92%;--awb-spacing-left-medium:1.92%;--awb-width-small:100%;--awb-order-small:0;--awb-spacing-right-small:1.92%;--awb-spacing-left-small:1.92%;\"><div class=\"fusion-column-wrapper fusion-column-has-shadow fusion-flex-justify-content-flex-start fusion-content-layout-column\"><div class=\"fusion-text fusion-text-2\"><p>[formulaire-de-contact-7 id=\u00a0\u00bb25064&Prime; title=\u00a0\u00bbdevenir-revendeur-SOTO\u00a0\u00bb]<\/p>\n<p><strong>Nous sommes tout \u00e0 fait certains que vous ainsi que vos clients aurez une enti\u00e8re satisfaction en les produits SOTO ainsi qu&rsquo;en notre service client.<\/strong><\/p>\n<\/div><\/div><\/div><\/div><\/div>\n","protected":false},"excerpt":{"rendered":"","protected":false},"author":4,"featured_media":0,"parent":0,"menu_order":0,"comment_status":"closed","ping_status":"closed","template":"","meta":{"footnotes":""},"class_list":["post-23259","page","type-page","status-publish","hentry"],"_links":{"self":[{"href":"https:\/\/sotooutdoors.eu\/fr\/wp-json\/wp\/v2\/pages\/23259","targetHints":{"allow":["GET"]}}],"collection":[{"href":"https:\/\/sotooutdoors.eu\/fr\/wp-json\/wp\/v2\/pages"}],"about":[{"href":"https:\/\/sotooutdoors.eu\/fr\/wp-json\/wp\/v2\/types\/page"}],"author":[{"embeddable":true,"href":"https:\/\/sotooutdoors.eu\/fr\/wp-json\/wp\/v2\/users\/4"}],"replies":[{"embeddable":true,"href":"https:\/\/sotooutdoors.eu\/fr\/wp-json\/wp\/v2\/comments?post=23259"}],"version-history":[{"count":23,"href":"https:\/\/sotooutdoors.eu\/fr\/wp-json\/wp\/v2\/pages\/23259\/revisions"}],"predecessor-version":[{"id":27384,"href":"https:\/\/sotooutdoors.eu\/fr\/wp-json\/wp\/v2\/pages\/23259\/revisions\/27384"}],"wp:attachment":[{"href":"https:\/\/sotooutdoors.eu\/fr\/wp-json\/wp\/v2\/media?parent=23259"}],"curies":[{"name":"wp","href":"https:\/\/api.w.org\/{rel}","templated":true}]}}