{"id":23274,"date":"2021-06-06T20:10:47","date_gmt":"2021-06-06T19:10:47","guid":{"rendered":"https:\/\/sotooutdoors.eu\/explorer\/athletes-et-aventures\/"},"modified":"2021-12-26T20:59:41","modified_gmt":"2021-12-26T19:59:41","slug":"athletes-et-aventures","status":"publish","type":"page","link":"https:\/\/sotooutdoors.eu\/fr\/explorer\/athletes-et-aventures\/","title":{"rendered":"Athl\u00e8tes et aventures"},"content":{"rendered":"<p><div class=\"fusion-fullwidth fullwidth-box fusion-builder-row-1 nonhundred-percent-fullwidth non-hundred-percent-height-scrolling\" style=\"--awb-border-radius-top-left:0px;--awb-border-radius-top-right:0px;--awb-border-radius-bottom-right:0px;--awb-border-radius-bottom-left:0px;--awb-flex-wrap:wrap;\" ><div class=\"fusion-builder-row fusion-row\"><div class=\"fusion-layout-column fusion_builder_column fusion-builder-column-0 fusion_builder_column_1_1 1_1 fusion-one-full fusion-column-first fusion-column-last\" style=\"--awb-bg-size:cover;\"><div class=\"fusion-column-wrapper fusion-column-has-shadow fusion-flex-column-wrapper-legacy\"><div class=\"fusion-text fusion-text-1\"><p style=\"text-align: center\">Les athl\u00e8tes et aventuriers avec qui nous travaillons et que nous supportons. Ils utilisent nos produits dans des environnements et des situations extr\u00eames et nous fournissent de pr\u00e9cieuses informations par rapport aux nouveaux d\u00e9veloppements futurs de produits.<\/p>\n<\/div><div class=\"fusion-sep-clear\"><\/div><div class=\"fusion-separator fusion-full-width-sep\" style=\"margin-left: auto;margin-right: auto;margin-top:50px;width:100%;\"><\/div><div class=\"fusion-sep-clear\"><\/div><div class=\"fusion-blog-shortcode fusion-blog-shortcode-1 fusion-blog-archive fusion-blog-layout-grid-wrapper fusion-blog-infinite fusion-blog-layout-center\"><style type=\"text\/css\">.fusion-blog-shortcode-1 .fusion-blog-layout-grid .fusion-post-grid{padding:62.5px;}.fusion-blog-shortcode-1 .fusion-posts-container{margin-left: -62.5px !important; margin-right:-62.5px !important;}<\/style><div class=\"fusion-posts-container fusion-posts-container-infinite fusion-no-meta-info fusion-blog-layout-grid fusion-blog-layout-grid-3 isotope fusion-blog-equal-heights\" data-pages=\"1\" data-grid-col-space=\"125\" style=\"margin: -62.5px -62.5px 0;min-height:500px;\"><article id=\"blog-1-post-23481\" class=\"fusion-post-grid post-23481 post type-post status-publish format-standard has-post-thumbnail hentry category-les-athletes\">\n<div class=\"fusion-post-wrapper\" style=\"background-color:rgba(255,255,255,0);border:1px solid #eeeeee;border-bottom-width:3px;\">\n\n\t\t\t<div class=\"fusion-flexslider flexslider fusion-flexslider-loading fusion-post-slideshow\" style=\"border-color:#eeeeee;\">\n\t\t<ul class=\"slides\">\n\t\t\t\n\t\t\t\t\t\t\t\t\t\t\t\t\t\t<li><div  class=\"fusion-image-wrapper\" aria-haspopup=\"true\">\n\t\t\t\t\t\t\t<a href=\"https:\/\/sotooutdoors.eu\/fr\/stephan-siegrist-alpiniste-extreme\/\" aria-label=\"Stephan Siegrist &#8211; alpiniste extr\u00eame\">\n\t\t\t\t\t\t\t<img decoding=\"async\" width=\"876\" height=\"876\" src=\"https:\/\/sotooutdoors.eu\/wp-content\/uploads\/2021\/02\/Stephan-Siegrist.jpg\" class=\"attachment-full size-full lazyload wp-post-image\" alt=\"Stephan Siegrist Athl\u00e8te SOTO\" srcset=\"data:image\/svg+xml,%3Csvg%20xmlns%3D%27http%3A%2F%2Fwww.w3.org%2F2000%2Fsvg%27%20width%3D%27876%27%20height%3D%27876%27%20viewBox%3D%270%200%20876%20876%27%3E%3Crect%20width%3D%27876%27%20height%3D%27876%27%20fill-opacity%3D%220%22%2F%3E%3C%2Fsvg%3E\" data-orig-src=\"https:\/\/sotooutdoors.eu\/wp-content\/uploads\/2021\/02\/Stephan-Siegrist.jpg\" data-srcset=\"https:\/\/sotooutdoors.eu\/wp-content\/uploads\/2021\/02\/Stephan-Siegrist-200x200.jpg 200w, https:\/\/sotooutdoors.eu\/wp-content\/uploads\/2021\/02\/Stephan-Siegrist-400x400.jpg 400w, https:\/\/sotooutdoors.eu\/wp-content\/uploads\/2021\/02\/Stephan-Siegrist-600x600.jpg 600w, https:\/\/sotooutdoors.eu\/wp-content\/uploads\/2021\/02\/Stephan-Siegrist-800x800.jpg 800w, https:\/\/sotooutdoors.eu\/wp-content\/uploads\/2021\/02\/Stephan-Siegrist.jpg 876w\" data-sizes=\"auto\" \/>\t\t\t<\/a>\n\t\t\t\t\t\t\t<\/div>\n<\/li>\n\t\t\t\n\t\t\t\n\t\t\t\t\t\t\t\t\t\t\t\t\t\t\t\t\t\t\t\t\t\t\t\t\t\t\t\t\t\t\t\t\t\t\t\t\t\t\t\t\t\t\t\t\t\t\t\t\t\t\t\t\t\t\t\t\t\t\t\t\t\t\t\t\t\t\t\t<\/ul>\n\t<\/div>\n\t<div class=\"fusion-post-content-wrapper\" style=\"padding:30px 25px 20px 25px;\"><div class=\"fusion-post-content post-content\"><h2 class=\"blog-shortcode-post-title entry-title\">Stephan Siegrist &#8211; alpiniste extr\u00eame<\/h2><\/div><\/div><div class=\"fusion-clearfix\"><\/div><\/div>\n<\/article>\n<article id=\"blog-1-post-23521\" class=\"fusion-post-grid post-23521 post type-post status-publish format-standard has-post-thumbnail hentry category-les-athletes\">\n<div class=\"fusion-post-wrapper\" style=\"background-color:rgba(255,255,255,0);border:1px solid #eeeeee;border-bottom-width:3px;\">\n\n\t\t\t<div class=\"fusion-flexslider flexslider fusion-flexslider-loading fusion-post-slideshow\" style=\"border-color:#eeeeee;\">\n\t\t<ul class=\"slides\">\n\t\t\t\n\t\t\t\t\t\t\t\t\t\t\t\t\t\t<li><div  class=\"fusion-image-wrapper\" aria-haspopup=\"true\">\n\t\t\t\t\t\t\t<a href=\"https:\/\/sotooutdoors.eu\/fr\/roger-schaeli-alpiniste-grimpeur\/\" aria-label=\"Roger Sch\u00e4li &#8211; alpiniste, grimpeur\">\n\t\t\t\t\t\t\t<img decoding=\"async\" width=\"300\" height=\"300\" src=\"https:\/\/sotooutdoors.eu\/wp-content\/uploads\/2021\/03\/201906_rotbrett_FK_0404-e1579644616446-menu.jpg\" class=\"attachment-full size-full lazyload wp-post-image\" alt=\"SOTO Athlete Roger Sch\u00e4li\" srcset=\"data:image\/svg+xml,%3Csvg%20xmlns%3D%27http%3A%2F%2Fwww.w3.org%2F2000%2Fsvg%27%20width%3D%27300%27%20height%3D%27300%27%20viewBox%3D%270%200%20300%20300%27%3E%3Crect%20width%3D%27300%27%20height%3D%27300%27%20fill-opacity%3D%220%22%2F%3E%3C%2Fsvg%3E\" data-orig-src=\"https:\/\/sotooutdoors.eu\/wp-content\/uploads\/2021\/03\/201906_rotbrett_FK_0404-e1579644616446-menu.jpg\" data-srcset=\"https:\/\/sotooutdoors.eu\/wp-content\/uploads\/2021\/03\/201906_rotbrett_FK_0404-e1579644616446-menu-200x200.jpg 200w, https:\/\/sotooutdoors.eu\/wp-content\/uploads\/2021\/03\/201906_rotbrett_FK_0404-e1579644616446-menu.jpg 300w\" data-sizes=\"auto\" \/>\t\t\t<\/a>\n\t\t\t\t\t\t\t<\/div>\n<\/li>\n\t\t\t\n\t\t\t\n\t\t\t\t\t\t\t\t\t\t\t\t\t\t\t\t\t\t\t\t\t\t\t\t\t\t\t\t\t\t\t\t\t\t\t\t\t\t\t\t\t\t\t\t\t\t\t\t\t\t\t\t\t\t\t\t\t\t\t\t\t\t\t\t\t\t\t\t<\/ul>\n\t<\/div>\n\t<div class=\"fusion-post-content-wrapper\" style=\"padding:30px 25px 20px 25px;\"><div class=\"fusion-post-content post-content\"><h2 class=\"blog-shortcode-post-title entry-title\">Roger Sch\u00e4li &#8211; alpiniste, grimpeur<\/h2><\/div><\/div><div class=\"fusion-clearfix\"><\/div><\/div>\n<\/article>\n<article id=\"blog-1-post-23902\" class=\"fusion-post-grid post-23902 post type-post status-publish format-standard has-post-thumbnail hentry category-les-athletes\">\n<div class=\"fusion-post-wrapper\" style=\"background-color:rgba(255,255,255,0);border:1px solid #eeeeee;border-bottom-width:3px;\">\n\n\t\t\t<div class=\"fusion-flexslider flexslider fusion-flexslider-loading fusion-post-slideshow\" style=\"border-color:#eeeeee;\">\n\t\t<ul class=\"slides\">\n\t\t\t\n\t\t\t\t\t\t\t\t\t\t\t\t\t\t<li><div  class=\"fusion-image-wrapper\" aria-haspopup=\"true\">\n\t\t\t\t\t\t\t<a href=\"https:\/\/sotooutdoors.eu\/fr\/alix-von-melle-alpiniste-de-haute-altitude\/\" aria-label=\"Alix von Melle &#8211; alpiniste de haute altitude\">\n\t\t\t\t\t\t\t<img decoding=\"async\" width=\"300\" height=\"300\" src=\"https:\/\/sotooutdoors.eu\/wp-content\/uploads\/2020\/02\/Alix-von-Melle-300-300.jpg\" class=\"attachment-full size-full lazyload wp-post-image\" alt=\"Athl\u00e8te Soto Alix von Melle\" srcset=\"data:image\/svg+xml,%3Csvg%20xmlns%3D%27http%3A%2F%2Fwww.w3.org%2F2000%2Fsvg%27%20width%3D%27300%27%20height%3D%27300%27%20viewBox%3D%270%200%20300%20300%27%3E%3Crect%20width%3D%27300%27%20height%3D%27300%27%20fill-opacity%3D%220%22%2F%3E%3C%2Fsvg%3E\" data-orig-src=\"https:\/\/sotooutdoors.eu\/wp-content\/uploads\/2020\/02\/Alix-von-Melle-300-300.jpg\" data-srcset=\"https:\/\/sotooutdoors.eu\/wp-content\/uploads\/2020\/02\/Alix-von-Melle-300-300-200x200.jpg 200w, https:\/\/sotooutdoors.eu\/wp-content\/uploads\/2020\/02\/Alix-von-Melle-300-300.jpg 300w\" data-sizes=\"auto\" \/>\t\t\t<\/a>\n\t\t\t\t\t\t\t<\/div>\n<\/li>\n\t\t\t\n\t\t\t\n\t\t\t\t\t\t\t\t\t\t\t\t\t\t\t\t\t\t\t\t\t\t\t\t\t\t\t\t\t\t\t\t\t\t\t\t\t\t\t\t\t\t\t\t\t\t\t\t\t\t\t\t\t\t\t\t\t\t\t\t\t\t\t\t\t\t\t\t<\/ul>\n\t<\/div>\n\t<div class=\"fusion-post-content-wrapper\" style=\"padding:30px 25px 20px 25px;\"><div class=\"fusion-post-content post-content\"><h2 class=\"blog-shortcode-post-title entry-title\">Alix von Melle &#8211; alpiniste de haute altitude<\/h2><\/div><\/div><div class=\"fusion-clearfix\"><\/div><\/div>\n<\/article>\n<article id=\"blog-1-post-23549\" class=\"fusion-post-grid post-23549 post type-post status-publish format-standard has-post-thumbnail hentry category-les-athletes\">\n<div class=\"fusion-post-wrapper\" style=\"background-color:rgba(255,255,255,0);border:1px solid #eeeeee;border-bottom-width:3px;\">\n\n\t\t\t<div class=\"fusion-flexslider flexslider fusion-flexslider-loading fusion-post-slideshow\" style=\"border-color:#eeeeee;\">\n\t\t<ul class=\"slides\">\n\t\t\t\n\t\t\t\t\t\t\t\t\t\t\t\t\t\t<li><div  class=\"fusion-image-wrapper\" aria-haspopup=\"true\">\n\t\t\t\t\t\t\t<a href=\"https:\/\/sotooutdoors.eu\/fr\/georg-pollinger-aventurier\/\" aria-label=\"Georg Pollinger &#8211; aventurier\">\n\t\t\t\t\t\t\t<img decoding=\"async\" width=\"300\" height=\"300\" src=\"https:\/\/sotooutdoors.eu\/wp-content\/uploads\/2020\/02\/Georg-Pollinger.jpg\" class=\"attachment-full size-full lazyload wp-post-image\" alt=\"L&#039;athl\u00e8te SOTO Georg Polliger en action\" srcset=\"data:image\/svg+xml,%3Csvg%20xmlns%3D%27http%3A%2F%2Fwww.w3.org%2F2000%2Fsvg%27%20width%3D%27300%27%20height%3D%27300%27%20viewBox%3D%270%200%20300%20300%27%3E%3Crect%20width%3D%27300%27%20height%3D%27300%27%20fill-opacity%3D%220%22%2F%3E%3C%2Fsvg%3E\" data-orig-src=\"https:\/\/sotooutdoors.eu\/wp-content\/uploads\/2020\/02\/Georg-Pollinger.jpg\" data-srcset=\"https:\/\/sotooutdoors.eu\/wp-content\/uploads\/2020\/02\/Georg-Pollinger-200x200.jpg 200w, https:\/\/sotooutdoors.eu\/wp-content\/uploads\/2020\/02\/Georg-Pollinger.jpg 300w\" data-sizes=\"auto\" \/>\t\t\t<\/a>\n\t\t\t\t\t\t\t<\/div>\n<\/li>\n\t\t\t\n\t\t\t\n\t\t\t\t\t\t\t\t\t\t\t\t\t\t\t\t\t\t\t\t\t\t\t\t\t\t\t\t\t\t\t\t\t\t\t\t\t\t\t\t\t\t\t\t\t\t\t\t\t\t\t\t\t\t\t\t\t\t\t\t\t\t\t\t\t\t\t\t<\/ul>\n\t<\/div>\n\t<div class=\"fusion-post-content-wrapper\" style=\"padding:30px 25px 20px 25px;\"><div class=\"fusion-post-content post-content\"><h2 class=\"blog-shortcode-post-title entry-title\">Georg Pollinger &#8211; aventurier<\/h2><\/div><\/div><div class=\"fusion-clearfix\"><\/div><\/div>\n<\/article>\n<div class=\"fusion-clearfix\"><\/div><\/div><\/div><div class=\"fusion-clearfix\"><\/div><\/div><\/div><\/div><\/div><div class=\"fusion-fullwidth fullwidth-box fusion-builder-row-2 fusion-flex-container nonhundred-percent-fullwidth non-hundred-percent-height-scrolling\" style=\"--awb-border-radius-top-left:0px;--awb-border-radius-top-right:0px;--awb-border-radius-bottom-right:0px;--awb-border-radius-bottom-left:0px;--awb-flex-wrap:wrap;\" ><div class=\"fusion-builder-row fusion-row fusion-flex-align-items-flex-start fusion-flex-content-wrap\" style=\"max-width:1216.8px;margin-left: calc(-4% \/ 2 );margin-right: calc(-4% \/ 2 );\"><div class=\"fusion-layout-column fusion_builder_column fusion-builder-column-1 fusion_builder_column_1_1 1_1 fusion-flex-column\" style=\"--awb-bg-size:cover;--awb-width-large:100%;--awb-margin-top-large:15px;--awb-spacing-right-large:1.92%;--awb-margin-bottom-large:15px;--awb-spacing-left-large:1.92%;--awb-width-medium:100%;--awb-spacing-right-medium:1.92%;--awb-spacing-left-medium:1.92%;--awb-width-small:100%;--awb-spacing-right-small:1.92%;--awb-spacing-left-small:1.92%;\"><div class=\"fusion-column-wrapper fusion-column-has-shadow fusion-flex-justify-content-flex-start fusion-content-layout-column\"><div class=\"fusion-text fusion-text-2\"><h2 style=\"text-align: center\" data-fontsize=\"38\" data-lineheight=\"47\">Aventure<\/h2>\n<\/div><div class=\"fusion-separator fusion-full-width-sep\" style=\"align-self: center;margin-left: auto;margin-right: auto;margin-top:50px;width:100%;\"><\/div><div class=\"fusion-blog-shortcode fusion-blog-shortcode-2 fusion-blog-archive fusion-blog-layout-grid-wrapper fusion-blog-infinite fusion-blog-layout-center\"><style type=\"text\/css\">.fusion-blog-shortcode-2 .fusion-blog-layout-grid .fusion-post-grid{padding:15px;}.fusion-blog-shortcode-2 .fusion-posts-container{margin-left: -15px !important; margin-right:-15px !important;}<\/style><div class=\"fusion-posts-container fusion-posts-container-infinite fusion-no-meta-info fusion-blog-layout-grid fusion-blog-layout-grid-2 isotope fusion-blog-equal-heights\" data-pages=\"1\" data-grid-col-space=\"30\" style=\"margin: -15px -15px 0;min-height:500px;\"><article id=\"blog-2-post-24991\" class=\"fusion-post-grid post-24991 post type-post status-publish format-standard has-post-thumbnail hentry category-aventure\">\n<div class=\"fusion-post-wrapper\" style=\"background-color:rgba(255,255,255,0);border:1px solid #eeeeee;border-bottom-width:3px;\">\n\n\t\t\t<div class=\"fusion-flexslider flexslider fusion-flexslider-loading fusion-post-slideshow\" style=\"border-color:#eeeeee;\">\n\t\t<ul class=\"slides\">\n\t\t\t\n\t\t\t\t\t\t\t\t\t\t\t\t\t\t<li><div  class=\"fusion-image-wrapper\" aria-haspopup=\"true\">\n\t\t\t\t\t\t\t<a href=\"https:\/\/sotooutdoors.eu\/fr\/new-river-expedition\/\" aria-label=\"New River Expedition\">\n\t\t\t\t\t\t\t<img decoding=\"async\" width=\"1200\" height=\"800\" src=\"https:\/\/sotooutdoors.eu\/wp-content\/uploads\/2020\/02\/NR2FP-30.jpg\" class=\"attachment-full size-full lazyload wp-post-image\" alt=\"Exp\u00e9dition de la rivi\u00e8re New River au pic de la F\u00e9d\u00e9ration - lutter contre la rivi\u00e8re\" srcset=\"data:image\/svg+xml,%3Csvg%20xmlns%3D%27http%3A%2F%2Fwww.w3.org%2F2000%2Fsvg%27%20width%3D%271200%27%20height%3D%27800%27%20viewBox%3D%270%200%201200%20800%27%3E%3Crect%20width%3D%271200%27%20height%3D%27800%27%20fill-opacity%3D%220%22%2F%3E%3C%2Fsvg%3E\" data-orig-src=\"https:\/\/sotooutdoors.eu\/wp-content\/uploads\/2020\/02\/NR2FP-30.jpg\" data-srcset=\"https:\/\/sotooutdoors.eu\/wp-content\/uploads\/2020\/02\/NR2FP-30-200x133.jpg 200w, https:\/\/sotooutdoors.eu\/wp-content\/uploads\/2020\/02\/NR2FP-30-400x267.jpg 400w, https:\/\/sotooutdoors.eu\/wp-content\/uploads\/2020\/02\/NR2FP-30-600x400.jpg 600w, https:\/\/sotooutdoors.eu\/wp-content\/uploads\/2020\/02\/NR2FP-30-800x533.jpg 800w, https:\/\/sotooutdoors.eu\/wp-content\/uploads\/2020\/02\/NR2FP-30.jpg 1200w\" data-sizes=\"auto\" \/>\t\t\t<\/a>\n\t\t\t\t\t\t\t<\/div>\n<\/li>\n\t\t\t\n\t\t\t\n\t\t\t\t\t\t\t\t\t\t\t\t\t\t\t\t\t\t\t\t\t\t\t\t\t\t\t\t\t\t\t\t\t\t\t\t\t\t\t\t\t\t\t\t\t\t\t\t\t\t\t\t\t\t\t\t\t\t\t\t\t\t\t\t\t\t\t\t<\/ul>\n\t<\/div>\n\t<div class=\"fusion-post-content-wrapper\" style=\"padding:30px 25px 20px 25px;\"><div class=\"fusion-post-content post-content\"><h2 class=\"blog-shortcode-post-title entry-title\">New River Expedition<\/h2><\/div><\/div><div class=\"fusion-clearfix\"><\/div><\/div>\n<\/article>\n<div class=\"fusion-clearfix\"><\/div><\/div><\/div><\/div><\/div><\/div><\/div><\/p>\n","protected":false},"excerpt":{"rendered":"","protected":false},"author":4,"featured_media":0,"parent":23226,"menu_order":0,"comment_status":"closed","ping_status":"closed","template":"","meta":{"footnotes":""},"class_list":["post-23274","page","type-page","status-publish","hentry"],"_links":{"self":[{"href":"https:\/\/sotooutdoors.eu\/fr\/wp-json\/wp\/v2\/pages\/23274","targetHints":{"allow":["GET"]}}],"collection":[{"href":"https:\/\/sotooutdoors.eu\/fr\/wp-json\/wp\/v2\/pages"}],"about":[{"href":"https:\/\/sotooutdoors.eu\/fr\/wp-json\/wp\/v2\/types\/page"}],"author":[{"embeddable":true,"href":"https:\/\/sotooutdoors.eu\/fr\/wp-json\/wp\/v2\/users\/4"}],"replies":[{"embeddable":true,"href":"https:\/\/sotooutdoors.eu\/fr\/wp-json\/wp\/v2\/comments?post=23274"}],"version-history":[{"count":20,"href":"https:\/\/sotooutdoors.eu\/fr\/wp-json\/wp\/v2\/pages\/23274\/revisions"}],"predecessor-version":[{"id":26118,"href":"https:\/\/sotooutdoors.eu\/fr\/wp-json\/wp\/v2\/pages\/23274\/revisions\/26118"}],"up":[{"embeddable":true,"href":"https:\/\/sotooutdoors.eu\/fr\/wp-json\/wp\/v2\/pages\/23226"}],"wp:attachment":[{"href":"https:\/\/sotooutdoors.eu\/fr\/wp-json\/wp\/v2\/media?parent=23274"}],"curies":[{"name":"wp","href":"https:\/\/api.w.org\/{rel}","templated":true}]}}