{"id":25123,"date":"2020-02-08T23:17:25","date_gmt":"2020-02-08T22:17:25","guid":{"rendered":"https:\/\/sotooutdoors.eu\/imprimer\/"},"modified":"2025-04-03T16:25:13","modified_gmt":"2025-04-03T15:25:13","slug":"empreinte","status":"publish","type":"page","link":"https:\/\/sotooutdoors.eu\/fr\/empreinte\/","title":{"rendered":"Mentions l\u00e9gales"},"content":{"rendered":"<div class=\"fusion-fullwidth fullwidth-box fusion-builder-row-1 nonhundred-percent-fullwidth non-hundred-percent-height-scrolling\" style=\"--awb-border-radius-top-left:0px;--awb-border-radius-top-right:0px;--awb-border-radius-bottom-right:0px;--awb-border-radius-bottom-left:0px;--awb-flex-wrap:wrap;\" ><div class=\"fusion-builder-row fusion-row\"><div class=\"fusion-layout-column fusion_builder_column fusion-builder-column-0 fusion_builder_column_1_1 1_1 fusion-one-full fusion-column-first fusion-column-last\" style=\"--awb-bg-size:cover;\"><div class=\"fusion-column-wrapper fusion-column-has-shadow fusion-flex-column-wrapper-legacy\"><div class=\"fusion-text fusion-text-1\"><p>brand outdoor GmbH<br \/>\nHornstein 7<br \/>\n82544 Egling<br \/>\nAllemagne<\/p>\n<p>Directeur g\u00e9n\u00e9ral : Christoph Michel<\/p>\n<p>T\u00e9l\u00e9phone : +49 (0) 157 51 51 14 16<br \/>\nEmail: cm@brandoutdoor.de<br \/>\nWeb: <a href=\"http:\/\/brandoutdoor.de\/\" target=\"_blank\" rel=\"noopener\">brandoutdoor.de<\/a><\/p>\n<p>N\u00b0 de TVA : DE255166577<br \/>\nTribunal de district : Munich<br \/>\nNum\u00e9ro de registre du commerce : 246569<\/p>\n<p>Responsable selon \u00a7 55 Abs. 2 RStV : Christoph Michel, Hornstein 7, 82544 Egling, Allemagne<\/p>\n<p><strong>R\u00e8glement des diff\u00e9rends<\/strong><\/p>\n<p>R\u00e8glement des litiges en ligne conform\u00e9ment \u00e0 l&rsquo;article 14, al. 1 ODR-VO : La Commission europ\u00e9enne met \u00e0 disposition une plateforme de r\u00e8glement des litiges en ligne (OS), que vous pouvez trouver sous<a href=\"https:\/\/ec.europa.eu\/consumers\/odr\/\" target=\"_blank\" rel=\"noopener noreferrer\"> https:\/\/ec.europa.eu\/consumers\/odr\/<\/a> Trouver. Nous nous effor\u00e7ons toujours de r\u00e9soudre d&rsquo;un commun accord les divergences avec le client en ce qui concerne les contrats existants. Cependant, nous tenons \u00e0 souligner que nous ne sommes pas oblig\u00e9s de participer \u00e0 une proc\u00e9dure d&rsquo;arbitrage de consommation (selon VSBG) et que nous n&rsquo;offrons malheureusement pas \u00e0 nos clients la participation \u00e0 une telle proc\u00e9dure.<\/p>\n<p><strong>Responsabilit\u00e9 pour le contenu<\/strong><\/p>\n<p>En tant que prestataire de services, nous sommes conform\u00e9ment \u00e0 l&rsquo;article 7 (1) TMG est responsable de son propre contenu sur ces pages conform\u00e9ment au droit g\u00e9n\u00e9ral. Conform\u00e9ment aux \u00a7\u00a7 8 \u00e0 10 TMG, en tant que prestataire de services, nous ne sommes pas tenus de surveiller les informations de tiers transmises ou stock\u00e9es ou d&rsquo;enqu\u00eater sur les circonstances indiquant une activit\u00e9 ill\u00e9gale.<\/p>\n<p>Les obligations de supprimer ou de bloquer l&rsquo;utilisation des informations conform\u00e9ment aux lois g\u00e9n\u00e9rales restent inchang\u00e9es. La responsabilit\u00e9 \u00e0 cet \u00e9gard n&rsquo;est possible qu&rsquo;\u00e0 partir du moment o\u00f9 nous avons connaissance d&rsquo;une violation l\u00e9gale sp\u00e9cifique. D\u00e8s que nous aurons connaissance de telles violations l\u00e9gales, nous supprimerons ce contenu imm\u00e9diatement.<\/p>\n<p><strong>Responsabilit\u00e9 pour les liens<\/strong><\/p>\n<p>Notre offre contient des liens vers des sites Web externes de tiers sur le contenu desquels nous n&rsquo;avons aucune influence. Par cons\u00e9quent, nous ne pouvons accepter aucune responsabilit\u00e9 pour ce contenu tiers. Le fournisseur ou l&rsquo;exploitant respectif des pages est toujours responsable du contenu des pages li\u00e9es. Les pages li\u00e9es ont \u00e9t\u00e9 v\u00e9rifi\u00e9es pour d&rsquo;\u00e9ventuelles violations de la loi au moment o\u00f9 elles ont \u00e9t\u00e9 li\u00e9es. Aucun contenu ill\u00e9gal n&rsquo;a \u00e9t\u00e9 trouv\u00e9 au moment de la mise en lien.<\/p>\n<p>Une surveillance permanente du contenu des pages li\u00e9es n&rsquo;est pas raisonnable sans preuve concr\u00e8te d&rsquo;une violation de la loi. D\u00e8s que nous aurons connaissance de violations de la loi, nous supprimerons imm\u00e9diatement ces liens.<\/p>\n<p><strong>Droits d&rsquo;auteur<\/strong><\/p>\n<p>Le contenu et les \u0153uvres de ces pages cr\u00e9\u00e9es par l&rsquo;exploitant du site Web sont soumis \u00e0 la loi allemande sur le droit d&rsquo;auteur. La duplication, le traitement, la distribution et tout type d&rsquo;exploitation en dehors des limites du droit d&rsquo;auteur n\u00e9cessitent le consentement \u00e9crit de l&rsquo;auteur ou du cr\u00e9ateur respectif. Les t\u00e9l\u00e9chargements et les copies de ce site Web ne sont autoris\u00e9s que pour un usage priv\u00e9 et non commercial.<\/p>\n<p>Dans la mesure o\u00f9 le contenu de ce site n&rsquo;a pas \u00e9t\u00e9 cr\u00e9\u00e9 par l&rsquo;exploitant, les droits d&rsquo;auteur de tiers sont respect\u00e9s. En particulier, les contenus de tiers sont marqu\u00e9s comme tels. Si vous deviez n\u00e9anmoins prendre connaissance d&rsquo;une violation du droit d&rsquo;auteur, nous vous demandons de nous en informer en cons\u00e9quence. D\u00e8s que nous aurons connaissance de violations de la loi, nous supprimerons imm\u00e9diatement ce contenu.<\/p>\n<\/div><div class=\"fusion-clearfix\"><\/div><\/div><\/div><\/div><\/div>\n","protected":false},"excerpt":{"rendered":"","protected":false},"author":4,"featured_media":0,"parent":0,"menu_order":0,"comment_status":"closed","ping_status":"closed","template":"","meta":{"footnotes":""},"class_list":["post-25123","page","type-page","status-publish","hentry"],"_links":{"self":[{"href":"https:\/\/sotooutdoors.eu\/fr\/wp-json\/wp\/v2\/pages\/25123","targetHints":{"allow":["GET"]}}],"collection":[{"href":"https:\/\/sotooutdoors.eu\/fr\/wp-json\/wp\/v2\/pages"}],"about":[{"href":"https:\/\/sotooutdoors.eu\/fr\/wp-json\/wp\/v2\/types\/page"}],"author":[{"embeddable":true,"href":"https:\/\/sotooutdoors.eu\/fr\/wp-json\/wp\/v2\/users\/4"}],"replies":[{"embeddable":true,"href":"https:\/\/sotooutdoors.eu\/fr\/wp-json\/wp\/v2\/comments?post=25123"}],"version-history":[{"count":18,"href":"https:\/\/sotooutdoors.eu\/fr\/wp-json\/wp\/v2\/pages\/25123\/revisions"}],"predecessor-version":[{"id":27490,"href":"https:\/\/sotooutdoors.eu\/fr\/wp-json\/wp\/v2\/pages\/25123\/revisions\/27490"}],"wp:attachment":[{"href":"https:\/\/sotooutdoors.eu\/fr\/wp-json\/wp\/v2\/media?parent=25123"}],"curies":[{"name":"wp","href":"https:\/\/api.w.org\/{rel}","templated":true}]}}