{"id":26176,"date":"2022-01-17T16:44:02","date_gmt":"2022-01-17T15:44:02","guid":{"rendered":"https:\/\/sotooutdoors.eu\/declaration-de-confidentialite\/"},"modified":"2022-03-11T07:57:18","modified_gmt":"2022-03-11T06:57:18","slug":"declaration-de-confidentialite-des-donnes","status":"publish","type":"page","link":"https:\/\/sotooutdoors.eu\/fr\/declaration-de-confidentialite-des-donnes\/","title":{"rendered":"D\u00e9claration de protection de donn\u00e9es"},"content":{"rendered":"<div class=\"fusion-fullwidth fullwidth-box fusion-builder-row-1 fusion-flex-container nonhundred-percent-fullwidth non-hundred-percent-height-scrolling\" style=\"--awb-border-radius-top-left:0px;--awb-border-radius-top-right:0px;--awb-border-radius-bottom-right:0px;--awb-border-radius-bottom-left:0px;--awb-flex-wrap:wrap;\" ><div class=\"fusion-builder-row fusion-row fusion-flex-align-items-flex-start fusion-flex-content-wrap\" style=\"max-width:1216.8px;margin-left: calc(-4% \/ 2 );margin-right: calc(-4% \/ 2 );\"><div class=\"fusion-layout-column fusion_builder_column fusion-builder-column-0 fusion_builder_column_1_1 1_1 fusion-flex-column\" style=\"--awb-bg-size:cover;--awb-width-large:100%;--awb-margin-top-large:15px;--awb-spacing-right-large:1.92%;--awb-margin-bottom-large:15px;--awb-spacing-left-large:1.92%;--awb-width-medium:100%;--awb-order-medium:0;--awb-spacing-right-medium:1.92%;--awb-spacing-left-medium:1.92%;--awb-width-small:100%;--awb-order-small:0;--awb-spacing-right-small:1.92%;--awb-spacing-left-small:1.92%;\"><div class=\"fusion-column-wrapper fusion-column-has-shadow fusion-flex-justify-content-flex-start fusion-content-layout-column\"><div class=\"fusion-text fusion-text-1\" style=\"--awb-text-transform:none;\"><p>Merci de l&rsquo;int\u00e9r\u00eat que vous portez \u00e0 notre site Internet http:\/\/www.sotooutdoors.eu (ci-apr\u00e8s \u00ab\u00a0Site Internet\u00a0\u00bb). La protection de votre vie priv\u00e9e nous tient \u00e0 coeur. Dans les lignes qui suivent, nous vous informerons sur la mani\u00e8re dont nous traitons vos donn\u00e9es.<\/p>\n<p>Le site web est exploit\u00e9 par BrandOutdoor GmbH (ci-apr\u00e8s d\u00e9nomm\u00e9 \u00ab\u00a0BrandOutdoor\u00a0\u00bb ou \u00ab\u00a0Nous\u00a0\u00bb ou \u00ab\u00a0Nous\u00a0\u00bb, voir les <a href=\"https:\/\/sotooutdoors.eu\/fr\/empreinte\/\">mentions<\/a> l\u00e9gales pour les coordonn\u00e9es).<\/p>\n<p>Cette d\u00e9claration de confidentialit\u00e9 d\u00e9finit la mani\u00e8re dont nous collectons, utilisons, stockons et partageons vos informations personnelles. Nous pouvons modifier cette politique de temps \u00e0 autre tout en publiant les modifications sur notre site Web. Nous vous encourageons \u00e0 visiter notre site Web pour consulter la politique de confidentialit\u00e9 avant de nous fournir vos informations personnelles afin que vous puissiez conna\u00eetre notre politique de confidentialit\u00e9 actuelle.<\/p>\n<p><strong>Collecte, traitement et utilisation de vos donn\u00e9es<\/strong><\/p>\n<p>Vous pouvez visiter nos sites Web sans fournir de donn\u00e9es personnelles. Nous stockons uniquement les donn\u00e9es d&rsquo;utilisation dans nos fichiers journaux de serveur, telles que le nom du fichier demand\u00e9, la date et l&rsquo;heure de la r\u00e9cup\u00e9ration, la quantit\u00e9 de donn\u00e9es transf\u00e9r\u00e9es et l&rsquo;adresse IP qui vous a \u00e9t\u00e9 attribu\u00e9e par votre fournisseur d&rsquo;acc\u00e8s Internet. Ces donn\u00e9es sont \u00e9valu\u00e9es exclusivement pour assurer le bon fonctionnement de notre site Web (par exemple pour d\u00e9tecter les tentatives de hacking) et pour am\u00e9liorer notre offre. Ce traitement est effectu\u00e9 conform\u00e9ment \u00e0 l&rsquo;article 6, paragraphe 1, lettre f du RGPD sur la base de notre int\u00e9r\u00eat l\u00e9gitime \u00e0 am\u00e9liorer la stabilit\u00e9 et la fonctionnalit\u00e9 de notre site Web et de notre pr\u00e9sence sur Internet.<\/p>\n<p>Si vous nous envoyez une demande via le formulaire de contact, vos coordonn\u00e9es du formulaire de contact, y compris les coordonn\u00e9es que vous y avez fournies, seront trait\u00e9es et utilis\u00e9es dans le but de traiter votre demande. Ces donn\u00e9es ne sont pas transmises \u00e0 des tiers. La base juridique du traitement des donn\u00e9es est notre int\u00e9r\u00eat l\u00e9gitime \u00e0 r\u00e9pondre \u00e0 votre demande conform\u00e9ment \u00e0 l&rsquo;article 6, paragraphe 1, lettre f du r\u00e8glement g\u00e9n\u00e9ral sur la protection des donn\u00e9es. Une fois votre demande enti\u00e8rement trait\u00e9e, vos donn\u00e9es seront totalement supprim\u00e9es. C&rsquo;est le cas si les circonstances indiquent que l&rsquo;affaire ou votre demande a \u00e9t\u00e9 assez clarifi\u00e9e et qu&rsquo;il n&rsquo;y a pas de d\u00e9lais de conservation l\u00e9gaux qui emp\u00eacheraient la suppression.<\/p>\n<p><strong>Politique relative aux cookies<\/strong><\/p>\n<p>Afin de rendre la visite de notre site Web attrayante et efficace et de permettre l&rsquo;utilisation de certaines fonctions, nous utilisons ce que l&rsquo;on appelle des cookies sur ce site Web. Un \u00ab\u00a0cookie\u00a0\u00bb est une petite quantit\u00e9 de donn\u00e9es qui est envoy\u00e9e \u00e0 votre navigateur \u00e0 partir d&rsquo;un serveur Web et stock\u00e9e sur le disque dur de votre ordinateur. Certains des cookies que nous utilisons sont supprim\u00e9s apr\u00e8s la fin de la session du navigateur, c&rsquo;est-\u00e0-dire apr\u00e8s la fermeture de votre navigateur (cookies de session). D&rsquo;autres cookies restent sur votre ordinateur ou appareil et nous permettent de reconna\u00eetre votre navigateur lors de votre prochaine visite (cookies permanents).<\/p>\n<p>Les cookies peuvent \u00eatre d\u00e9finis par le site Web (\u00ab\u00a0cookies propri\u00e9taires\u00a0\u00bb) ou par des tiers, par ex. par ceux qui fournissent du contenu sur le site Web ou qui fournissent des services d&rsquo;analyse (\u00ab\u00a0Third Party Cookies\u00a0\u00bb). Ces tiers peuvent vous reconna\u00eetre lorsque vous visitez notre site Web et \u00e9galement lorsque vous visitez certains autres sites Web.<\/p>\n<p>D&rsquo;autres technologies de suivi fonctionnent de la m\u00eame mani\u00e8re que les cookies et placent une petite quantit\u00e9 de donn\u00e9es sur vos appareils pour surveiller l&rsquo;activit\u00e9 de notre site Web et nous permettre de collecter des informations sur la fa\u00e7on dont vous utilisez notre site Web et nos services.<\/p>\n<p>Nous stockons des cookies sur la base de l&rsquo;autorisation l\u00e9gale mentionn\u00e9e \u00e0 l&rsquo;article 6, paragraphe 1, lettre f du r\u00e8glement g\u00e9n\u00e9ral de l&rsquo;UE sur la protection des donn\u00e9es (RGPD). Ce r\u00e8glement autorise le traitement des donn\u00e9es (en l&rsquo;occurrence l&rsquo;utilisation de cookies) si cela est n\u00e9cessaire pour prot\u00e9ger les int\u00e9r\u00eats l\u00e9gitimes du responsable et n&rsquo;entre pas en conflit avec les int\u00e9r\u00eats sup\u00e9rieurs et les droits fondamentaux de la personne concern\u00e9e. Dans ce cas, il existe un int\u00e9r\u00eat \u00e9conomique l\u00e9gitime \u00e0 rendre le site Web attrayant et efficace et \u00e0 permettre l&rsquo;utilisation de certaines fonctions.<\/p>\n<p>La plupart des navigateurs Internet vous permettent d&rsquo;effacer les cookies du disque dur de votre ordinateur, de bloquer tous les cookies ou de recevoir un avertissement avant qu&rsquo;un cookie ne soit stock\u00e9 sur votre ordinateur. Veuillez suivre les instructions de votre navigateur. Veuillez noter que certaines zones ou fonctions du site Web peuvent ne pas \u00eatre accessibles si votre navigateur n&rsquo;accepte pas les cookies.<\/p>\n<p><strong>S\u00e9curit\u00e9 des donn\u00e9es<\/strong><\/p>\n<p>Toutes les donn\u00e9es sont crypt\u00e9es lors de leur transmission sur Internet \u00e0 l&rsquo;aide d&rsquo;une proc\u00e9dure SSL (Secure Socket Layer). Nous s\u00e9curisons notre site Web et d&rsquo;autres syst\u00e8mes par des mesures techniques et organisationnelles contre la perte, la destruction, l&rsquo;acc\u00e8s, la modification ou la divulgation de donn\u00e9es par des personnes non autoris\u00e9es.<\/p>\n<p><strong>Liens vers d&rsquo;autres sites<\/strong><\/p>\n<p>Ce site Web contient des liens vers d&rsquo;autres sites Web qui ne sont pas exploit\u00e9s par nous. BrandOutdoor n&rsquo;est pas responsable des pratiques de confidentialit\u00e9 ou du contenu des sites Web autres que BrandOutdoor auxquels nous sommes li\u00e9s \u00e0 partir du site Web. Nous ne sommes pas responsables de la protection et de la confidentialit\u00e9 des informations que vous fournissez lors de la visite d&rsquo;autres sites Web et de sites Web qui ne sont pas r\u00e9gis par notre politique de confidentialit\u00e9. Nous ne pouvons pas contr\u00f4ler le contenu ou la s\u00e9curit\u00e9 de ces sites Web. Nous ne pouvons \u00eatre tenus responsables de toute perte ou dommage subi par tout utilisateur \u00e0 la suite de la visite de ces sites Web. Les liens ne sont pas con\u00e7us comme une approbation de notre part de ces autres sites et ne doivent pas \u00eatre interpr\u00e9t\u00e9s comme tels.<\/p>\n<p><strong>L&rsquo;utilisation de vid\u00e9os<\/strong> (par exemple YouTube)<\/p>\n<p>Ce site Web utilise la fonction d&rsquo;int\u00e9gration de YouTube pour afficher et lire des vid\u00e9os du fournisseur \u00ab\u00a0Youtube\u00a0\u00bb. Lorsque la lecture des vid\u00e9os YouTube int\u00e9gr\u00e9es est lanc\u00e9e, le fournisseur \u00ab\u00a0Youtube\u00a0\u00bb peut utiliser des technologies pour collecter des informations sur le comportement de l&rsquo;utilisateur. Selon \u00ab\u00a0Youtube\u00a0\u00bb, ceux-ci sont utilis\u00e9s, entre autres, pour enregistrer des statistiques vid\u00e9o, am\u00e9liorer la convivialit\u00e9 et pr\u00e9venir les comportements abusifs.<\/p>\n<p><strong>Int\u00e9gration de Google Maps<\/strong><\/p>\n<p>Sur ce site Web, nous utilisons l&rsquo;offre de Google Maps. Cela nous permet de vous montrer des cartes interactives directement sur le site Web et de vous permettre d&rsquo;utiliser confortablement la fonction de carte.<\/p>\n<p>En visitant leur site Web, Google re\u00e7oit l&rsquo;information, entre autres, que vous avez acc\u00e9d\u00e9 \u00e0 la sous-page correspondante de notre site Web. Cela se produit ind\u00e9pendamment du fait que Google fournisse un compte utilisateur via lequel vous \u00eates connect\u00e9(e) ou qu&rsquo;il n&rsquo;y ait pas de compte utilisateur. Si vous \u00eates connect\u00e9(e) \u00e0 Google, vos donn\u00e9es peuvent \u00eatre directement attribu\u00e9es \u00e0 votre compte. Si vous ne souhaitez pas \u00eatre associ\u00e9(e) \u00e0 votre profil sur Google, vous devez vous d\u00e9connecter avant d&rsquo;utiliser la page \u00ab\u00a0Revendeur SOTO\u00a0\u00bb. Google enregistre vos donn\u00e9es en tant que profil d&rsquo;utilisation et les utilise pour la publicit\u00e9, les \u00e9tudes de march\u00e9 et\/ou la conception de son site Web en fonction des besoins. Une telle \u00e9valuation est effectu\u00e9e en particulier (\u00e9galement pour les utilisateurs qui ne sont pas connect\u00e9s) pour fournir une publicit\u00e9 adapt\u00e9e aux besoins et pour informer les autres utilisateurs du r\u00e9seau social de vos activit\u00e9s sur notre site Web. Vous avez le droit de vous opposer \u00e0 la cr\u00e9ation de ces profils d&rsquo;utilisateurs, mais vous devez contacter Google pour exercer ce droit.<\/p>\n<p><strong>Responsable de la confidentialit\u00e9 des donn\u00e9es<\/strong><\/p>\n<p>brand outdoor GmbH<br \/>\nGollierstrasse 70<br \/>\n80339 Munich<br \/>\nAllemagne<\/p>\n<p>Directeur g\u00e9n\u00e9ral : Christoph Michel<\/p>\n<p>T\u00e9l\u00e9phone : +49 (0) 157 51 51 14 16<br \/>\nE-mail: cm@brandoutdoor.de<\/p>\n<\/div><\/div><\/div><\/div><\/div>\n","protected":false},"excerpt":{"rendered":"","protected":false},"author":4,"featured_media":0,"parent":0,"menu_order":0,"comment_status":"closed","ping_status":"closed","template":"","meta":{"footnotes":""},"class_list":["post-26176","page","type-page","status-publish","hentry"],"_links":{"self":[{"href":"https:\/\/sotooutdoors.eu\/fr\/wp-json\/wp\/v2\/pages\/26176","targetHints":{"allow":["GET"]}}],"collection":[{"href":"https:\/\/sotooutdoors.eu\/fr\/wp-json\/wp\/v2\/pages"}],"about":[{"href":"https:\/\/sotooutdoors.eu\/fr\/wp-json\/wp\/v2\/types\/page"}],"author":[{"embeddable":true,"href":"https:\/\/sotooutdoors.eu\/fr\/wp-json\/wp\/v2\/users\/4"}],"replies":[{"embeddable":true,"href":"https:\/\/sotooutdoors.eu\/fr\/wp-json\/wp\/v2\/comments?post=26176"}],"version-history":[{"count":12,"href":"https:\/\/sotooutdoors.eu\/fr\/wp-json\/wp\/v2\/pages\/26176\/revisions"}],"predecessor-version":[{"id":26979,"href":"https:\/\/sotooutdoors.eu\/fr\/wp-json\/wp\/v2\/pages\/26176\/revisions\/26979"}],"wp:attachment":[{"href":"https:\/\/sotooutdoors.eu\/fr\/wp-json\/wp\/v2\/media?parent=26176"}],"curies":[{"name":"wp","href":"https:\/\/api.w.org\/{rel}","templated":true}]}}