{"id":23238,"date":"2020-01-25T01:00:22","date_gmt":"2021-06-02T20:59:21","guid":{"rendered":"https:\/\/sotooutdoors.eu\/produkt\/poignee-duo\/"},"modified":"2022-12-27T18:17:55","modified_gmt":"2022-12-27T17:17:55","slug":"duo-handle","status":"publish","type":"product","link":"https:\/\/sotooutdoors.eu\/fr\/produkt\/duo-handle\/","title":{"rendered":"Duo Handle"},"content":{"rendered":"<div class=\"fusion-fullwidth fullwidth-box fusion-builder-row-1 nonhundred-percent-fullwidth non-hundred-percent-height-scrolling\" style=\"--awb-border-radius-top-left:0px;--awb-border-radius-top-right:0px;--awb-border-radius-bottom-right:0px;--awb-border-radius-bottom-left:0px;--awb-flex-wrap:wrap;\" ><div class=\"fusion-builder-row fusion-row\"><div class=\"fusion-layout-column fusion_builder_column fusion-builder-column-0 fusion_builder_column_1_1 1_1 fusion-one-full fusion-column-first fusion-column-last\" style=\"--awb-bg-size:cover;\"><div class=\"fusion-column-wrapper fusion-column-has-shadow fusion-flex-column-wrapper-legacy\"><div class=\"fusion-text fusion-text-1\" style=\"--awb-text-transform:none;\"><p><strong>D\u00e9tails<\/strong><\/p>\n<ul>\n<li>Tr\u00e8s facile<\/li>\n<li>Robuste<\/li>\n<li>Op\u00e9ration la plus simple<\/li>\n<\/ul>\n<p><strong>Contenu du packaging<\/strong><\/p>\n<ul>\n<li>1 poign\u00e9e duo<\/li>\n<\/ul>\n<\/div><div class=\"fusion-clearfix\"><\/div><\/div><\/div><\/div><\/div>\n","protected":false},"excerpt":{"rendered":"<p>Une poign\u00e9e de casserole d&rsquo;un c\u00f4t\u00e9 et une pince de l&rsquo;autre : la Duo Handle a deux fonctions. La pince permet une pr\u00e9hension cibl\u00e9e dans les plats chauds ou dans l&rsquo;eau. Avec la poign\u00e9e du pot, vous avez les casseroles et les po\u00eales bien sous contr\u00f4le. Le ressort int\u00e9gr\u00e9 et la surface antid\u00e9rapante rendent la manipulation s\u00fbre et pratique.<\/p>\n","protected":false},"featured_media":23239,"template":"","meta":[],"product_brand":[],"product_cat":[229,225],"product_tag":[],"class_list":{"0":"post-23238","1":"product","2":"type-product","3":"status-publish","4":"has-post-thumbnail","6":"product_cat-accessoires","7":"product_cat-ustensiles-de-cuisine","9":"first","10":"instock","11":"shipping-taxable","12":"purchasable","13":"product-type-simple"},"_links":{"self":[{"href":"https:\/\/sotooutdoors.eu\/fr\/wp-json\/wp\/v2\/product\/23238","targetHints":{"allow":["GET"]}}],"collection":[{"href":"https:\/\/sotooutdoors.eu\/fr\/wp-json\/wp\/v2\/product"}],"about":[{"href":"https:\/\/sotooutdoors.eu\/fr\/wp-json\/wp\/v2\/types\/product"}],"wp:featuredmedia":[{"embeddable":true,"href":"https:\/\/sotooutdoors.eu\/fr\/wp-json\/wp\/v2\/media\/23239"}],"wp:attachment":[{"href":"https:\/\/sotooutdoors.eu\/fr\/wp-json\/wp\/v2\/media?parent=23238"}],"wp:term":[{"taxonomy":"product_brand","embeddable":true,"href":"https:\/\/sotooutdoors.eu\/fr\/wp-json\/wp\/v2\/product_brand?post=23238"},{"taxonomy":"product_cat","embeddable":true,"href":"https:\/\/sotooutdoors.eu\/fr\/wp-json\/wp\/v2\/product_cat?post=23238"},{"taxonomy":"product_tag","embeddable":true,"href":"https:\/\/sotooutdoors.eu\/fr\/wp-json\/wp\/v2\/product_tag?post=23238"}],"curies":[{"name":"wp","href":"https:\/\/api.w.org\/{rel}","templated":true}]}}