{"id":24252,"date":"2021-01-19T00:12:29","date_gmt":"2021-01-18T23:12:29","guid":{"rendered":"https:\/\/sotooutdoors.eu\/produkt\/brise-tempete\/"},"modified":"2022-05-10T09:20:54","modified_gmt":"2022-05-10T08:20:54","slug":"stormbreaker","status":"publish","type":"product","link":"https:\/\/sotooutdoors.eu\/fr\/produkt\/stormbreaker\/","title":{"rendered":"StormBreaker"},"content":{"rendered":"<div class=\"fusion-fullwidth fullwidth-box fusion-builder-row-1 fusion-flex-container nonhundred-percent-fullwidth non-hundred-percent-height-scrolling\" style=\"--awb-border-radius-top-left:0px;--awb-border-radius-top-right:0px;--awb-border-radius-bottom-right:0px;--awb-border-radius-bottom-left:0px;--awb-flex-wrap:wrap;\" ><div class=\"fusion-builder-row fusion-row fusion-flex-align-items-flex-start fusion-flex-content-wrap\" style=\"max-width:1216.8px;margin-left: calc(-4% \/ 2 );margin-right: calc(-4% \/ 2 );\"><div class=\"fusion-layout-column fusion_builder_column fusion-builder-column-0 fusion_builder_column_1_1 1_1 fusion-flex-column\" style=\"--awb-bg-size:cover;--awb-width-large:100%;--awb-margin-top-large:0px;--awb-spacing-right-large:1.92%;--awb-margin-bottom-large:0px;--awb-spacing-left-large:1.92%;--awb-width-medium:100%;--awb-spacing-right-medium:1.92%;--awb-spacing-left-medium:1.92%;--awb-width-small:100%;--awb-spacing-right-small:1.92%;--awb-spacing-left-small:1.92%;\"><div class=\"fusion-column-wrapper fusion-flex-justify-content-flex-start fusion-content-layout-column\"><div class=\"fusion-text fusion-text-1\"><p><strong>D\u00e9tails<\/strong><\/p>\n<ul>\n<li>Tr\u00e8s puissant avec plus de 300 microflammes (3487 W)<\/li>\n<li>Bordure m\u00e9tallique sur\u00e9lev\u00e9e afin de prot\u00e9ger le br\u00fbleur des vents traversiers<\/li>\n<li>Br\u00fble gr\u00e2ce \u00e0 la technologie<a href=\"https:\/\/sotooutdoors.eu\/fr\/produkt\/smart-pompe\/\">SmartPump<\/a> Contr\u00f4l\u00e9 d\u00e8s la premi\u00e8re seconde sans le pr\u00e9chauffage habituel incombant les r\u00e9chauds \u00e0 essence<\/li>\n<li>Aucun changement de buse n\u00e9cessaire lors du changement de carburant<\/li>\n<li>Pour l&rsquo;essence sans plomb ou l&rsquo;essence C (essence purifi\u00e9e)<\/li>\n<li>Consommation \u00e9conomique : rendement \u00e9nerg\u00e9tique \u00e9lev\u00e9 gr\u00e2ce \u00e0 la faible distance entre la batterie de cuisine et le br\u00fbleur<\/li>\n<li>Br\u00fble tr\u00e8s silencieusement<\/li>\n<li>Convient \u00e9galement pour les casseroles les plus lourdes<\/li>\n<li>Pompe de tr\u00e8s haute qualit\u00e9 et puissante avec affichage de la pression int\u00e9gr\u00e9 et interrupteur d&rsquo;arr\u00eat d&rsquo;urgence<\/li>\n<li>Petite taille d&#8217;emballage sans pi\u00e8ces saillantes<\/li>\n<li>Il peut \u00eatre compl\u00e8tement d\u00e9mont\u00e9 rapidement et facilement afin de remplacer les pi\u00e8ces de rechange<\/li>\n<li>Plusieurs fois r\u00e9compens\u00e9<\/li>\n<\/ul>\n<p><strong>Contenu du packaging<\/strong><\/p>\n<ul>\n<li>Cuisini\u00e8re avec tuyau de carburant robuste et flexible<\/li>\n<li>Pompe \u00e0 essence (<a href=\"https:\/\/sotooutdoors.eu\/fr\/produkt\/smart-pompe\/\">SOTO SmartPump<\/a> )<\/li>\n<li>Flacon \u00e0 col large de 700 ml (<a href=\"https:\/\/sotooutdoors.eu\/produkt\/20869\/\">SOTO Fuel Bottle<\/a> )<\/li>\n<li>Support pour cartouche de gaz<\/li>\n<li>R\u00e9flecteur de chaleur<\/li>\n<li>Kit de maintenance<\/li>\n<li>Sac d&#8217;emballage<\/li>\n<\/ul>\n<\/div><div class=\"fusion-image-carousel fusion-image-carousel-auto fusion-image-carousel-1 fusion-carousel-border\"><div class=\"awb-carousel awb-swiper awb-swiper-carousel awb-carousel--carousel awb-swiper-dots-position-bottom\" data-layout=\"carousel\" data-autoplay=\"no\" data-autoplayspeed=\"2500\" data-autoplaypause=\"no\" data-columns=\"5\" data-columnsmedium=\"1\" data-columnssmall=\"1\" data-itemmargin=\"13\" data-itemwidth=\"180\" data-touchscroll=\"no\" data-freemode=\"no\" data-imagesize=\"auto\" data-scrollitems=\"0\" data-centeredslides=\"no\" data-rotationangle=\"50\" data-depth=\"100\" data-speed=\"500\" data-shadow=\"no\" data-pagination=\"bullets\" style=\"--awb-border-width:1px;--awb-border-color:#e9eaee;\"><div class=\"swiper-wrapper awb-image-carousel-wrapper fusion-flex-align-items-center\"><div class=\"swiper-slide\"><div class=\"fusion-carousel-item-wrapper\"><div class=\"fusion-image-wrapper hover-type-none\"><a href=\"https:\/\/sotooutdoors.eu\/fr\/gagnant-du-prix-ispo-2019\/\" target=\"_self\"><img decoding=\"async\" width=\"593\" height=\"200\" src=\"https:\/\/sotooutdoors.eu\/wp-content\/uploads\/2021\/04\/2019-ISPO-award-stormbreaker.jpg\" class=\"attachment-full size-full lazyload\" alt=\"Prix ISPO 2019 - Stormbreaker\" srcset=\"data:image\/svg+xml,%3Csvg%20xmlns%3D%27http%3A%2F%2Fwww.w3.org%2F2000%2Fsvg%27%20width%3D%27593%27%20height%3D%27200%27%20viewBox%3D%270%200%20593%20200%27%3E%3Crect%20width%3D%27593%27%20height%3D%27200%27%20fill-opacity%3D%220%22%2F%3E%3C%2Fsvg%3E\" data-orig-src=\"https:\/\/sotooutdoors.eu\/wp-content\/uploads\/2021\/04\/2019-ISPO-award-stormbreaker.jpg\" data-srcset=\"https:\/\/sotooutdoors.eu\/wp-content\/uploads\/2021\/04\/2019-ISPO-award-stormbreaker-200x67.jpg 200w, https:\/\/sotooutdoors.eu\/wp-content\/uploads\/2021\/04\/2019-ISPO-award-stormbreaker-400x135.jpg 400w, https:\/\/sotooutdoors.eu\/wp-content\/uploads\/2021\/04\/2019-ISPO-award-stormbreaker.jpg 593w\" data-sizes=\"auto\" \/><\/a><\/div><\/div><\/div><div class=\"swiper-slide\"><div class=\"fusion-carousel-item-wrapper\"><div class=\"fusion-image-wrapper hover-type-none\"><a href=\"https:\/\/sotooutdoors.eu\/fr\/prix-du-choix-des-redacteurs-en-plein-air-2019\/\" target=\"_self\"><img decoding=\"async\" width=\"295\" height=\"200\" src=\"https:\/\/sotooutdoors.eu\/wp-content\/uploads\/2021\/04\/2019-editors-choice-award.jpg\" class=\"attachment-full size-full lazyload\" alt=\"outdoor Editors&#039; Choice Award 2019 pour le Stormbreaker de SOTO\" srcset=\"data:image\/svg+xml,%3Csvg%20xmlns%3D%27http%3A%2F%2Fwww.w3.org%2F2000%2Fsvg%27%20width%3D%27295%27%20height%3D%27200%27%20viewBox%3D%270%200%20295%20200%27%3E%3Crect%20width%3D%27295%27%20height%3D%27200%27%20fill-opacity%3D%220%22%2F%3E%3C%2Fsvg%3E\" data-orig-src=\"https:\/\/sotooutdoors.eu\/wp-content\/uploads\/2021\/04\/2019-editors-choice-award.jpg\" data-srcset=\"https:\/\/sotooutdoors.eu\/wp-content\/uploads\/2021\/04\/2019-editors-choice-award-200x136.jpg 200w, https:\/\/sotooutdoors.eu\/wp-content\/uploads\/2021\/04\/2019-editors-choice-award.jpg 295w\" data-sizes=\"auto\" \/><\/a><\/div><\/div><\/div><\/div><\/div><\/div><\/div><\/div><\/div><\/div>\n","protected":false},"excerpt":{"rendered":"<p><strong>Pour une cuisson lente \u00e0 feu doux jusqu&rsquo;\u00e0 une fonte des neiges puissante dans des conditions de temp\u00e9rature extr\u00eames<\/strong><\/p>\n<p>R\u00e9chaud innovant \u00e0 double combustible aliment\u00e9 par le<a href=\"https:\/\/sotooutdoors.eu\/produkt\/smart-pump\/\">SOTO SmartPump<\/a> Permet une cuisson imm\u00e9diate en mode essence sans pr\u00e9chauffage superflu, et fonctionne m\u00eame par grand froid, comme en haute altitude. Il peut \u00eatre r\u00e9gl\u00e9 avec sensibilit\u00e9 et br\u00fble avec une puissance \u00e9lev\u00e9e et constante. Changement rapide et facile entre le fonctionnement au gaz et \u00e0 l&rsquo;essence sans besoin de changer la buse. La conception concave et coupe-vent de la t\u00eate du br\u00fbleur est issue de la conception \u00e9prouv\u00e9e et r\u00e9compons\u00e9e<a href=\"https:\/\/sotooutdoors.eu\/produkt\/windmaster\/\">SOTO WindMaster<\/a>. Cela fait que le Stormbreaker demeure extr\u00eamement stable au vent, puissant et vous fait faire des \u00e9conomies.<\/p>\n<p>Le Stormbreaker a repris le principe du syst\u00e8me de la SmartPump introduit avec le r\u00e9chaud <a href=\"https:\/\/sotooutdoors.eu\/produkt\/muka\/\">SOTO MUKA<\/a> et permet en outre de fonctionner au gaz. Dans une conception r\u00e9sistante au vent, il combine les avantages d&rsquo;un r\u00e9chaud \u00e0 gaz autonome \u00e0 ceux d&rsquo;un r\u00e9chaud \u00e0 essence fonctionnant en toute s\u00e9curit\u00e9, proprement et silencieusement.<\/p>\n<p>Le fonctionnement et l&rsquo;entretien se font sans aucun probl\u00e8me : pas de l&rsquo;habituel pr\u00e9chauffage, pas de suie, pas de nettoyage. Le Stormbreaker br\u00fble si proprement en mode essence qu&rsquo;il ne reste pratiquement aucun r\u00e9sidu sous la casserole. Lorsqu&rsquo;il est \u00e9teint, il souffle sur la conduite d&rsquo;alimentation en essence et les buses, \u00e9vitant ainsi la salet\u00e9 et les r\u00e9sidus d&rsquo;essence malodorants sur le r\u00e9chaud. Comme il n&rsquo;a quasiment pas de phases de combustion incompl\u00e8te (reconnaissable \u00e0 la flamme jaune), il ne fait pas de la suie ni \u00e0 l&rsquo;int\u00e9rieur ni \u00e0 l&rsquo;ext\u00e9rieur, il n&rsquo;a donc pas besoin d&rsquo;\u00eatre entretenu aussi souvent que les autres r\u00e9chauds classiques.<\/p>\n<p>Le r\u00e9chaud est l\u00e9ger, peut \u00eatre utilis\u00e9 n&rsquo;importe o\u00f9 et n&rsquo;importe quand et reste stable sur n&rsquo;importe quelle surface. Facile \u00e0 utiliser et \u00e0 entretenir, et donc parfait pour tous ceux qui ont peu d&rsquo;exp\u00e9rience avec les r\u00e9chauds \u00e0 essence.<\/p>\n","protected":false},"featured_media":27390,"template":"","meta":[],"product_brand":[],"product_cat":[223],"product_tag":[],"class_list":{"0":"post-24252","1":"product","2":"type-product","3":"status-publish","4":"has-post-thumbnail","6":"product_cat-rechauds","8":"first","9":"instock","10":"featured","11":"shipping-taxable","12":"purchasable","13":"product-type-simple"},"_links":{"self":[{"href":"https:\/\/sotooutdoors.eu\/fr\/wp-json\/wp\/v2\/product\/24252","targetHints":{"allow":["GET"]}}],"collection":[{"href":"https:\/\/sotooutdoors.eu\/fr\/wp-json\/wp\/v2\/product"}],"about":[{"href":"https:\/\/sotooutdoors.eu\/fr\/wp-json\/wp\/v2\/types\/product"}],"wp:featuredmedia":[{"embeddable":true,"href":"https:\/\/sotooutdoors.eu\/fr\/wp-json\/wp\/v2\/media\/27390"}],"wp:attachment":[{"href":"https:\/\/sotooutdoors.eu\/fr\/wp-json\/wp\/v2\/media?parent=24252"}],"wp:term":[{"taxonomy":"product_brand","embeddable":true,"href":"https:\/\/sotooutdoors.eu\/fr\/wp-json\/wp\/v2\/product_brand?post=24252"},{"taxonomy":"product_cat","embeddable":true,"href":"https:\/\/sotooutdoors.eu\/fr\/wp-json\/wp\/v2\/product_cat?post=24252"},{"taxonomy":"product_tag","embeddable":true,"href":"https:\/\/sotooutdoors.eu\/fr\/wp-json\/wp\/v2\/product_tag?post=24252"}],"curies":[{"name":"wp","href":"https:\/\/api.w.org\/{rel}","templated":true}]}}