{"id":24268,"date":"2021-03-19T00:12:29","date_gmt":"2021-03-18T23:12:29","guid":{"rendered":"https:\/\/sotooutdoors.eu\/produkt\/maitre-du-vent\/"},"modified":"2022-05-10T09:25:23","modified_gmt":"2022-05-10T08:25:23","slug":"windmaster","status":"publish","type":"product","link":"https:\/\/sotooutdoors.eu\/fr\/produkt\/windmaster\/","title":{"rendered":"Windmaster"},"content":{"rendered":"<div class=\"fusion-fullwidth fullwidth-box fusion-builder-row-1 fusion-flex-container nonhundred-percent-fullwidth non-hundred-percent-height-scrolling\" style=\"--awb-border-radius-top-left:0px;--awb-border-radius-top-right:0px;--awb-border-radius-bottom-right:0px;--awb-border-radius-bottom-left:0px;--awb-flex-wrap:wrap;\" ><div class=\"fusion-builder-row fusion-row fusion-flex-align-items-flex-start fusion-flex-content-wrap\" style=\"max-width:1216.8px;margin-left: calc(-4% \/ 2 );margin-right: calc(-4% \/ 2 );\"><div class=\"fusion-layout-column fusion_builder_column fusion-builder-column-0 fusion_builder_column_1_1 1_1 fusion-flex-column\" style=\"--awb-bg-size:cover;--awb-width-large:100%;--awb-margin-top-large:0px;--awb-spacing-right-large:1.92%;--awb-margin-bottom-large:0px;--awb-spacing-left-large:1.92%;--awb-width-medium:100%;--awb-spacing-right-medium:1.92%;--awb-spacing-left-medium:1.92%;--awb-width-small:100%;--awb-spacing-right-small:1.92%;--awb-spacing-left-small:1.92%;\"><div class=\"fusion-column-wrapper fusion-flex-justify-content-flex-start fusion-content-layout-column\"><div class=\"fusion-text fusion-text-1\"><p><strong>D\u00e9tails<\/strong><\/p>\n<ul>\n<li>Des performances \u00e9lev\u00e9es jusqu&rsquo;au bout : le syst\u00e8me Micro Regulator assure une pression constante<\/li>\n<li>La puissance peut \u00eatre dos\u00e9e tr\u00e8s pr\u00e9cis\u00e9ment<\/li>\n<li>Br\u00fble tr\u00e8s silencieusement<\/li>\n<li>Le rebord m\u00e9tallique sur\u00e9lev\u00e9 prot\u00e8ge le br\u00fbleur des vents traversiers<\/li>\n<li>Consommation \u00e9conomique : rendement \u00e9nerg\u00e9tique \u00e9lev\u00e9 gr\u00e2ce \u00e0 la faible distance entre la batterie du r\u00e9chaud et le br\u00fbleur<\/li>\n<li>Convient \u00e9galement aux grandes casseroles<\/li>\n<li>Allumage pi\u00e9zo avec c\u00e2ble interne pour un d\u00e9marrage fiable sur simple pression d&rsquo;un bouton<\/li>\n<li>Tr\u00e8s r\u00e9sistant au vent gr\u00e2ce \u00e0 la t\u00eate de br\u00fbleur sp\u00e9cialement con\u00e7ue<\/li>\n<li>Tr\u00e8s robuste gr\u00e2ce \u00e0 des mat\u00e9riaux de haute qualit\u00e9<\/li>\n<li>Extr\u00eamement l\u00e9ger<\/li>\n<li>Pliable pour ne prendre que peu de place<\/li>\n<li>Plusieurs fois r\u00e9compens\u00e9<\/li>\n<\/ul>\n<p><strong>Contenu du packaging<\/strong><\/p>\n<ul>\n<li>Le r\u00e9chaud<\/li>\n<li>Sac d&#8217;emballage<\/li>\n<\/ul>\n<\/div><div class=\"fusion-image-carousel fusion-image-carousel-fixed fusion-image-carousel-1 fusion-carousel-border\"><div class=\"awb-carousel awb-swiper awb-swiper-carousel awb-carousel--carousel awb-swiper-dots-position-bottom\" data-layout=\"carousel\" data-autoplay=\"no\" data-autoplayspeed=\"2500\" data-autoplaypause=\"no\" data-columns=\"4\" data-columnsmedium=\"1\" data-columnssmall=\"1\" data-itemmargin=\"13\" data-itemwidth=\"180\" data-touchscroll=\"no\" data-freemode=\"no\" data-imagesize=\"fixed\" data-scrollitems=\"0\" data-centeredslides=\"no\" data-rotationangle=\"50\" data-depth=\"100\" data-speed=\"500\" data-shadow=\"no\" data-pagination=\"bullets\" style=\"--awb-columns:4;--awb-border-width:1px;--awb-border-color:#e9eaee;\"><div class=\"swiper-wrapper awb-image-carousel-wrapper fusion-flex-align-items-center\"><div class=\"swiper-slide\"><div class=\"fusion-carousel-item-wrapper\"><div class=\"fusion-image-wrapper hover-type-none\"><a href=\"https:\/\/sotooutdoors.eu\/fr\/prix-de-lindustrie-de-plein-air-2013\/\" target=\"_self\"><img decoding=\"async\" width=\"320\" height=\"200\" src=\"data:image\/svg+xml,%3Csvg%20xmlns%3D%27http%3A%2F%2Fwww.w3.org%2F2000%2Fsvg%27%20width%3D%27347%27%20height%3D%27200%27%20viewBox%3D%270%200%20347%20200%27%3E%3Crect%20width%3D%27347%27%20height%3D%27200%27%20fill-opacity%3D%220%22%2F%3E%3C%2Fsvg%3E\" class=\"attachment-blog-medium size-blog-medium lazyload\" alt=\"OutDoor Industry Award 2013 for SOTO Windmaster gas stove\" data-orig-src=\"https:\/\/sotooutdoors.eu\/wp-content\/uploads\/2021\/04\/201307_industry_award-320x200.jpg\" \/><\/a><\/div><\/div><\/div><div class=\"swiper-slide\"><div class=\"fusion-carousel-item-wrapper\"><div class=\"fusion-image-wrapper hover-type-none\"><a href=\"https:\/\/sotooutdoors.eu\/fr\/2014-gear-institute-best-in-class-award\/\" target=\"_self\"><img decoding=\"async\" width=\"320\" height=\"200\" src=\"data:image\/svg+xml,%3Csvg%20xmlns%3D%27http%3A%2F%2Fwww.w3.org%2F2000%2Fsvg%27%20width%3D%27377%27%20height%3D%27200%27%20viewBox%3D%270%200%20377%20200%27%3E%3Crect%20width%3D%27377%27%20height%3D%27200%27%20fill-opacity%3D%220%22%2F%3E%3C%2Fsvg%3E\" class=\"attachment-blog-medium size-blog-medium lazyload\" alt=\"Gear Institute Best-in-Class Award 2014 for SOTO Windmaster gas stove\" data-orig-src=\"https:\/\/sotooutdoors.eu\/wp-content\/uploads\/2021\/04\/201407_gearinstitute-320x200.jpg\" \/><\/a><\/div><\/div><\/div><div class=\"swiper-slide\"><div class=\"fusion-carousel-item-wrapper\"><div class=\"fusion-image-wrapper hover-type-none\"><a href=\"https:\/\/sotooutdoors.eu\/fr\/prix-du-choix-du-guide-2018-de-lamerican-alpine-institute\/\" target=\"_self\"><img decoding=\"async\" width=\"320\" height=\"200\" src=\"data:image\/svg+xml,%3Csvg%20xmlns%3D%27http%3A%2F%2Fwww.w3.org%2F2000%2Fsvg%27%20width%3D%27435%27%20height%3D%27200%27%20viewBox%3D%270%200%20435%20200%27%3E%3Crect%20width%3D%27435%27%20height%3D%27200%27%20fill-opacity%3D%220%22%2F%3E%3C%2Fsvg%3E\" class=\"attachment-blog-medium size-blog-medium lazyload\" alt=\"Prix AAI Giudes Choise 2018 pour le r\u00e9chaud \u00e0 gaz SOTO Windmaster\" data-orig-src=\"https:\/\/sotooutdoors.eu\/wp-content\/uploads\/2018\/07\/guideschoice-windmaster-vorschau-320x200.png\" \/><\/a><\/div><\/div><\/div><div class=\"swiper-slide\"><div class=\"fusion-carousel-item-wrapper\"><div class=\"fusion-image-wrapper hover-type-none\"><a href=\"https:\/\/sotooutdoors.eu\/fr\/choix-des-redacteurs-gearlab-2021\/\" target=\"_self\"><img decoding=\"async\" width=\"320\" height=\"153\" src=\"https:\/\/sotooutdoors.eu\/wp-content\/uploads\/1RXN-OutdoorGearLab-windmaster.png\" class=\"attachment-blog-medium size-blog-medium lazyload\" alt=\"Prix GearLab Editors&#039; Choice 2021 - SOTO WindMaster\" srcset=\"data:image\/svg+xml,%3Csvg%20xmlns%3D%27http%3A%2F%2Fwww.w3.org%2F2000%2Fsvg%27%20width%3D%27321%27%20height%3D%27153%27%20viewBox%3D%270%200%20321%20153%27%3E%3Crect%20width%3D%27321%27%20height%3D%27153%27%20fill-opacity%3D%220%22%2F%3E%3C%2Fsvg%3E\" data-orig-src=\"https:\/\/sotooutdoors.eu\/wp-content\/uploads\/1RXN-OutdoorGearLab-windmaster.png\" data-srcset=\"https:\/\/sotooutdoors.eu\/wp-content\/uploads\/1RXN-OutdoorGearLab-windmaster-200x95.png 200w, https:\/\/sotooutdoors.eu\/wp-content\/uploads\/1RXN-OutdoorGearLab-windmaster.png 321w\" data-sizes=\"auto\" \/><\/a><\/div><\/div><\/div><\/div><div class=\"awb-swiper-button awb-swiper-button-prev\"><i class=\"awb-icon-angle-left\" aria-hidden=\"true\"><\/i><\/div><div class=\"awb-swiper-button awb-swiper-button-next\"><i class=\"awb-icon-angle-right\" aria-hidden=\"true\"><\/i><\/div><\/div><\/div><\/div><\/div><\/div><\/div>\n","protected":false},"excerpt":{"rendered":"<p><strong>R\u00e9chaud \u00e0 gaz haut de gamme prim\u00e9 \u00e0 plusieurs reprises. Puissant, \u00e9conomique et extr\u00eamement r\u00e9sistant au vent. <\/strong><\/p>\n<p>Le Windmaster a fait ses preuves lors de nombreuses exp\u00e9ditions. Arctic ou 8.000 m\u00e8tres : ce r\u00e9chaud \u00e0 gaz peut tout faire.<\/p>\n<p>Le vent m\u00eame s&rsquo;il atteint la force d&rsquo;une temp\u00eate est \u00e0 peine capable de perturber la flamme. Ceci est assur\u00e9 par la technologie SOTO \u00ab\u00a0R\u00e9sistance au vent\u00a0\u00bb. D&rsquo;une part, les buses des br\u00fbleurs sont entour\u00e9es d&rsquo;un bord m\u00e9tallique vertical, qui repr\u00e9sente une goutti\u00e8re de protection. D&rsquo;autre part, le br\u00fbleur est de forme a\u00e9rodynamique et dirige ainsi le vent qui frappe le c\u00f4t\u00e9 \u00e9loign\u00e9 des flammes.<\/p>\n<p>Une autre innovation rend le Windmaster unique : le syst\u00e8me de micro-r\u00e9gulation est capable de maintenir la puissance du po\u00eale constamment \u00e9lev\u00e9e m\u00eame lorsque la cartouche est presque vide et que la temp\u00e9rature est inf\u00e9rieure \u00e0 z\u00e9ro. Ceci est assur\u00e9 par un syst\u00e8me de conduite de gaz sophistiqu\u00e9 qui compense la chute de pression lorsque le volume de gaz est r\u00e9duit et \u00e0 basse temp\u00e9rature.<\/p>\n<p>Le r\u00e9chaud peut \u00eatre dos\u00e9 de mani\u00e8re extr\u00eamement sensible. L&rsquo;allumage pi\u00e9zo avec c\u00e2ble interne permet de d\u00e9marrer le po\u00eale de mani\u00e8re fiable en appuyant sur un bouton. Le rev\u00eatement TriFlex \u00e0 trois bras disponible en option est destin\u00e9 aux minimalistes et p\u00e8se 20 grammes de moins que le rev\u00eatement 4-Flex.<\/p>\n<p>Le Windmaster se distingue par un poids extr\u00eamement faible et la plus petite taille de sac.<\/p>\n","protected":false},"featured_media":24269,"template":"","meta":[],"product_brand":[],"product_cat":[223],"product_tag":[],"class_list":{"0":"post-24268","1":"product","2":"type-product","3":"status-publish","4":"has-post-thumbnail","6":"product_cat-rechauds","8":"first","9":"instock","10":"featured","11":"shipping-taxable","12":"purchasable","13":"product-type-simple"},"_links":{"self":[{"href":"https:\/\/sotooutdoors.eu\/fr\/wp-json\/wp\/v2\/product\/24268","targetHints":{"allow":["GET"]}}],"collection":[{"href":"https:\/\/sotooutdoors.eu\/fr\/wp-json\/wp\/v2\/product"}],"about":[{"href":"https:\/\/sotooutdoors.eu\/fr\/wp-json\/wp\/v2\/types\/product"}],"wp:featuredmedia":[{"embeddable":true,"href":"https:\/\/sotooutdoors.eu\/fr\/wp-json\/wp\/v2\/media\/24269"}],"wp:attachment":[{"href":"https:\/\/sotooutdoors.eu\/fr\/wp-json\/wp\/v2\/media?parent=24268"}],"wp:term":[{"taxonomy":"product_brand","embeddable":true,"href":"https:\/\/sotooutdoors.eu\/fr\/wp-json\/wp\/v2\/product_brand?post=24268"},{"taxonomy":"product_cat","embeddable":true,"href":"https:\/\/sotooutdoors.eu\/fr\/wp-json\/wp\/v2\/product_cat?post=24268"},{"taxonomy":"product_tag","embeddable":true,"href":"https:\/\/sotooutdoors.eu\/fr\/wp-json\/wp\/v2\/product_tag?post=24268"}],"curies":[{"name":"wp","href":"https:\/\/api.w.org\/{rel}","templated":true}]}}