{"id":24322,"date":"2021-03-03T17:42:45","date_gmt":"2021-03-03T16:42:45","guid":{"rendered":"https:\/\/sotooutdoors.eu\/produkt\/ensemble-de-pots-gora\/"},"modified":"2022-01-24T19:31:31","modified_gmt":"2022-01-24T18:31:31","slug":"ensemble-de-pots-gora","status":"publish","type":"product","link":"https:\/\/sotooutdoors.eu\/fr\/produkt\/ensemble-de-pots-gora\/","title":{"rendered":"Set de Casseroles Gora"},"content":{"rendered":"<div class=\"fusion-fullwidth fullwidth-box fusion-builder-row-1 fusion-flex-container nonhundred-percent-fullwidth non-hundred-percent-height-scrolling\" style=\"--awb-border-radius-top-left:0px;--awb-border-radius-top-right:0px;--awb-border-radius-bottom-right:0px;--awb-border-radius-bottom-left:0px;--awb-flex-wrap:wrap;\" ><div class=\"fusion-builder-row fusion-row fusion-flex-align-items-flex-start fusion-flex-content-wrap\" style=\"max-width:1216.8px;margin-left: calc(-4% \/ 2 );margin-right: calc(-4% \/ 2 );\"><div class=\"fusion-layout-column fusion_builder_column fusion-builder-column-0 fusion_builder_column_1_1 1_1 fusion-flex-column\" style=\"--awb-bg-size:cover;--awb-width-large:100%;--awb-margin-top-large:15px;--awb-spacing-right-large:1.92%;--awb-margin-bottom-large:15px;--awb-spacing-left-large:1.92%;--awb-width-medium:100%;--awb-order-medium:0;--awb-spacing-right-medium:1.92%;--awb-spacing-left-medium:1.92%;--awb-width-small:100%;--awb-order-small:0;--awb-spacing-right-small:1.92%;--awb-spacing-left-small:1.92%;\"><div class=\"fusion-column-wrapper fusion-column-has-shadow fusion-flex-justify-content-flex-start fusion-content-layout-column\"><div class=\"fusion-text fusion-text-1\"><p><b>D\u00e9tails :<\/b><\/p>\n<ul>\n<li>Acier inoxydable de haute qualit\u00e9 avec une \u00e9paisseur de paroi allant jusqu&rsquo;\u00e0 1,8 mm<\/li>\n<li>Tr\u00e8s robuste gr\u00e2ce \u00e0 des mat\u00e9riaux de haute qualit\u00e9<\/li>\n<li>Les casseroles peuvent \u00eatre empil\u00e9es les unes dans les autres<\/li>\n<li>Bord verseur incurv\u00e9 pour un versement sans gouttes perdues<\/li>\n<li>Poign\u00e9e de casserole magn\u00e9tique suppl\u00e9mentaire pour soulever le couvercle<\/li>\n<li>Les couvercles peuvent \u00eatre utilis\u00e9s comme assiette<\/li>\n<li>Les casseroles et les couvercles sont faciles \u00e0 laver<\/li>\n<\/ul>\n<p><b>Contenu du packaging<\/b><\/p>\n<ul>\n<li>Ensemble de casseroles<\/li>\n<li>Poign\u00e9e<\/li>\n<li>Sacs d&#8217;emballage en coton<\/li>\n<\/ul>\n<\/div><\/div><\/div><\/div><\/div>\n","protected":false},"excerpt":{"rendered":"<p><b>Ensemble de casseroles en acier inoxydable pour le camping \/ camping-car et la maison<\/b><\/p>\n<p>Le set de casseroles de Gora, c&rsquo;est le produit o\u00f9 design, fonction et qualit\u00e9 se rencontrent. Les trois casseroles en acier inoxydable de haute qualit\u00e9 fabriqu\u00e9es dans l&rsquo;usine japonaise de SOTO impressionnent de par leur style net et sans bavure et ont fi\u00e8re allure sur le r\u00e9chaud de camping, dans le camping-car ou sur la plaque \u00e0 la maison. Avec eux, vous pouvez cuisiner parfaitement et tout en facilit\u00e9. L&rsquo;\u00e9paisseur du mat\u00e9riau garantit une r\u00e9partition optimale de la chaleur. Le bord verseur est con\u00e7u de mani\u00e8re \u00e0 pouvoir verser sans renverser. Les trois casseroles peuvent \u00eatre empil\u00e9es les unes dans les autres pour gagner de la place et s&rsquo;adapter \u00e9galement au four Gora.<\/p>\n<p>L&rsquo;anse magn\u00e9tique du pot est des plus astucieuses : elle permet de saisir et de soulever les couvercles sans pour autant se br\u00fbler les doigts. Le set de casseroles de Gora est si robuste qu&rsquo;il sera un fid\u00e8le compagnon en voyage et \u00e0 la maison pendant de nombreuses ann\u00e9es suivant son acquisition.<\/p>\n","protected":false},"featured_media":24329,"template":"","meta":[],"product_brand":[],"product_cat":[225],"product_tag":[],"class_list":{"0":"post-24322","1":"product","2":"type-product","3":"status-publish","4":"has-post-thumbnail","6":"product_cat-ustensiles-de-cuisine","8":"first","9":"instock","10":"featured","11":"shipping-taxable","12":"purchasable","13":"product-type-simple"},"_links":{"self":[{"href":"https:\/\/sotooutdoors.eu\/fr\/wp-json\/wp\/v2\/product\/24322","targetHints":{"allow":["GET"]}}],"collection":[{"href":"https:\/\/sotooutdoors.eu\/fr\/wp-json\/wp\/v2\/product"}],"about":[{"href":"https:\/\/sotooutdoors.eu\/fr\/wp-json\/wp\/v2\/types\/product"}],"wp:featuredmedia":[{"embeddable":true,"href":"https:\/\/sotooutdoors.eu\/fr\/wp-json\/wp\/v2\/media\/24329"}],"wp:attachment":[{"href":"https:\/\/sotooutdoors.eu\/fr\/wp-json\/wp\/v2\/media?parent=24322"}],"wp:term":[{"taxonomy":"product_brand","embeddable":true,"href":"https:\/\/sotooutdoors.eu\/fr\/wp-json\/wp\/v2\/product_brand?post=24322"},{"taxonomy":"product_cat","embeddable":true,"href":"https:\/\/sotooutdoors.eu\/fr\/wp-json\/wp\/v2\/product_cat?post=24322"},{"taxonomy":"product_tag","embeddable":true,"href":"https:\/\/sotooutdoors.eu\/fr\/wp-json\/wp\/v2\/product_tag?post=24322"}],"curies":[{"name":"wp","href":"https:\/\/api.w.org\/{rel}","templated":true}]}}