{"id":24323,"date":"2020-02-03T16:48:27","date_gmt":"2020-02-03T15:48:27","guid":{"rendered":"https:\/\/sotooutdoors.eu\/produkt\/trek-fusion\/"},"modified":"2022-02-03T11:35:19","modified_gmt":"2022-02-03T10:35:19","slug":"fusion-trek","status":"publish","type":"product","link":"https:\/\/sotooutdoors.eu\/fr\/produkt\/fusion-trek\/","title":{"rendered":"Fusion Trek"},"content":{"rendered":"<div class=\"fusion-fullwidth fullwidth-box fusion-builder-row-1 fusion-flex-container nonhundred-percent-fullwidth non-hundred-percent-height-scrolling\" style=\"--awb-border-radius-top-left:0px;--awb-border-radius-top-right:0px;--awb-border-radius-bottom-right:0px;--awb-border-radius-bottom-left:0px;--awb-flex-wrap:wrap;\" ><div class=\"fusion-builder-row fusion-row fusion-flex-align-items-flex-start fusion-flex-content-wrap\" style=\"max-width:1216.8px;margin-left: calc(-4% \/ 2 );margin-right: calc(-4% \/ 2 );\"><div class=\"fusion-layout-column fusion_builder_column fusion-builder-column-0 fusion_builder_column_1_1 1_1 fusion-flex-column\" style=\"--awb-bg-size:cover;--awb-width-large:100%;--awb-margin-top-large:15px;--awb-spacing-right-large:1.92%;--awb-margin-bottom-large:15px;--awb-spacing-left-large:1.92%;--awb-width-medium:100%;--awb-order-medium:0;--awb-spacing-right-medium:1.92%;--awb-spacing-left-medium:1.92%;--awb-width-small:100%;--awb-order-small:0;--awb-spacing-right-small:1.92%;--awb-spacing-left-small:1.92%;\"><div class=\"fusion-column-wrapper fusion-column-has-shadow fusion-flex-justify-content-flex-start fusion-content-layout-column\"><div class=\"fusion-text fusion-text-1\"><p><strong>D\u00e9tails<\/strong><\/p>\n<ul>\n<li data-renderer-start-pos=\"1314\">Puissance \u00e9lev\u00e9e (3260 W)<\/li>\n<li data-renderer-start-pos=\"1357\">Plus de 300 microflammes r\u00e9partissent la chaleur de mani\u00e8re optimale<\/li>\n<li data-renderer-start-pos=\"1357\">Tr\u00e8s finement r\u00e9glable<\/li>\n<li data-renderer-start-pos=\"1378\">Br\u00fble tr\u00e8s silencieusement<\/li>\n<li data-renderer-start-pos=\"1314\">Technologie de micro-r\u00e9gulateur de SOTO<\/li>\n<li data-renderer-start-pos=\"1314\">Tr\u00e8s r\u00e9sistant au vent<\/li>\n<li data-renderer-start-pos=\"1412\">Support de pot ondul\u00e9 et antid\u00e9rapant<\/li>\n<li data-renderer-start-pos=\"1438\">Mat\u00e9riaux de grande qualit\u00e9<\/li>\n<li data-renderer-start-pos=\"1397\">Petite taille d&#8217;emballage<\/li>\n<\/ul>\n<p><strong>Contenu du packaging<\/strong><\/p>\n<ul>\n<li>Cuisini\u00e8re avec tuyau de carburant robuste et flexible<\/li>\n<li>Sac d&#8217;emballage<\/li>\n<\/ul>\n<\/div><\/div><\/div><\/div><\/div>\n","protected":false},"excerpt":{"rendered":"<p><strong>R\u00e9chaud \u00e0 gaz sur pied avec r\u00e9gulateur de pression int\u00e9gr\u00e9 (Syst\u00e8me Micro R\u00e9gulateur de SOTO). <\/strong><\/p>\n<p>R\u00e9chaud \u00e0 gaz tr\u00e8s puissant et r\u00e9sistant au vent avec un motif de flamme large. La t\u00eate du br\u00fbleur arbore un grand diam\u00e8tre et poss\u00e8de plus de 300 microflammes, qui r\u00e9partissent la chaleur sur une grande partie de la surface du dessous de la casserole. Le vent m\u00eame s&rsquo;il atteint la force d&rsquo;une temp\u00eate est \u00e0 peine capable de perturber la flamme. La conception concave et coupe-vent de la t\u00eate du br\u00fbleur est issue de la conception \u00e9prouv\u00e9e et r\u00e9compens\u00e9e du <a href=\"https:\/\/sotooutdoors.eu\/produkt\/windmaster\/\">SOTO WindMaster<\/a>. Les buses des br\u00fbleurs sont entour\u00e9es d&rsquo;un rebord m\u00e9tallique vertical formant un creux de protection.<\/p>\n<p>\u00c9quip\u00e9 de la technologie Micro Regulateur de SOTO, le Fusion Trek est \u00e0 m\u00eame de maintenir des performances constamment \u00e9lev\u00e9es m\u00eame lorsque la cartouche est presque vide et que les temp\u00e9ratures sont basses. Tout ceci est assur\u00e9 par un syst\u00e8me de conduite de gaz sophistiqu\u00e9 qui compense la chute de pression lorsque le volume de gaz est r\u00e9duit et que la temp\u00e9rature baisse. Comme tous les r\u00e9chauds SOTO, le Fusion Trek peut \u00eatre tr\u00e8s sensiblement dos\u00e9. Le r\u00e9chaud br\u00fble tr\u00e8s silencieusement.<\/p>\n<p>Le support de casserole nervur\u00e9 et antid\u00e9rapant convient \u00e9galement aux grandes casseroles et po\u00eales. Une fois pli\u00e9, le r\u00e9chaud de 180 grammes prend tr\u00e8s peu de place \u00e0 l&rsquo;int\u00e9rieur de vos sacs.<\/p>\n","protected":false},"featured_media":26207,"template":"","meta":[],"product_brand":[],"product_cat":[223],"product_tag":[],"class_list":{"0":"post-24323","1":"product","2":"type-product","3":"status-publish","4":"has-post-thumbnail","6":"product_cat-rechauds","8":"first","9":"instock","10":"featured","11":"shipping-taxable","12":"purchasable","13":"product-type-simple"},"_links":{"self":[{"href":"https:\/\/sotooutdoors.eu\/fr\/wp-json\/wp\/v2\/product\/24323","targetHints":{"allow":["GET"]}}],"collection":[{"href":"https:\/\/sotooutdoors.eu\/fr\/wp-json\/wp\/v2\/product"}],"about":[{"href":"https:\/\/sotooutdoors.eu\/fr\/wp-json\/wp\/v2\/types\/product"}],"wp:featuredmedia":[{"embeddable":true,"href":"https:\/\/sotooutdoors.eu\/fr\/wp-json\/wp\/v2\/media\/26207"}],"wp:attachment":[{"href":"https:\/\/sotooutdoors.eu\/fr\/wp-json\/wp\/v2\/media?parent=24323"}],"wp:term":[{"taxonomy":"product_brand","embeddable":true,"href":"https:\/\/sotooutdoors.eu\/fr\/wp-json\/wp\/v2\/product_brand?post=24323"},{"taxonomy":"product_cat","embeddable":true,"href":"https:\/\/sotooutdoors.eu\/fr\/wp-json\/wp\/v2\/product_cat?post=24323"},{"taxonomy":"product_tag","embeddable":true,"href":"https:\/\/sotooutdoors.eu\/fr\/wp-json\/wp\/v2\/product_tag?post=24323"}],"curies":[{"name":"wp","href":"https:\/\/api.w.org\/{rel}","templated":true}]}}