{"id":24364,"date":"2020-02-08T23:05:06","date_gmt":"2020-02-08T22:05:06","guid":{"rendered":"https:\/\/sotooutdoors.eu\/produkt\/combo-new-river-amicus-avec-allumeur-furtif\/"},"modified":"2023-08-11T22:55:54","modified_gmt":"2023-08-11T21:55:54","slug":"nouvelle-riviere-amicus-avec-allumeur-furtif-combo","status":"publish","type":"product","link":"https:\/\/sotooutdoors.eu\/fr\/produkt\/nouvelle-riviere-amicus-avec-allumeur-furtif-combo\/","title":{"rendered":"Combo New River \/ Amicus avec Stealth Igniter"},"content":{"rendered":"<div class=\"fusion-fullwidth fullwidth-box fusion-builder-row-1 fusion-flex-container nonhundred-percent-fullwidth non-hundred-percent-height-scrolling\" style=\"--awb-border-radius-top-left:0px;--awb-border-radius-top-right:0px;--awb-border-radius-bottom-right:0px;--awb-border-radius-bottom-left:0px;--awb-flex-wrap:wrap;\" ><div class=\"fusion-builder-row fusion-row fusion-flex-align-items-flex-start fusion-flex-content-wrap\" style=\"max-width:1216.8px;margin-left: calc(-4% \/ 2 );margin-right: calc(-4% \/ 2 );\"><div class=\"fusion-layout-column fusion_builder_column fusion-builder-column-0 fusion_builder_column_1_1 1_1 fusion-flex-column\" style=\"--awb-bg-size:cover;--awb-width-large:100%;--awb-margin-top-large:15px;--awb-spacing-right-large:1.92%;--awb-margin-bottom-large:15px;--awb-spacing-left-large:1.92%;--awb-width-medium:100%;--awb-spacing-right-medium:1.92%;--awb-spacing-left-medium:1.92%;--awb-width-small:100%;--awb-spacing-right-small:1.92%;--awb-spacing-left-small:1.92%;\"><div class=\"fusion-column-wrapper fusion-column-has-shadow fusion-flex-justify-content-flex-start fusion-content-layout-column\"><div class=\"fusion-text fusion-text-1\"><p><strong>D\u00e9tails<\/strong><\/p>\n<ul>\n<li>Tr\u00e8s l\u00e9ger<\/li>\n<li>Robuste<\/li>\n<li>Utilisation des plus simples<\/li>\n<\/ul>\n<p><strong>D\u00e9tails techniques:<\/strong><\/p>\n<ul>\n<li>Dimensions : 120x98mm (popote)<\/li>\n<li>Poids : 118g + 23g (popote)<\/li>\n<li>Mat\u00e9riau : aluminium anodis\u00e9 (popote)<\/li>\n<\/ul>\n<p><strong>Contenu du set<\/strong><\/p>\n<ul>\n<li>Popote New River<\/li>\n<li>R\u00e9chaud Amicus<\/li>\n<li>Housse de transport<\/li>\n<\/ul>\n<\/div><\/div><\/div><\/div><\/div>\n","protected":false},"excerpt":{"rendered":"<p><strong>Kit entr\u00e9e de gamme<\/strong><\/p>\n<p>Kit d\u2019entr\u00e9e de gamme compos\u00e9 de la popote New River et du r\u00e9chaud Amicus. La popote tr\u00e8s l\u00e9g\u00e8re en aluminium anodis\u00e9 poss\u00e8de un couvercle en plastique transparent qui permet de surveiller facilement la cuisson. Le dessous de la casserole est rugueux et garantit ainsi un bon maintien sur le r\u00e9chaud.<\/p>\n<p>Associ\u00e9 au r\u00e9chaud Amicus, il en r\u00e9sulte un kit d\u2019entr\u00e9e de gamme de haute qualit\u00e9 aux dimensions compactes.<\/p>\n","protected":false},"featured_media":24366,"template":"","meta":[],"product_brand":[],"product_cat":[228],"product_tag":[],"class_list":{"0":"post-24364","1":"product","2":"type-product","3":"status-publish","4":"has-post-thumbnail","6":"product_cat-kits-de-cuisine","8":"first","9":"instock","10":"featured","11":"shipping-taxable","12":"purchasable","13":"product-type-simple"},"_links":{"self":[{"href":"https:\/\/sotooutdoors.eu\/fr\/wp-json\/wp\/v2\/product\/24364","targetHints":{"allow":["GET"]}}],"collection":[{"href":"https:\/\/sotooutdoors.eu\/fr\/wp-json\/wp\/v2\/product"}],"about":[{"href":"https:\/\/sotooutdoors.eu\/fr\/wp-json\/wp\/v2\/types\/product"}],"wp:featuredmedia":[{"embeddable":true,"href":"https:\/\/sotooutdoors.eu\/fr\/wp-json\/wp\/v2\/media\/24366"}],"wp:attachment":[{"href":"https:\/\/sotooutdoors.eu\/fr\/wp-json\/wp\/v2\/media?parent=24364"}],"wp:term":[{"taxonomy":"product_brand","embeddable":true,"href":"https:\/\/sotooutdoors.eu\/fr\/wp-json\/wp\/v2\/product_brand?post=24364"},{"taxonomy":"product_cat","embeddable":true,"href":"https:\/\/sotooutdoors.eu\/fr\/wp-json\/wp\/v2\/product_cat?post=24364"},{"taxonomy":"product_tag","embeddable":true,"href":"https:\/\/sotooutdoors.eu\/fr\/wp-json\/wp\/v2\/product_tag?post=24364"}],"curies":[{"name":"wp","href":"https:\/\/api.w.org\/{rel}","templated":true}]}}