{"id":24365,"date":"2020-02-01T23:01:14","date_gmt":"2020-02-01T22:01:14","guid":{"rendered":"https:\/\/sotooutdoors.eu\/produkt\/amicus-avec-allumeur-furtif\/"},"modified":"2023-08-11T23:17:14","modified_gmt":"2023-08-11T22:17:14","slug":"amicus-avec-allumeur-furtif","status":"publish","type":"product","link":"https:\/\/sotooutdoors.eu\/fr\/produkt\/amicus-avec-allumeur-furtif\/","title":{"rendered":"Amicus avec Stealth Igniter"},"content":{"rendered":"<div class=\"fusion-fullwidth fullwidth-box fusion-builder-row-1 fusion-flex-container nonhundred-percent-fullwidth non-hundred-percent-height-scrolling\" style=\"--awb-border-radius-top-left:0px;--awb-border-radius-top-right:0px;--awb-border-radius-bottom-right:0px;--awb-border-radius-bottom-left:0px;--awb-flex-wrap:wrap;\" ><div class=\"fusion-builder-row fusion-row fusion-flex-align-items-flex-start fusion-flex-content-wrap\" style=\"max-width:1216.8px;margin-left: calc(-4% \/ 2 );margin-right: calc(-4% \/ 2 );\"><div class=\"fusion-layout-column fusion_builder_column fusion-builder-column-0 fusion_builder_column_1_1 1_1 fusion-flex-column\" style=\"--awb-bg-size:cover;--awb-width-large:100%;--awb-margin-top-large:0px;--awb-spacing-right-large:1.92%;--awb-margin-bottom-large:0px;--awb-spacing-left-large:1.92%;--awb-width-medium:100%;--awb-spacing-right-medium:1.92%;--awb-spacing-left-medium:1.92%;--awb-width-small:100%;--awb-spacing-right-small:1.92%;--awb-spacing-left-small:1.92%;\"><div class=\"fusion-column-wrapper fusion-flex-justify-content-flex-start fusion-content-layout-column\"><div class=\"fusion-text fusion-text-1\"><p><strong>D\u00e9tails<\/strong><\/p>\n<ul>\n<li>Carburant : essence<\/li>\n<li>Paroi m\u00e9tallique sur\u00e9lev\u00e9e pour prot\u00e9ger le br\u00fbleur des vents lat\u00e9raux<\/li>\n<li>Faible consommation : rendement \u00e9nerg\u00e9tique \u00e9lev\u00e9 gr\u00e2ce \u00e0 la proximit\u00e9 du br\u00fbleur et de la popote<\/li>\n<li>La puissance peut \u00eatre dos\u00e9e tr\u00e8s pr\u00e9cis\u00e9ment<\/li>\n<li>Avec allumage pi\u00e9zo<\/li>\n<li>Valve avec joint torique triple afin qu&rsquo;aucun gaz ne puisse s&rsquo;\u00e9chapper lorsque le r\u00e9chaud n&rsquo;est pas allum\u00e9.<\/li>\n<li>Extr\u00eamement l\u00e9gere<\/li>\n<li>Quatre bras de support pour un maintien efficace de la popote<\/li>\n<li>Tr\u00e8s compactable<\/li>\n<li>Br\u00fble tr\u00e8s silencieusement<\/li>\n<li>Convient aussi aux casseroles de grand diam\u00e8tre<\/li>\n<li>Tr\u00e8s robuste gr\u00e2ce \u00e0 des mat\u00e9riaux de haute qualit\u00e9<\/li>\n<\/ul>\n<p><strong>Contenu du set<\/strong><\/p>\n<ul>\n<li>Le r\u00e9chaud<\/li>\n<li>Housse de transport<\/li>\n<\/ul>\n<\/div><\/div><\/div><\/div><\/div>\n","protected":false},"excerpt":{"rendered":"<p><strong>Mod\u00e8le d&rsquo;entr\u00e9e de gamme parfait avec des performances \u00e9lev\u00e9es<\/strong><\/p>\n<p>L&rsquo;Amicus est le mod\u00e8le d&rsquo;entr\u00e9e de gamme \u00e0 prix abordable tout \u00e9tant de haute qualit\u00e9 de SOTO. Il peut \u00eatre transport\u00e9 ais\u00e9ment puisqu&rsquo;il prend peu de place et il s&rsquo;adapte \u00e0 tous ceux qui veulent r\u00e9chauffer quelque chose spontan\u00e9ment en d\u00e9placement ou cuisiner de petits plats.<\/p>\n<p>La t\u00eate du br\u00fbleur concave est plac\u00e9e plus bas et a un bord sur\u00e9lev\u00e9 de sorte qu&rsquo;elle saura d\u00e9livrer toute sa puissance et ce, m\u00eame dans des conditions de vent. Le r\u00e9chaud se laisse facilement doser g\u00e2ce \u00e0 un r\u00e9gulateur ultra-sensible. Les quatre supports de casseroles s&rsquo;enclenchent lorsqu&rsquo;ils sont d\u00e9pli\u00e9s. Ils sont assez grands et robustes pour supporter de plus grandes casseroles et po\u00eales. L&rsquo;allumage pi\u00e9zo avec c\u00e2ble interne permet de d\u00e9marrer le po\u00eale de mani\u00e8re fiable en appuyant sur un bouton.<\/p>\n","protected":false},"featured_media":24371,"template":"","meta":[],"product_brand":[],"product_cat":[223],"product_tag":[],"class_list":{"0":"post-24365","1":"product","2":"type-product","3":"status-publish","4":"has-post-thumbnail","6":"product_cat-rechauds","8":"first","9":"instock","10":"featured","11":"shipping-taxable","12":"purchasable","13":"product-type-simple"},"_links":{"self":[{"href":"https:\/\/sotooutdoors.eu\/fr\/wp-json\/wp\/v2\/product\/24365","targetHints":{"allow":["GET"]}}],"collection":[{"href":"https:\/\/sotooutdoors.eu\/fr\/wp-json\/wp\/v2\/product"}],"about":[{"href":"https:\/\/sotooutdoors.eu\/fr\/wp-json\/wp\/v2\/types\/product"}],"wp:featuredmedia":[{"embeddable":true,"href":"https:\/\/sotooutdoors.eu\/fr\/wp-json\/wp\/v2\/media\/24371"}],"wp:attachment":[{"href":"https:\/\/sotooutdoors.eu\/fr\/wp-json\/wp\/v2\/media?parent=24365"}],"wp:term":[{"taxonomy":"product_brand","embeddable":true,"href":"https:\/\/sotooutdoors.eu\/fr\/wp-json\/wp\/v2\/product_brand?post=24365"},{"taxonomy":"product_cat","embeddable":true,"href":"https:\/\/sotooutdoors.eu\/fr\/wp-json\/wp\/v2\/product_cat?post=24365"},{"taxonomy":"product_tag","embeddable":true,"href":"https:\/\/sotooutdoors.eu\/fr\/wp-json\/wp\/v2\/product_tag?post=24365"}],"curies":[{"name":"wp","href":"https:\/\/api.w.org\/{rel}","templated":true}]}}