{"id":24400,"date":"2021-04-23T21:02:57","date_gmt":"2021-04-23T20:02:57","guid":{"rendered":"https:\/\/sotooutdoors.eu\/produkt\/kit-dentretien-pour-strombreaker\/"},"modified":"2022-04-12T14:56:49","modified_gmt":"2022-04-12T13:56:49","slug":"kit-de-maintenance-pour-stormbreaker","status":"publish","type":"product","link":"https:\/\/sotooutdoors.eu\/fr\/produkt\/kit-de-maintenance-pour-stormbreaker\/","title":{"rendered":"Stormbreaker &#8211; Kit d&rsquo;Entretien"},"content":{"rendered":"<div class=\"fusion-fullwidth fullwidth-box fusion-builder-row-1 fusion-flex-container nonhundred-percent-fullwidth non-hundred-percent-height-scrolling\" style=\"--awb-border-radius-top-left:0px;--awb-border-radius-top-right:0px;--awb-border-radius-bottom-right:0px;--awb-border-radius-bottom-left:0px;--awb-flex-wrap:wrap;\" ><div class=\"fusion-builder-row fusion-row fusion-flex-align-items-flex-start fusion-flex-content-wrap\" style=\"max-width:1216.8px;margin-left: calc(-4% \/ 2 );margin-right: calc(-4% \/ 2 );\"><div class=\"fusion-layout-column fusion_builder_column fusion-builder-column-0 fusion_builder_column_1_1 1_1 fusion-flex-column\" style=\"--awb-bg-size:cover;--awb-width-large:100%;--awb-margin-top-large:15px;--awb-spacing-right-large:1.92%;--awb-margin-bottom-large:15px;--awb-spacing-left-large:1.92%;--awb-width-medium:100%;--awb-order-medium:0;--awb-spacing-right-medium:1.92%;--awb-spacing-left-medium:1.92%;--awb-width-small:100%;--awb-order-small:0;--awb-spacing-right-small:1.92%;--awb-spacing-left-small:1.92%;\"><div class=\"fusion-column-wrapper fusion-column-has-shadow fusion-flex-justify-content-flex-start fusion-content-layout-column\"><div class=\"fusion-text fusion-text-1\"><p><strong>Contenu du packaging<\/strong><\/p>\n<ul>\n<li>2 cl\u00e9s<\/li>\n<li>Joint torique \/ bague d&rsquo;\u00e9tanch\u00e9it\u00e9 pour<a href=\"https:\/\/sotooutdoors.eu\/fr\/produkt\/smart-pompe\/\">SOTO SmartPump<\/a><\/li>\n<li>Lubrifiant silicone<\/li>\n<li>Filtre \u00e0 essence pour<a href=\"https:\/\/sotooutdoors.eu\/fr\/produkt\/smart-pompe\/\">SOTO SmartPump<\/a><\/li>\n<li>Aiguille de nettoyage<\/li>\n<\/ul>\n<\/div><\/div><\/div><\/div><\/div>\n","protected":false},"excerpt":{"rendered":"<p>Le kit d&rsquo;entretien StormBreaker permettra \u00e0 votre r\u00e9chaud multicombustible <a href=\"https:\/\/sotooutdoors.eu\/produkt\/stormbreaker\/\">SOTO StormBreaker<\/a> de continuer de fonctionner. Divers accessoires pour l&rsquo;entretien et le remplacement des pi\u00e8ces d\u00e9tach\u00e9es individuelles. Ainsi, vous \u00eates pr\u00eat \u00e0 tout probl\u00e8me avec le r\u00e9chaud en pleine excursion et vous n&rsquo;\u00eates pas oblig\u00e9 de vous passer de votre repas chaud.<\/p>\n","protected":false},"featured_media":24401,"template":"","meta":[],"product_brand":[],"product_cat":[229],"product_tag":[],"class_list":{"0":"post-24400","1":"product","2":"type-product","3":"status-publish","4":"has-post-thumbnail","6":"product_cat-accessoires","8":"first","9":"instock","10":"shipping-taxable","11":"purchasable","12":"product-type-simple"},"_links":{"self":[{"href":"https:\/\/sotooutdoors.eu\/fr\/wp-json\/wp\/v2\/product\/24400","targetHints":{"allow":["GET"]}}],"collection":[{"href":"https:\/\/sotooutdoors.eu\/fr\/wp-json\/wp\/v2\/product"}],"about":[{"href":"https:\/\/sotooutdoors.eu\/fr\/wp-json\/wp\/v2\/types\/product"}],"wp:featuredmedia":[{"embeddable":true,"href":"https:\/\/sotooutdoors.eu\/fr\/wp-json\/wp\/v2\/media\/24401"}],"wp:attachment":[{"href":"https:\/\/sotooutdoors.eu\/fr\/wp-json\/wp\/v2\/media?parent=24400"}],"wp:term":[{"taxonomy":"product_brand","embeddable":true,"href":"https:\/\/sotooutdoors.eu\/fr\/wp-json\/wp\/v2\/product_brand?post=24400"},{"taxonomy":"product_cat","embeddable":true,"href":"https:\/\/sotooutdoors.eu\/fr\/wp-json\/wp\/v2\/product_cat?post=24400"},{"taxonomy":"product_tag","embeddable":true,"href":"https:\/\/sotooutdoors.eu\/fr\/wp-json\/wp\/v2\/product_tag?post=24400"}],"curies":[{"name":"wp","href":"https:\/\/api.w.org\/{rel}","templated":true}]}}