{"id":24402,"date":"2021-04-15T21:51:58","date_gmt":"2021-04-15T20:51:58","guid":{"rendered":"https:\/\/sotooutdoors.eu\/produkt\/briquet-rechargeable\/"},"modified":"2022-01-30T22:44:21","modified_gmt":"2022-01-30T21:44:21","slug":"briquet-rechargeable","status":"publish","type":"product","link":"https:\/\/sotooutdoors.eu\/fr\/produkt\/briquet-rechargeable\/","title":{"rendered":"Briquet Rechargeable"},"content":{"rendered":"<div class=\"fusion-fullwidth fullwidth-box fusion-builder-row-1 fusion-flex-container nonhundred-percent-fullwidth non-hundred-percent-height-scrolling\" style=\"--awb-border-radius-top-left:0px;--awb-border-radius-top-right:0px;--awb-border-radius-bottom-right:0px;--awb-border-radius-bottom-left:0px;--awb-flex-wrap:wrap;\" ><div class=\"fusion-builder-row fusion-row fusion-flex-align-items-flex-start fusion-flex-content-wrap\" style=\"max-width:1216.8px;margin-left: calc(-4% \/ 2 );margin-right: calc(-4% \/ 2 );\"><div class=\"fusion-layout-column fusion_builder_column fusion-builder-column-0 fusion_builder_column_1_1 1_1 fusion-flex-column\" style=\"--awb-bg-size:cover;--awb-width-large:100%;--awb-margin-top-large:15px;--awb-spacing-right-large:1.92%;--awb-margin-bottom-large:15px;--awb-spacing-left-large:1.92%;--awb-width-medium:100%;--awb-order-medium:0;--awb-spacing-right-medium:1.92%;--awb-spacing-left-medium:1.92%;--awb-width-small:100%;--awb-order-small:0;--awb-spacing-right-small:1.92%;--awb-spacing-left-small:1.92%;\"><div class=\"fusion-column-wrapper fusion-column-has-shadow fusion-flex-justify-content-flex-start fusion-content-layout-column\"><div class=\"fusion-text fusion-text-1\"><p><strong>D\u00e9tails<\/strong><\/p>\n<ul>\n<li>Convient \u00e0 <a href=\"https:\/\/sotooutdoors.eu\/produkt\/pocket-torch\/\">SOTO Pocket Torch<\/a><\/li>\n<li>Rechargeable, par exzmple avec <a href=\"https:\/\/sotooutdoors.eu\/produkt\/fill-adapter\/\">SOTO Fill Adapter<\/a> \u00e0 visser sur des cartouches de gaz conventionnelles<\/li>\n<\/ul>\n<p><strong>Contenu du packaging<\/strong><\/p>\n<ul>\n<li>2 briquets<\/li>\n<\/ul>\n<\/div><\/div><\/div><\/div><\/div>\n","protected":false},"excerpt":{"rendered":"<p>Pourquoi est-ce qu&rsquo;il semble que SOTO vende des briquets classiques du commerce ? Et oui, bien s\u00fbr, ces briquets l\u00e9gers et fiables peuvent \u00e9galement \u00eatre utilis\u00e9s de mani\u00e8re conventionnelle pour allumer toutes sortes d&rsquo;objets inflammables. Cependant, comme ce design du briquet est le base pour celui du Pocket Torch et que vous ne pouvez pas mettre la main sur ce mod\u00e8le partout, nous vous le proposons. Comme particularit\u00e9, citons le fait que les briquets peuvent \u00eatre recharg\u00e9s \u00e0 l&rsquo;aide de la <a href=\"https:\/\/sotooutdoors.eu\/produkt\/fill-adapter\/\">SOTO Fill Adapater<\/a> \u00e0 l&rsquo;aide des cartouches de gaz habituelles. Vous disposez ainsi d&rsquo;une source de feu fiable qui ne s&rsquo;\u00e9puisera pas de sit\u00f4t en excursion et qui, gr\u00e2ce \u00e0 sa dur\u00e9e de vie plus longue, pr\u00e9serve en outre l&rsquo;environnement.<i><b><\/b><\/i><\/p>\n","protected":false},"featured_media":24403,"template":"","meta":[],"product_brand":[],"product_cat":[229],"product_tag":[],"class_list":{"0":"post-24402","1":"product","2":"type-product","3":"status-publish","4":"has-post-thumbnail","6":"product_cat-accessoires","8":"first","9":"instock","10":"shipping-taxable","11":"purchasable","12":"product-type-simple"},"_links":{"self":[{"href":"https:\/\/sotooutdoors.eu\/fr\/wp-json\/wp\/v2\/product\/24402","targetHints":{"allow":["GET"]}}],"collection":[{"href":"https:\/\/sotooutdoors.eu\/fr\/wp-json\/wp\/v2\/product"}],"about":[{"href":"https:\/\/sotooutdoors.eu\/fr\/wp-json\/wp\/v2\/types\/product"}],"wp:featuredmedia":[{"embeddable":true,"href":"https:\/\/sotooutdoors.eu\/fr\/wp-json\/wp\/v2\/media\/24403"}],"wp:attachment":[{"href":"https:\/\/sotooutdoors.eu\/fr\/wp-json\/wp\/v2\/media?parent=24402"}],"wp:term":[{"taxonomy":"product_brand","embeddable":true,"href":"https:\/\/sotooutdoors.eu\/fr\/wp-json\/wp\/v2\/product_brand?post=24402"},{"taxonomy":"product_cat","embeddable":true,"href":"https:\/\/sotooutdoors.eu\/fr\/wp-json\/wp\/v2\/product_cat?post=24402"},{"taxonomy":"product_tag","embeddable":true,"href":"https:\/\/sotooutdoors.eu\/fr\/wp-json\/wp\/v2\/product_tag?post=24402"}],"curies":[{"name":"wp","href":"https:\/\/api.w.org\/{rel}","templated":true}]}}