{"id":24407,"date":"2021-04-23T21:02:29","date_gmt":"2021-04-23T20:02:29","guid":{"rendered":"https:\/\/sotooutdoors.eu\/produkt\/kit-dentretien-pour-muka\/"},"modified":"2022-04-12T14:56:58","modified_gmt":"2022-04-12T13:56:58","slug":"kit-d-entretien-muka","status":"publish","type":"product","link":"https:\/\/sotooutdoors.eu\/fr\/produkt\/kit-d-entretien-muka\/","title":{"rendered":"MUKA &#8211; Kit d&rsquo;entretien"},"content":{"rendered":"<div class=\"fusion-fullwidth fullwidth-box fusion-builder-row-1 fusion-flex-container nonhundred-percent-fullwidth non-hundred-percent-height-scrolling\" style=\"--awb-border-radius-top-left:0px;--awb-border-radius-top-right:0px;--awb-border-radius-bottom-right:0px;--awb-border-radius-bottom-left:0px;--awb-flex-wrap:wrap;\" ><div class=\"fusion-builder-row fusion-row fusion-flex-align-items-flex-start fusion-flex-content-wrap\" style=\"max-width:1216.8px;margin-left: calc(-4% \/ 2 );margin-right: calc(-4% \/ 2 );\"><div class=\"fusion-layout-column fusion_builder_column fusion-builder-column-0 fusion_builder_column_1_1 1_1 fusion-flex-column\" style=\"--awb-bg-size:cover;--awb-width-large:100%;--awb-margin-top-large:15px;--awb-spacing-right-large:1.92%;--awb-margin-bottom-large:15px;--awb-spacing-left-large:1.92%;--awb-width-medium:100%;--awb-order-medium:0;--awb-spacing-right-medium:1.92%;--awb-spacing-left-medium:1.92%;--awb-width-small:100%;--awb-order-small:0;--awb-spacing-right-small:1.92%;--awb-spacing-left-small:1.92%;\"><div class=\"fusion-column-wrapper fusion-column-has-shadow fusion-flex-justify-content-flex-start fusion-content-layout-column\"><div class=\"fusion-text fusion-text-1\"><p><strong>Contenu du packaging<\/strong><\/p>\n<ul>\n<li>2 joints toriques P-34<\/li>\n<li>Ressort pour emp\u00eacher le reflux<\/li>\n<li>Joints toriques S-3<\/li>\n<li>Clapet anti-retour<\/li>\n<li>Joint torique 13,8 x 2 mm<\/li>\n<li>Filtre de remplacement pour<a href=\"https:\/\/sotooutdoors.eu\/fr\/produkt\/smart-pompe\/\">SmartPumu de SOTO<\/a><\/li>\n<li>Graisse de silicone<\/li>\n<li>Joint d&rsquo;arbre de pompe pour<a href=\"https:\/\/sotooutdoors.eu\/fr\/produkt\/smart-pompe\/\">SmartPump de SOTO<\/a><\/li>\n<li><\/li>\n<\/ul>\n<\/div><\/div><\/div><\/div><\/div>\n","protected":false},"excerpt":{"rendered":"<p>Le kit d&rsquo;entretien Muka permet de maintenir votre<a href=\"https:\/\/sotooutdoors.eu\/produkt\/muka\/\">r\u00e9chaud \u00e0 essence SOTO Muka<\/a> en bon \u00e9tat de fonctionnement. Divers accessoires pour l&rsquo;entretien et le remplacement des pi\u00e8ces d\u00e9tach\u00e9es individuelles. Ainsi, vous \u00eates pr\u00eat \u00e0 parer \u00e0 tout probl\u00e8me avec le r\u00e9chaud en pleine excursion et vous n&rsquo;\u00eates pas oblig\u00e9 de faire une croix sur votre d\u00eener chaud.<\/p>\n","protected":false},"featured_media":24408,"template":"","meta":[],"product_brand":[],"product_cat":[229],"product_tag":[],"class_list":{"0":"post-24407","1":"product","2":"type-product","3":"status-publish","4":"has-post-thumbnail","6":"product_cat-accessoires","8":"first","9":"instock","10":"shipping-taxable","11":"purchasable","12":"product-type-simple"},"_links":{"self":[{"href":"https:\/\/sotooutdoors.eu\/fr\/wp-json\/wp\/v2\/product\/24407","targetHints":{"allow":["GET"]}}],"collection":[{"href":"https:\/\/sotooutdoors.eu\/fr\/wp-json\/wp\/v2\/product"}],"about":[{"href":"https:\/\/sotooutdoors.eu\/fr\/wp-json\/wp\/v2\/types\/product"}],"wp:featuredmedia":[{"embeddable":true,"href":"https:\/\/sotooutdoors.eu\/fr\/wp-json\/wp\/v2\/media\/24408"}],"wp:attachment":[{"href":"https:\/\/sotooutdoors.eu\/fr\/wp-json\/wp\/v2\/media?parent=24407"}],"wp:term":[{"taxonomy":"product_brand","embeddable":true,"href":"https:\/\/sotooutdoors.eu\/fr\/wp-json\/wp\/v2\/product_brand?post=24407"},{"taxonomy":"product_cat","embeddable":true,"href":"https:\/\/sotooutdoors.eu\/fr\/wp-json\/wp\/v2\/product_cat?post=24407"},{"taxonomy":"product_tag","embeddable":true,"href":"https:\/\/sotooutdoors.eu\/fr\/wp-json\/wp\/v2\/product_tag?post=24407"}],"curies":[{"name":"wp","href":"https:\/\/api.w.org\/{rel}","templated":true}]}}