{"id":24506,"date":"2020-01-24T23:59:02","date_gmt":"2020-01-24T22:59:02","guid":{"rendered":"https:\/\/sotooutdoors.eu\/produkt\/bouteille-de-carburant\/"},"modified":"2022-01-18T19:36:26","modified_gmt":"2022-01-18T18:36:26","slug":"fuel-bottle","status":"publish","type":"product","link":"https:\/\/sotooutdoors.eu\/fr\/produkt\/fuel-bottle\/","title":{"rendered":"Bouteille de carburant"},"content":{"rendered":"<div class=\"fusion-fullwidth fullwidth-box fusion-builder-row-1 nonhundred-percent-fullwidth non-hundred-percent-height-scrolling\" style=\"--awb-border-radius-top-left:0px;--awb-border-radius-top-right:0px;--awb-border-radius-bottom-right:0px;--awb-border-radius-bottom-left:0px;--awb-flex-wrap:wrap;\" ><div class=\"fusion-builder-row fusion-row\"><div class=\"fusion-layout-column fusion_builder_column fusion-builder-column-0 fusion_builder_column_1_1 1_1 fusion-one-full fusion-column-first fusion-column-last\" style=\"--awb-bg-size:cover;\"><div class=\"fusion-column-wrapper fusion-column-has-shadow fusion-flex-column-wrapper-legacy\"><div class=\"fusion-text fusion-text-1\"><p><strong>D\u00e9tails<\/strong><\/p>\n<ul>\n<li>Convient pour la SmartPump de SOTO<\/li>\n<li>Tr\u00e8s l\u00e9ger<\/li>\n<li>Robuste<\/li>\n<li>Facile \u00e0 remplir et \u00e0 nettoyer<\/li>\n<\/ul>\n<p><strong>Contenu du packaging<\/strong><\/p>\n<ul>\n<li>1 bouteille<\/li>\n<\/ul>\n<\/div><div class=\"fusion-clearfix\"><\/div><\/div><\/div><\/div><\/div>\n","protected":false},"excerpt":{"rendered":"<p>Bouteille de carburant en aluminium \u00e0 utiliser avec les r\u00e9chauds \u00e0 essence<a href=\"https:\/\/sotooutdoors.eu\/produkt\/muka\/\"> SOTO MUKA<\/a> et <a href=\"https:\/\/sotooutdoors.eu\/produkt\/stormbreaker\/\">SOTO Stormbreaker<\/a> (syst\u00e8me SmartPump).<\/p>\n<p>La bouteille de carburant est une bouteille d&rsquo;essence \u00e0 ouverture large sp\u00e9cialement con\u00e7ue pour fonctionner avec la SmartPump de SOTO. Ce syst\u00e8me fonctionne \u00e0 une pression de fonctionnement plus \u00e9lev\u00e9e que les r\u00e9chauds \u00e0 essence traditionnels. La bouteille de carburant poss\u00e8de par cons\u00e9quent une paroi plus \u00e9paisse et une base incurv\u00e9e vers l&rsquo;int\u00e9rieur. Le filetage large avec de nombreux tours de filetage conf\u00e8re \u00e0 la pompe une prise propre. L&rsquo;ouverture large facilite \u00e9galement l&rsquo;introduction de combustible dans la bouteille tout en pouvant observer le niveau de combustible, et facilite le nettoyage de la bouteille, par exemple lorsque de l&rsquo;essence automobile sans plomb y est rest\u00e9e stock\u00e9e pendant une p\u00e9riode prolong\u00e9e.<\/p>\n<p>Remarque : Le syst\u00e8me SmartPump n\u00e9cessitant une quantit\u00e9 d&rsquo;air relativement importante, les bouteilles destin\u00e9es \u00e0 faire fonctionner le br\u00fbleur ne doivent pas \u00eatre remplies au-del\u00e0 du volume utilisable. Les niveaux de remplissage maximum sont marqu\u00e9s.<\/p>\n<p>Disponible dans les tailles suivantes :<\/p>\n<ul>\n<li>280 ml de volume utilisable, 400 ml de volume total<\/li>\n<li>480 ml de volume utilisable, 700 ml de volume total<\/li>\n<li>720 ml de volume utilisable, 1000 ml de volume total<\/li>\n<\/ul>\n","protected":false},"featured_media":24507,"template":"","meta":[],"product_brand":[],"product_cat":[229,223],"product_tag":[],"class_list":{"0":"post-24506","1":"product","2":"type-product","3":"status-publish","4":"has-post-thumbnail","6":"product_cat-accessoires","7":"product_cat-rechauds","9":"first","10":"instock","11":"shipping-taxable","12":"purchasable","13":"product-type-variable"},"_links":{"self":[{"href":"https:\/\/sotooutdoors.eu\/fr\/wp-json\/wp\/v2\/product\/24506","targetHints":{"allow":["GET"]}}],"collection":[{"href":"https:\/\/sotooutdoors.eu\/fr\/wp-json\/wp\/v2\/product"}],"about":[{"href":"https:\/\/sotooutdoors.eu\/fr\/wp-json\/wp\/v2\/types\/product"}],"wp:featuredmedia":[{"embeddable":true,"href":"https:\/\/sotooutdoors.eu\/fr\/wp-json\/wp\/v2\/media\/24507"}],"wp:attachment":[{"href":"https:\/\/sotooutdoors.eu\/fr\/wp-json\/wp\/v2\/media?parent=24506"}],"wp:term":[{"taxonomy":"product_brand","embeddable":true,"href":"https:\/\/sotooutdoors.eu\/fr\/wp-json\/wp\/v2\/product_brand?post=24506"},{"taxonomy":"product_cat","embeddable":true,"href":"https:\/\/sotooutdoors.eu\/fr\/wp-json\/wp\/v2\/product_cat?post=24506"},{"taxonomy":"product_tag","embeddable":true,"href":"https:\/\/sotooutdoors.eu\/fr\/wp-json\/wp\/v2\/product_tag?post=24506"}],"curies":[{"name":"wp","href":"https:\/\/api.w.org\/{rel}","templated":true}]}}