{"id":24511,"date":"2020-01-24T23:52:03","date_gmt":"2020-01-24T22:52:03","guid":{"rendered":"https:\/\/sotooutdoors.eu\/produkt\/pompe-intelligente\/"},"modified":"2022-01-30T22:13:48","modified_gmt":"2022-01-30T21:13:48","slug":"smart-pompe","status":"publish","type":"product","link":"https:\/\/sotooutdoors.eu\/fr\/produkt\/smart-pompe\/","title":{"rendered":"Smart Pump"},"content":{"rendered":"<div class=\"fusion-fullwidth fullwidth-box fusion-builder-row-1 nonhundred-percent-fullwidth non-hundred-percent-height-scrolling\" style=\"--awb-border-radius-top-left:0px;--awb-border-radius-top-right:0px;--awb-border-radius-bottom-right:0px;--awb-border-radius-bottom-left:0px;--awb-flex-wrap:wrap;\" ><div class=\"fusion-builder-row fusion-row\"><div class=\"fusion-layout-column fusion_builder_column fusion-builder-column-0 fusion_builder_column_1_1 1_1 fusion-one-full fusion-column-first fusion-column-last\" style=\"--awb-bg-size:cover;\"><div class=\"fusion-column-wrapper fusion-column-has-shadow fusion-flex-column-wrapper-legacy\"><div class=\"fusion-text fusion-text-1\"><p><strong>D\u00e9tails<\/strong><\/p>\n<ul>\n<li>Pompe tr\u00e8s efficace et stable avec un affichage pr\u00e9cis de la pression<\/li>\n<li>Le bo\u00eetier et le m\u00e9canisme de la pompe sont fabriqu\u00e9s en m\u00e9tal de haute qualit\u00e9<\/li>\n<li>La molette de r\u00e9glage est en aluminium et poss\u00e8de des roulements \u00e0 billes<\/li>\n<li>Le pas de vis est en plastique de haute qualit\u00e9<\/li>\n<li>Fonction d&rsquo;arr\u00eat d&rsquo;urgence<\/li>\n<\/ul>\n<p><strong>Contenu du packaging<\/strong><\/p>\n<ul>\n<li>1 Smart Pump<\/li>\n<\/ul>\n<\/div><div class=\"fusion-clearfix\"><\/div><\/div><\/div><\/div><\/div>\n","protected":false},"excerpt":{"rendered":"<p data-pm-slice=\"1 1 []\"><strong>Pompe \u00e0 essence innovante pour les r\u00e9chauds Stormbreaker et Muka<\/strong><\/p>\n<p data-pm-slice=\"1 1 []\">Disposant de d\u00e9tails techniques et de propri\u00e9t\u00e9s innovantes, la SmartPump repr\u00e9sente le v\u00e9ritable c\u0153ur des deux r\u00e9chauds \u00e0 essence<a href=\"https:\/\/sotooutdoors.eu\/produkt\/muka\/\"> Muka<\/a> et <a href=\"https:\/\/sotooutdoors.eu\/produkt\/stormbreaker\/\">Stormbreaker<\/a> . Lors de la phase \u00ab d\u00e9marrage \u00bb, elle cr\u00e9e un m\u00e9lange essence-air (a\u00e9rosol) qui br\u00fble d&rsquo;une mani\u00e8re on ne peut plus propre et contr\u00f4l\u00e9e. Cela fera que le pr\u00e9chauffage habituel des r\u00e9chaud \u00e0 essence sera superflu et rendra, par la m\u00eame occasion, la combustion propre et sans aucun r\u00e9sidu. La SmartPump r\u00e9volutionne l&rsquo;id\u00e9e de la fonction et de l&rsquo;effet m\u00eame d&rsquo;un r\u00e9chaud \u00e0 essence, qui est g\u00e9n\u00e9ralement associ\u00e9 \u00e0 ces proc\u00e9dures de pr\u00e9chauffage tellement fastidieuses, \u00e0 la suie et \u00e0 des travaux de nettoyage et d&rsquo;entretien barbants.<\/p>\n<p data-pm-slice=\"1 1 []\">Le cylindre en laiton fabriqu\u00e9 avec pr\u00e9cision avec deux rainures contr\u00f4le avec beaucoup de pr\u00e9cision le d\u00e9bit d&rsquo;essence et d&rsquo;air. La commande rotative assure un fonctionnement intuitif et dispose d&rsquo;une fonction d&rsquo;arr\u00eat d&rsquo;urgence ainsi que d&rsquo;une position de transport qui emp\u00eache les fuites d&rsquo;essence en totale s\u00e9curit\u00e9. Un manom\u00e8tre \u00e0 ressort avec une bande rouge indique si la bouteille a suffisamment de pression. La conduite de combustible du r\u00e9chaud est reli\u00e9e simplement et pr\u00e9cis\u00e9ment \u00e0 la pompe \u00e0 l&rsquo;aide d&rsquo;un raccord \u00e0 ba\u00efonnette.<\/p>\n<p data-pm-slice=\"1 1 []\">Convient aux r\u00e9chauds<a href=\"https:\/\/sotooutdoors.eu\/produkt\/muka\/\"> Muka<\/a> et <a href=\"https:\/\/sotooutdoors.eu\/produkt\/stormbreaker\/\">Stormbreaker.<\/a><\/p>\n<p><strong>4 phases pour la cuisson en mode essence<\/strong><\/p>\n<p>Pr\u00e9paration:<strong> Faire monter la pression et d\u00e9bloquer<\/strong><br \/>\nAvec le bouton rotatif en position STOP, continuez \u00e0 pomper jusqu&rsquo;\u00e0 ce qu&rsquo;un anneau rouge apparaisse sur la petite broche en laiton \u00e0 c\u00f4t\u00e9 de la vanne de r\u00e9gulation. Placez la bouteille de combustible sur le sol de fa\u00e7on \u00e0 avoir le cadran vers le haut et d\u00e9verrouillez le r\u00e9chaud en tirant la molette de r\u00e9glage vers le haut.<\/p>\n<p><strong>START &#8211; cuire imm\u00e9diatement et passer \u00e0 RUN apr\u00e8s environ 30 \u00e0 40 secondes !<\/strong><br \/>\nTournez vers START. La SmartPump g\u00e9n\u00e8re maintenant un m\u00e9lange air-essence (a\u00e9rosol) qui peut s&rsquo;enflammer ais\u00e9ment. Important : enflamme imm\u00e9diatement ! La flamme initialement jaun\u00e2tre devient bleue au fur et \u00e0 mesure que le r\u00e9chaud chauffe. Passage en mode RUN apr\u00e8s environ 30 \u00e0 40 secondes<br \/>\n<strong>ATTENTION<\/strong> : Cette phase est cruciale pour une combustion propre en phase RUN. Si vous passez en mode RUN trop t\u00f4t, la flamme peut devenir sale et incontr\u00f4l\u00e9e comme lors d&rsquo;un pr\u00e9chauffage d&rsquo;un r\u00e9chaud \u00e0 essence normal. Cela peut engendrer de la suie et donc une d\u00e9gradation des performances du r\u00e9chaud. \u00c9vitez de rester trop longtemps dans la phase START, car une quantit\u00e9 relativement importante d&rsquo;air comprim\u00e9 est utilis\u00e9e pour g\u00e9n\u00e9rer l&rsquo;a\u00e9rosol et la pression dans la bouteille de carburant ne doit pas chuter trop bas. Si la pression est trop basse, cela peut \u00e9galement conduire \u00e0 une combustion malpropre et \u00e0 l&rsquo;encrassement ou au colmatage du br\u00fbleur. Cela peut \u00eatre \u00e9vit\u00e9 avec fiabilit\u00e9, notamment, en re-pompant pendant une phase de START plus longue &#8211; par exemple \u00e0 des temp\u00e9ratures n\u00e9gatives tr\u00e8s basses.<\/p>\n<p><strong>RUN &#8211; Des performances \u00e9normes, r\u00e9glables pr\u00e9cis\u00e9ment<\/strong><br \/>\nLa pompe envoie maintenant l&rsquo;essence liquide vers le br\u00fbleur, qui la convertit en gaz combustible via le carburateur. Dans ce mode, l&rsquo;intensit\u00e9 de la flamme bleue peut \u00eatre plus finement r\u00e9gul\u00e9e que par rapport aux autres r\u00e9chauds \u00e0 essence.<\/p>\n<p><strong>AIR &#8211; auto-nettoyage sans r\u00e9sidus de la conduite de carburant et du br\u00fbleur<\/strong><br \/>\nPour arr\u00eater la cuisson, tourner le cadran sur AIR. L&rsquo;alimentation en combustible est interrompue et seul l&rsquo;air est forc\u00e9 \u00e0 travers la conduite de combustible et dans le r\u00e9chaud. Cela signifie que tous les r\u00e9sidus d&rsquo;essence sont br\u00fbl\u00e9s sans pour autant laisser davantage de r\u00e9sidus derri\u00e8re eux. D\u00e8s que la conduite d&rsquo;alimentation et le gicleur ne contiennent plus d&rsquo;essence, la flamme s&rsquo;\u00e9teint. Vous n&rsquo;entendez qu&rsquo;un sifflement et \u00e7a sent l\u00e9g\u00e8rement l&rsquo;essence (car les vapeurs d&rsquo;essence se dissolvent dans l&rsquo;air environnant). Aucune trace d&rsquo;essence ne reste sur le br\u00fbleur lui-m\u00eame.<br \/>\nATTENTION : En mode AIR, l&rsquo;essence restante est pouss\u00e9e hors de la conduite de carburant et le r\u00e9chaud \u00e0 haute pression, le r\u00e9chaud fonctionne au plus haut niveau avec une flamme forte.<\/p>\n<p><strong>STOP &#8211; cuisini\u00e8re off, repas on<\/strong><br \/>\nD\u00e8s que la flamme s&rsquo;est \u00e9teinte et que vous entendez un souffle homog\u00e8ne de l&rsquo;air, tournez la molette sur STOP. Le verrou de transport est activ\u00e9 en appuyant sur le cadran afin que plus aucune essence ne puisse sortir de la bouteille.<\/p>\n","protected":false},"featured_media":24512,"template":"","meta":[],"product_brand":[],"product_cat":[229],"product_tag":[],"class_list":{"0":"post-24511","1":"product","2":"type-product","3":"status-publish","4":"has-post-thumbnail","6":"product_cat-accessoires","8":"first","9":"instock","10":"shipping-taxable","11":"purchasable","12":"product-type-simple"},"_links":{"self":[{"href":"https:\/\/sotooutdoors.eu\/fr\/wp-json\/wp\/v2\/product\/24511","targetHints":{"allow":["GET"]}}],"collection":[{"href":"https:\/\/sotooutdoors.eu\/fr\/wp-json\/wp\/v2\/product"}],"about":[{"href":"https:\/\/sotooutdoors.eu\/fr\/wp-json\/wp\/v2\/types\/product"}],"wp:featuredmedia":[{"embeddable":true,"href":"https:\/\/sotooutdoors.eu\/fr\/wp-json\/wp\/v2\/media\/24512"}],"wp:attachment":[{"href":"https:\/\/sotooutdoors.eu\/fr\/wp-json\/wp\/v2\/media?parent=24511"}],"wp:term":[{"taxonomy":"product_brand","embeddable":true,"href":"https:\/\/sotooutdoors.eu\/fr\/wp-json\/wp\/v2\/product_brand?post=24511"},{"taxonomy":"product_cat","embeddable":true,"href":"https:\/\/sotooutdoors.eu\/fr\/wp-json\/wp\/v2\/product_cat?post=24511"},{"taxonomy":"product_tag","embeddable":true,"href":"https:\/\/sotooutdoors.eu\/fr\/wp-json\/wp\/v2\/product_tag?post=24511"}],"curies":[{"name":"wp","href":"https:\/\/api.w.org\/{rel}","templated":true}]}}