{"id":24517,"date":"2020-01-19T00:12:30","date_gmt":"2020-01-18T23:12:30","guid":{"rendered":"https:\/\/sotooutdoors.eu\/produkt\/combo-thermostack\/"},"modified":"2023-08-11T23:10:29","modified_gmt":"2023-08-11T22:10:29","slug":"combo-thermopile","status":"publish","type":"product","link":"https:\/\/sotooutdoors.eu\/fr\/produkt\/combo-thermopile\/","title":{"rendered":"Combo Thermostack"},"content":{"rendered":"<div class=\"fusion-fullwidth fullwidth-box fusion-builder-row-1 fusion-flex-container nonhundred-percent-fullwidth non-hundred-percent-height-scrolling\" style=\"--awb-border-radius-top-left:0px;--awb-border-radius-top-right:0px;--awb-border-radius-bottom-right:0px;--awb-border-radius-bottom-left:0px;--awb-flex-wrap:wrap;\" ><div class=\"fusion-builder-row fusion-row fusion-flex-align-items-flex-start fusion-flex-content-wrap\" style=\"max-width:1216.8px;margin-left: calc(-4% \/ 2 );margin-right: calc(-4% \/ 2 );\"><div class=\"fusion-layout-column fusion_builder_column fusion-builder-column-0 fusion_builder_column_1_1 1_1 fusion-flex-column\" style=\"--awb-bg-size:cover;--awb-width-large:100%;--awb-margin-top-large:0px;--awb-spacing-right-large:1.92%;--awb-margin-bottom-large:0px;--awb-spacing-left-large:1.92%;--awb-width-medium:100%;--awb-spacing-right-medium:1.92%;--awb-spacing-left-medium:1.92%;--awb-width-small:100%;--awb-spacing-right-small:1.92%;--awb-spacing-left-small:1.92%;\"><div class=\"fusion-column-wrapper fusion-flex-justify-content-flex-start fusion-content-layout-column\"><div class=\"fusion-text fusion-text-1\"><p><strong>D\u00e9tails<\/strong><\/p>\n<ul>\n<li>Robuste<\/li>\n<li>Poids l\u00e9ger<\/li>\n<li>Tr\u00e8s polyvalent<\/li>\n<li>Manchon isolant<\/li>\n<li>Pince \u00e0 prise flexible pour une manipulation facile<\/li>\n<\/ul>\n<p><strong>Contenu du set<\/strong><\/p>\n<ul>\n<li>Housse de transport<\/li>\n<li>Pinces amovible<\/li>\n<li>2 couvercles<\/li>\n<li>Gobelet de 350 ml<\/li>\n<li>Gobelet de 400 ml<\/li>\n<li>casserole de 750 ml<\/li>\n<li>Manchon isolant<\/li>\n<li>Anneau en caoutchouc avec joint en silicone<\/li>\n<\/ul>\n<\/div><div class=\"fusion-image-carousel fusion-image-carousel-auto fusion-image-carousel-1 fusion-carousel-border\"><div class=\"awb-carousel awb-swiper awb-swiper-carousel awb-carousel--carousel awb-swiper-dots-position-bottom\" data-layout=\"carousel\" data-autoplay=\"no\" data-autoplayspeed=\"2500\" data-autoplaypause=\"no\" data-columns=\"5\" data-columnsmedium=\"1\" data-columnssmall=\"1\" data-itemmargin=\"13\" data-itemwidth=\"180\" data-touchscroll=\"no\" data-freemode=\"no\" data-imagesize=\"auto\" data-scrollitems=\"0\" data-centeredslides=\"no\" data-rotationangle=\"50\" data-depth=\"100\" data-speed=\"500\" data-shadow=\"no\" data-pagination=\"bullets\" style=\"--awb-border-width:1px;--awb-border-color:#e9eaee;\"><div class=\"swiper-wrapper awb-image-carousel-wrapper fusion-flex-align-items-center\"><div class=\"swiper-slide\"><div class=\"fusion-carousel-item-wrapper\"><div class=\"fusion-image-wrapper hover-type-none\"><a href=\"https:\/\/sotooutdoors.eu\/fr\/2019-uk-outdoor-industry-award\/\" target=\"_self\"><img decoding=\"async\" width=\"359\" height=\"200\" src=\"https:\/\/sotooutdoors.eu\/wp-content\/uploads\/2021\/04\/UK-outdoor-industry-awards-2019-finalist-combo-preview.png\" class=\"attachment-full size-full lazyload\" alt=\"UK Outdoor Industry Awards 2019 - Finaliste de l&#039;\u00e9quipement de camping\" srcset=\"data:image\/svg+xml,%3Csvg%20xmlns%3D%27http%3A%2F%2Fwww.w3.org%2F2000%2Fsvg%27%20width%3D%27359%27%20height%3D%27200%27%20viewBox%3D%270%200%20359%20200%27%3E%3Crect%20width%3D%27359%27%20height%3D%27200%27%20fill-opacity%3D%220%22%2F%3E%3C%2Fsvg%3E\" data-orig-src=\"https:\/\/sotooutdoors.eu\/wp-content\/uploads\/2021\/04\/UK-outdoor-industry-awards-2019-finalist-combo-preview.png\" data-srcset=\"https:\/\/sotooutdoors.eu\/wp-content\/uploads\/2021\/04\/UK-outdoor-industry-awards-2019-finalist-combo-preview-200x111.png 200w, https:\/\/sotooutdoors.eu\/wp-content\/uploads\/2021\/04\/UK-outdoor-industry-awards-2019-finalist-combo-preview-300x167.png 300w, https:\/\/sotooutdoors.eu\/wp-content\/uploads\/2021\/04\/UK-outdoor-industry-awards-2019-finalist-combo-preview.png 359w\" data-sizes=\"auto\" \/><\/a><\/div><\/div><\/div><\/div><div class=\"awb-swiper-button awb-swiper-button-prev\"><i class=\"awb-icon-angle-left\" aria-hidden=\"true\"><\/i><\/div><div class=\"awb-swiper-button awb-swiper-button-next\"><i class=\"awb-icon-angle-right\" aria-hidden=\"true\"><\/i><\/div><\/div><\/div><\/div><\/div><\/div><\/div>\n","protected":false},"excerpt":{"rendered":"<p><strong>Pas seulement pour les poids plumes<\/strong><\/p>\n<p>Batterie de cuisine 8 pi\u00e8ces totalement \u00e9quip\u00e9e et extr\u00eamement l\u00e9g\u00e8re pour satisfaire jusqu&rsquo;\u00e0 deux voyageurs. En plus des deux tasses (titane et inox) qui peuvent \u00eatre combin\u00e9es pour avoir une tasse isolante, le Thermostack Combo est livr\u00e9 avec une casserole en aluminium d&rsquo;une capacit\u00e9 de 750 ml. La casserole n&rsquo;a pas de rev\u00eatement, mais il est anodis\u00e9. Cela rend la surface de la casserole extr\u00eamement insensible et emp\u00eache les aliments de coller. Un manchon isolant s\u00e9par\u00e9 pour la grande casserole garde les repas au chaud plus longtemps. M\u00e9langer, cuisiner, mesurer, boire : le Thermostack Combo vous assure tout le confort m\u00eame lors des excursions o\u00f9 chaque gramme a son importance.<\/p>\n","protected":false},"featured_media":24518,"template":"","meta":[],"product_brand":[],"product_cat":[225],"product_tag":[],"class_list":{"0":"post-24517","1":"product","2":"type-product","3":"status-publish","4":"has-post-thumbnail","6":"product_cat-ustensiles-de-cuisine","8":"first","9":"instock","10":"featured","11":"shipping-taxable","12":"purchasable","13":"product-type-simple"},"_links":{"self":[{"href":"https:\/\/sotooutdoors.eu\/fr\/wp-json\/wp\/v2\/product\/24517","targetHints":{"allow":["GET"]}}],"collection":[{"href":"https:\/\/sotooutdoors.eu\/fr\/wp-json\/wp\/v2\/product"}],"about":[{"href":"https:\/\/sotooutdoors.eu\/fr\/wp-json\/wp\/v2\/types\/product"}],"wp:featuredmedia":[{"embeddable":true,"href":"https:\/\/sotooutdoors.eu\/fr\/wp-json\/wp\/v2\/media\/24518"}],"wp:attachment":[{"href":"https:\/\/sotooutdoors.eu\/fr\/wp-json\/wp\/v2\/media?parent=24517"}],"wp:term":[{"taxonomy":"product_brand","embeddable":true,"href":"https:\/\/sotooutdoors.eu\/fr\/wp-json\/wp\/v2\/product_brand?post=24517"},{"taxonomy":"product_cat","embeddable":true,"href":"https:\/\/sotooutdoors.eu\/fr\/wp-json\/wp\/v2\/product_cat?post=24517"},{"taxonomy":"product_tag","embeddable":true,"href":"https:\/\/sotooutdoors.eu\/fr\/wp-json\/wp\/v2\/product_tag?post=24517"}],"curies":[{"name":"wp","href":"https:\/\/api.w.org\/{rel}","templated":true}]}}