{"id":24526,"date":"2020-01-19T00:12:30","date_gmt":"2020-01-18T23:12:30","guid":{"rendered":"https:\/\/sotooutdoors.eu\/produkt\/nouveau-pot-de-riviere\/"},"modified":"2023-08-11T23:01:34","modified_gmt":"2023-08-11T22:01:34","slug":"new-river-pot","status":"publish","type":"product","link":"https:\/\/sotooutdoors.eu\/fr\/produkt\/new-river-pot\/","title":{"rendered":"Popote New River"},"content":{"rendered":"<div class=\"fusion-fullwidth fullwidth-box fusion-builder-row-1 nonhundred-percent-fullwidth non-hundred-percent-height-scrolling\" style=\"--awb-border-radius-top-left:0px;--awb-border-radius-top-right:0px;--awb-border-radius-bottom-right:0px;--awb-border-radius-bottom-left:0px;--awb-flex-wrap:wrap;\" ><div class=\"fusion-builder-row fusion-row\"><div class=\"fusion-layout-column fusion_builder_column fusion-builder-column-0 fusion_builder_column_1_1 1_1 fusion-one-full fusion-column-first fusion-column-last\" style=\"--awb-bg-size:cover;--awb-margin-top:0px;--awb-margin-bottom:0px;\"><div class=\"fusion-column-wrapper fusion-flex-column-wrapper-legacy\"><div class=\"fusion-text fusion-text-1\"><p><strong>D\u00e9tails<\/strong><\/p>\n<ul>\n<li>Casserole ultral\u00e9g\u00e8re avec couvercle<\/li>\n<li>Capacit\u00e9 de 1000 ml<\/li>\n<li>Antid\u00e9rapant gr\u00e2ce au dessous rugueux<\/li>\n<li>Le couvercle peut \u00eatre plac\u00e9 \u00e0 l&rsquo;envers pour gagner de la place<\/li>\n<li>Trou d&rsquo;\u00e9vaporation dans le couvercle<\/li>\n<li>Sans danger pour les aliments et sans BPA<\/li>\n<\/ul>\n<p><strong>Contenu du set<\/strong><\/p>\n<ul>\n<li>Casserole d&rsquo;un volume de 1000 ml<\/li>\n<li>Couvercle<\/li>\n<li>Housse de transport<\/li>\n<\/ul>\n<\/div><div class=\"fusion-clearfix\"><\/div><\/div><\/div><\/div><\/div>\n","protected":false},"excerpt":{"rendered":"<p><strong>Pour les routards minimalistes<\/strong><\/p>\n<p>Casserole tr\u00e8s l\u00e9g\u00e8re en aluminium anodis\u00e9. Gr\u00e2ce au couvercle en plastique transparent, vous pourrez toujours jeter un oeil \u00e0 votre repas pendant la cuisson. Le fond de la casserole est finement rugueux et optimise la tenue sur le r\u00e9chaud. En raison de ses dimensions compactes, la casserole en aluminium s&rsquo;int\u00e8gre \u00e9galement dans les petits sacs \u00e0 dos de trekking. La poign\u00e9e peut \u00eatre repli\u00e9e et le couvercle retourn\u00e9 pour le transport.<\/p>\n","protected":false},"featured_media":24369,"template":"","meta":[],"product_brand":[],"product_cat":[225],"product_tag":[],"class_list":{"0":"post-24526","1":"product","2":"type-product","3":"status-publish","4":"has-post-thumbnail","6":"product_cat-ustensiles-de-cuisine","8":"first","9":"instock","10":"featured","11":"shipping-taxable","12":"purchasable","13":"product-type-simple"},"_links":{"self":[{"href":"https:\/\/sotooutdoors.eu\/fr\/wp-json\/wp\/v2\/product\/24526","targetHints":{"allow":["GET"]}}],"collection":[{"href":"https:\/\/sotooutdoors.eu\/fr\/wp-json\/wp\/v2\/product"}],"about":[{"href":"https:\/\/sotooutdoors.eu\/fr\/wp-json\/wp\/v2\/types\/product"}],"wp:featuredmedia":[{"embeddable":true,"href":"https:\/\/sotooutdoors.eu\/fr\/wp-json\/wp\/v2\/media\/24369"}],"wp:attachment":[{"href":"https:\/\/sotooutdoors.eu\/fr\/wp-json\/wp\/v2\/media?parent=24526"}],"wp:term":[{"taxonomy":"product_brand","embeddable":true,"href":"https:\/\/sotooutdoors.eu\/fr\/wp-json\/wp\/v2\/product_brand?post=24526"},{"taxonomy":"product_cat","embeddable":true,"href":"https:\/\/sotooutdoors.eu\/fr\/wp-json\/wp\/v2\/product_cat?post=24526"},{"taxonomy":"product_tag","embeddable":true,"href":"https:\/\/sotooutdoors.eu\/fr\/wp-json\/wp\/v2\/product_tag?post=24526"}],"curies":[{"name":"wp","href":"https:\/\/api.w.org\/{rel}","templated":true}]}}