{"id":24527,"date":"2020-01-19T00:12:30","date_gmt":"2020-01-18T23:12:30","guid":{"rendered":"https:\/\/sotooutdoors.eu\/produkt\/set-de-cuisine-navigator\/"},"modified":"2022-01-30T17:30:34","modified_gmt":"2022-01-30T16:30:34","slug":"set-de-cuisine-navigateur","status":"publish","type":"product","link":"https:\/\/sotooutdoors.eu\/fr\/produkt\/set-de-cuisine-navigateur\/","title":{"rendered":"Set de Cuisine Navigator"},"content":{"rendered":"<div class=\"fusion-fullwidth fullwidth-box fusion-builder-row-1 nonhundred-percent-fullwidth non-hundred-percent-height-scrolling\" style=\"--awb-border-radius-top-left:0px;--awb-border-radius-top-right:0px;--awb-border-radius-bottom-right:0px;--awb-border-radius-bottom-left:0px;--awb-flex-wrap:wrap;\" ><div class=\"fusion-builder-row fusion-row\"><div class=\"fusion-layout-column fusion_builder_column fusion-builder-column-0 fusion_builder_column_1_1 1_1 fusion-one-full fusion-column-first fusion-column-last\" style=\"--awb-bg-size:cover;--awb-margin-top:0px;--awb-margin-bottom:0px;\"><div class=\"fusion-column-wrapper fusion-flex-column-wrapper-legacy\"><div class=\"fusion-text fusion-text-1\" style=\"--awb-text-transform:none;\"><p><strong>D\u00e9tails<\/strong><\/p>\n<ul>\n<li>Set de casseroles pour 1 \u00e0 2 personnes<\/li>\n<li>Casseroles en aluminium stables et ultra-l\u00e9g\u00e8res<\/li>\n<li>Facile \u00e0 nettoyer<\/li>\n<li>R\u00e9sistant \u00e0 la corrosion<\/li>\n<li>Dessous de casserole antid\u00e9rapant<\/li>\n<li>Vous pouvez \u00e9galement utiliser les couvercles de plastique comme planche \u00e0 d\u00e9couper ou tamis, puisque ceux-ci r\u00e9sistent aux coupures<\/li>\n<li>Couvercle avec ouverture d&rsquo;\u00e9vaporation<\/li>\n<li>La poign\u00e9e de la casserole peut \u00eatre utilis\u00e9e comme pince<\/li>\n<li>Le sac thermique gardera vos aliments au chaud six fois plus longtemps<\/li>\n<li>Tous les \u00e9l\u00e9ments peuvent \u00eatre empil\u00e9s les unes dans les autres<\/li>\n<\/ul>\n<p><strong>Contenu du packaging<\/strong><\/p>\n<ul>\n<li>Casserole de 1300 ml<\/li>\n<li>Casserole de 1800 ml<\/li>\n<li>Pinces de pr\u00e9hension<\/li>\n<li>2 couvercles<\/li>\n<li>Chiffon de nettoyage<\/li>\n<li>Couverture thermique<\/li>\n<li>Sac d\u2019emballage<\/li>\n<\/ul>\n<\/div><div class=\"fusion-clearfix\"><\/div><\/div><\/div><\/div><\/div>\n","protected":false},"excerpt":{"rendered":"<p><strong>Une cuisine m\u00fbrement r\u00e9fl\u00e9chie<\/strong><\/p>\n<p>L&rsquo;ensemble de 8 pi\u00e8ces satisfera la plupart des situations de cuisine en plein air. Id\u00e9al pour deux personnes et lors de longues randonn\u00e9es. Tous les ustensiles de cuisine peuvent \u00eatre embo\u00eet\u00e9s et empil\u00e9s les uns dans les autres. La large base de la casserole permet une utilisation optimale des flammes et minimise la chaleur qui s&rsquo;\u00e9chappe sur le c\u00f4t\u00e9, prot\u00e9geant ainsi les alimentations en gaz.<\/p>\n<p>Les casseroles sont en aluminium anodis\u00e9 de haute qualit\u00e9, les couvercles en plastique incassable et ceux-ci r\u00e9sistent parfaitement aux coupures. Ils peuvent \u00eatre utilis\u00e9s comme planche \u00e0 d\u00e9couper ou dessous de plat et ont une ouverture qui permet l&rsquo;\u00e9vaporation.<\/p>\n<p>La couverture thermique (Navi Cosy) gardera au chaud vos petits plats jusqu&rsquo;\u00e0 six fois plus longtemps que les casseroles classiques.<\/p>\n","protected":false},"featured_media":24530,"template":"","meta":[],"product_brand":[],"product_cat":[225],"product_tag":[],"class_list":{"0":"post-24527","1":"product","2":"type-product","3":"status-publish","4":"has-post-thumbnail","6":"product_cat-ustensiles-de-cuisine","8":"first","9":"instock","10":"featured","11":"shipping-taxable","12":"purchasable","13":"product-type-simple"},"_links":{"self":[{"href":"https:\/\/sotooutdoors.eu\/fr\/wp-json\/wp\/v2\/product\/24527","targetHints":{"allow":["GET"]}}],"collection":[{"href":"https:\/\/sotooutdoors.eu\/fr\/wp-json\/wp\/v2\/product"}],"about":[{"href":"https:\/\/sotooutdoors.eu\/fr\/wp-json\/wp\/v2\/types\/product"}],"wp:featuredmedia":[{"embeddable":true,"href":"https:\/\/sotooutdoors.eu\/fr\/wp-json\/wp\/v2\/media\/24530"}],"wp:attachment":[{"href":"https:\/\/sotooutdoors.eu\/fr\/wp-json\/wp\/v2\/media?parent=24527"}],"wp:term":[{"taxonomy":"product_brand","embeddable":true,"href":"https:\/\/sotooutdoors.eu\/fr\/wp-json\/wp\/v2\/product_brand?post=24527"},{"taxonomy":"product_cat","embeddable":true,"href":"https:\/\/sotooutdoors.eu\/fr\/wp-json\/wp\/v2\/product_cat?post=24527"},{"taxonomy":"product_tag","embeddable":true,"href":"https:\/\/sotooutdoors.eu\/fr\/wp-json\/wp\/v2\/product_tag?post=24527"}],"curies":[{"name":"wp","href":"https:\/\/api.w.org\/{rel}","templated":true}]}}