{"id":24531,"date":"2020-01-19T00:12:30","date_gmt":"2020-01-18T23:12:30","guid":{"rendered":"https:\/\/sotooutdoors.eu\/produkt\/aerolid\/"},"modified":"2022-01-10T05:06:08","modified_gmt":"2022-01-10T04:06:08","slug":"aerolid","status":"publish","type":"product","link":"https:\/\/sotooutdoors.eu\/fr\/produkt\/aerolid\/","title":{"rendered":"AeroLid"},"content":{"rendered":"<div class=\"fusion-fullwidth fullwidth-box fusion-builder-row-1 nonhundred-percent-fullwidth non-hundred-percent-height-scrolling\" style=\"--awb-border-radius-top-left:0px;--awb-border-radius-top-right:0px;--awb-border-radius-bottom-right:0px;--awb-border-radius-bottom-left:0px;--awb-flex-wrap:wrap;\" ><div class=\"fusion-builder-row fusion-row\"><div class=\"fusion-layout-column fusion_builder_column fusion-builder-column-0 fusion_builder_column_1_1 1_1 fusion-one-full fusion-column-first fusion-column-last\" style=\"--awb-bg-size:cover;--awb-margin-top:0px;--awb-margin-bottom:0px;\"><div class=\"fusion-column-wrapper fusion-flex-column-wrapper-legacy\"><div class=\"fusion-text fusion-text-1\"><ul>\n<li>Tr\u00e8s l\u00e9ger<\/li>\n<li>Bien isolant<\/li>\n<\/ul>\n<p><strong>Contenu du packaging<\/strong><\/p>\n<ul>\n<li>AeroLid<\/li>\n<\/ul>\n<\/div><div class=\"fusion-clearfix\"><\/div><\/div><\/div><\/div><\/div>\n","protected":false},"excerpt":{"rendered":"<p><strong>Couvercle pour la tasse Aero<\/strong><\/p>\n<p>L&rsquo;AeroLid est le couvercle assorti pour la grande tasse Aero. Plus l\u00e9ger que les couvercles conventionnels de ce type, il ferme le gobelet avec fiabilit\u00e9 et emp\u00eache le contenu de fuir.<\/p>\n","protected":false},"featured_media":24532,"template":"","meta":[],"product_brand":[],"product_cat":[229,225],"product_tag":[],"class_list":{"0":"post-24531","1":"product","2":"type-product","3":"status-publish","4":"has-post-thumbnail","6":"product_cat-accessoires","7":"product_cat-ustensiles-de-cuisine","9":"first","10":"instock","11":"shipping-taxable","12":"purchasable","13":"product-type-simple"},"_links":{"self":[{"href":"https:\/\/sotooutdoors.eu\/fr\/wp-json\/wp\/v2\/product\/24531","targetHints":{"allow":["GET"]}}],"collection":[{"href":"https:\/\/sotooutdoors.eu\/fr\/wp-json\/wp\/v2\/product"}],"about":[{"href":"https:\/\/sotooutdoors.eu\/fr\/wp-json\/wp\/v2\/types\/product"}],"wp:featuredmedia":[{"embeddable":true,"href":"https:\/\/sotooutdoors.eu\/fr\/wp-json\/wp\/v2\/media\/24532"}],"wp:attachment":[{"href":"https:\/\/sotooutdoors.eu\/fr\/wp-json\/wp\/v2\/media?parent=24531"}],"wp:term":[{"taxonomy":"product_brand","embeddable":true,"href":"https:\/\/sotooutdoors.eu\/fr\/wp-json\/wp\/v2\/product_brand?post=24531"},{"taxonomy":"product_cat","embeddable":true,"href":"https:\/\/sotooutdoors.eu\/fr\/wp-json\/wp\/v2\/product_cat?post=24531"},{"taxonomy":"product_tag","embeddable":true,"href":"https:\/\/sotooutdoors.eu\/fr\/wp-json\/wp\/v2\/product_tag?post=24531"}],"curies":[{"name":"wp","href":"https:\/\/api.w.org\/{rel}","templated":true}]}}