{"id":24534,"date":"2020-01-19T00:12:30","date_gmt":"2020-01-18T23:12:30","guid":{"rendered":"https:\/\/sotooutdoors.eu\/produkt\/cuillere-de-poche\/"},"modified":"2022-01-30T22:31:48","modified_gmt":"2022-01-30T21:31:48","slug":"pocket-spork","status":"publish","type":"product","link":"https:\/\/sotooutdoors.eu\/fr\/produkt\/pocket-spork\/","title":{"rendered":"Pocket Spork"},"content":{"rendered":"<div class=\"fusion-fullwidth fullwidth-box fusion-builder-row-1 fusion-flex-container nonhundred-percent-fullwidth non-hundred-percent-height-scrolling\" style=\"--awb-border-radius-top-left:0px;--awb-border-radius-top-right:0px;--awb-border-radius-bottom-right:0px;--awb-border-radius-bottom-left:0px;--awb-flex-wrap:wrap;\" ><div class=\"fusion-builder-row fusion-row fusion-flex-align-items-flex-start fusion-flex-content-wrap\" style=\"max-width:1216.8px;margin-left: calc(-4% \/ 2 );margin-right: calc(-4% \/ 2 );\"><div class=\"fusion-layout-column fusion_builder_column fusion-builder-column-0 fusion_builder_column_1_1 1_1 fusion-flex-column\" style=\"--awb-bg-size:cover;--awb-width-large:100%;--awb-margin-top-large:0px;--awb-spacing-right-large:1.92%;--awb-margin-bottom-large:0px;--awb-spacing-left-large:1.92%;--awb-width-medium:100%;--awb-spacing-right-medium:1.92%;--awb-spacing-left-medium:1.92%;--awb-width-small:100%;--awb-spacing-right-small:1.92%;--awb-spacing-left-small:1.92%;\"><div class=\"fusion-column-wrapper fusion-flex-justify-content-flex-start fusion-content-layout-column\"><div class=\"fusion-text fusion-text-1\" style=\"--awb-text-transform:none;\"><p><strong>D\u00e9tails<\/strong><\/p>\n<ul>\n<li>Tr\u00e8s l\u00e9g\u00e8re<\/li>\n<li>Robuste<\/li>\n<li>Utilisation on ne peut plus simples<\/li>\n<li>Convient \u00e9galement pour les sacs de nourriture de trekking ou les r\u00e9cipients profonds<\/li>\n<\/ul>\n<p><strong>Contenu du packaging<\/strong><\/p>\n<ul>\n<li>1 cuill\u00e8re-fourchette de poche<\/li>\n<\/ul>\n<\/div><\/div><\/div><\/div><\/div>\n","protected":false},"excerpt":{"rendered":"<p><strong>Une cuill\u00e8re et une fourchette r\u00e9unies en un seul couvert<\/strong><\/p>\n<p>Cette combinaison d&rsquo;une cuill\u00e8re et d&rsquo;une fourchette bien pens\u00e9e permet d&rsquo;\u00e9conomiser de l&rsquo;espace et du poids dans le sac \u00e0 dos. Extr\u00eamement l\u00e9ger et pliable, elle est en plus dot\u00e9e d&rsquo;un poids n\u00e9gligeable. Une fois d\u00e9pli\u00e9e, elle est assez longue pour que vous puissiez manger confortablement m\u00eame dans des sachets de nourriture de trekking profonds. La cuill\u00e8re-fourchette est de forme ergonomique et est totalement d\u00e9nu\u00e9 de go\u00fbt superflu gr\u00e2ce au titane dont elle est fabriqu\u00e9e.<\/p>\n","protected":false},"featured_media":27446,"template":"","meta":[],"product_brand":[],"product_cat":[229,225],"product_tag":[],"class_list":{"0":"post-24534","1":"product","2":"type-product","3":"status-publish","4":"has-post-thumbnail","6":"product_cat-accessoires","7":"product_cat-ustensiles-de-cuisine","9":"first","10":"instock","11":"featured","12":"shipping-taxable","13":"purchasable","14":"product-type-simple"},"_links":{"self":[{"href":"https:\/\/sotooutdoors.eu\/fr\/wp-json\/wp\/v2\/product\/24534","targetHints":{"allow":["GET"]}}],"collection":[{"href":"https:\/\/sotooutdoors.eu\/fr\/wp-json\/wp\/v2\/product"}],"about":[{"href":"https:\/\/sotooutdoors.eu\/fr\/wp-json\/wp\/v2\/types\/product"}],"wp:featuredmedia":[{"embeddable":true,"href":"https:\/\/sotooutdoors.eu\/fr\/wp-json\/wp\/v2\/media\/27446"}],"wp:attachment":[{"href":"https:\/\/sotooutdoors.eu\/fr\/wp-json\/wp\/v2\/media?parent=24534"}],"wp:term":[{"taxonomy":"product_brand","embeddable":true,"href":"https:\/\/sotooutdoors.eu\/fr\/wp-json\/wp\/v2\/product_brand?post=24534"},{"taxonomy":"product_cat","embeddable":true,"href":"https:\/\/sotooutdoors.eu\/fr\/wp-json\/wp\/v2\/product_cat?post=24534"},{"taxonomy":"product_tag","embeddable":true,"href":"https:\/\/sotooutdoors.eu\/fr\/wp-json\/wp\/v2\/product_tag?post=24534"}],"curies":[{"name":"wp","href":"https:\/\/api.w.org\/{rel}","templated":true}]}}