{"id":24619,"date":"2020-01-19T00:12:29","date_gmt":"2020-01-18T23:12:29","guid":{"rendered":"https:\/\/sotooutdoors.eu\/produkt\/micro-regulateur-poele\/"},"modified":"2022-04-12T14:55:08","modified_gmt":"2022-04-12T13:55:08","slug":"micro-regulator","status":"publish","type":"product","link":"https:\/\/sotooutdoors.eu\/fr\/produkt\/micro-regulator\/","title":{"rendered":"Micro Regulator"},"content":{"rendered":"<div class=\"fusion-fullwidth fullwidth-box fusion-builder-row-1 fusion-flex-container nonhundred-percent-fullwidth non-hundred-percent-height-scrolling\" style=\"--awb-border-radius-top-left:0px;--awb-border-radius-top-right:0px;--awb-border-radius-bottom-right:0px;--awb-border-radius-bottom-left:0px;--awb-flex-wrap:wrap;\" ><div class=\"fusion-builder-row fusion-row fusion-flex-align-items-flex-start fusion-flex-content-wrap\" style=\"max-width:1216.8px;margin-left: calc(-4% \/ 2 );margin-right: calc(-4% \/ 2 );\"><div class=\"fusion-layout-column fusion_builder_column fusion-builder-column-0 fusion_builder_column_1_1 1_1 fusion-flex-column\" style=\"--awb-bg-size:cover;--awb-width-large:100%;--awb-margin-top-large:0px;--awb-spacing-right-large:1.92%;--awb-margin-bottom-large:0px;--awb-spacing-left-large:1.92%;--awb-width-medium:100%;--awb-spacing-right-medium:1.92%;--awb-spacing-left-medium:1.92%;--awb-width-small:100%;--awb-spacing-right-small:1.92%;--awb-spacing-left-small:1.92%;\"><div class=\"fusion-column-wrapper fusion-flex-justify-content-flex-start fusion-content-layout-column\"><div class=\"fusion-text fusion-text-1\"><p><strong>D\u00e9tails<\/strong><\/p>\n<ul>\n<li>Tr\u00e8s grande t\u00eate de br\u00fbleur<\/li>\n<li>Tr\u00e8s facile \u00e0 utiliser<\/li>\n<li>1 litre d&rsquo;eau bouillant en moins de 4 minutes<\/li>\n<li>Fonctionne de mani\u00e8re s\u00fbr \u00e0 basse temp\u00e9rature<\/li>\n<li>Support de casserole stable avec max. Envergure de 11,2 cm<\/li>\n<li>Construction minimaliste<\/li>\n<li>Pliable pour ne prendre que peu de place<\/li>\n<li>Br\u00fble tr\u00e8s silencieusement<\/li>\n<\/ul>\n<p><strong>Contenu du packaging<\/strong><\/p>\n<ul>\n<li>Le r\u00e9chaud<\/li>\n<li>Sac d&#8217;emballage<\/li>\n<\/ul>\n<\/div><div class=\"fusion-image-carousel fusion-image-carousel-auto fusion-image-carousel-1 fusion-carousel-border\"><div class=\"awb-carousel awb-swiper awb-swiper-carousel awb-carousel--carousel awb-swiper-dots-position-bottom\" data-layout=\"carousel\" data-autoplay=\"no\" data-autoplayspeed=\"2500\" data-autoplaypause=\"no\" data-columns=\"5\" data-columnsmedium=\"1\" data-columnssmall=\"1\" data-itemmargin=\"13\" data-itemwidth=\"180\" data-touchscroll=\"no\" data-freemode=\"no\" data-imagesize=\"auto\" data-scrollitems=\"0\" data-centeredslides=\"no\" data-rotationangle=\"50\" data-depth=\"100\" data-speed=\"500\" data-shadow=\"no\" data-pagination=\"bullets\" style=\"--awb-border-width:1px;--awb-border-color:#e9eaee;\"><div class=\"swiper-wrapper awb-image-carousel-wrapper fusion-flex-align-items-center\"><div class=\"swiper-slide\"><div class=\"fusion-carousel-item-wrapper\"><div class=\"fusion-image-wrapper hover-type-none\"><a href=\"https:\/\/sotooutdoors.eu\/fr\/2010-prix-du-choix-des-redacteurs-en-plein-air-et-routards\/\" target=\"_self\"><img decoding=\"async\" width=\"242\" height=\"200\" src=\"https:\/\/sotooutdoors.eu\/wp-content\/uploads\/2020\/01\/2010-outdoor-backpacker-editors-choice-awards-micro-regulator.png\" class=\"attachment-full size-full lazyload\" alt=\"Editors&#039; Choice Awards 2010 pour le R\u00e9chaud Micro-R\u00e9gulateur\" srcset=\"data:image\/svg+xml,%3Csvg%20xmlns%3D%27http%3A%2F%2Fwww.w3.org%2F2000%2Fsvg%27%20width%3D%27242%27%20height%3D%27200%27%20viewBox%3D%270%200%20242%20200%27%3E%3Crect%20width%3D%27242%27%20height%3D%27200%27%20fill-opacity%3D%220%22%2F%3E%3C%2Fsvg%3E\" data-orig-src=\"https:\/\/sotooutdoors.eu\/wp-content\/uploads\/2020\/01\/2010-outdoor-backpacker-editors-choice-awards-micro-regulator.png\" data-srcset=\"https:\/\/sotooutdoors.eu\/wp-content\/uploads\/2020\/01\/2010-outdoor-backpacker-editors-choice-awards-micro-regulator-200x165.png 200w, https:\/\/sotooutdoors.eu\/wp-content\/uploads\/2020\/01\/2010-outdoor-backpacker-editors-choice-awards-micro-regulator.png 242w\" data-sizes=\"auto\" \/><\/a><\/div><\/div><\/div><\/div><div class=\"awb-swiper-button awb-swiper-button-prev\"><i class=\"awb-icon-angle-left\" aria-hidden=\"true\"><\/i><\/div><div class=\"awb-swiper-button awb-swiper-button-next\"><i class=\"awb-icon-angle-right\" aria-hidden=\"true\"><\/i><\/div><\/div><\/div><\/div><\/div><\/div><\/div>\n","protected":false},"excerpt":{"rendered":"<p><strong>Performances fiables m\u00eame avec des temp\u00e9ratures inf\u00e9rieures \u00e0 z\u00e9ro<\/strong><\/p>\n<p>Le r\u00e9chaud micro-r\u00e9gulateur SOTO est un r\u00e9chaud \u00e0 gaz tr\u00e8s l\u00e9ger qui fonctionne de mani\u00e8re s\u00e9curis\u00e9e m\u00eame \u00e0 des temp\u00e9ratures bien inf\u00e9rieures au point de cong\u00e9lation. La raison en est le syst\u00e8me de micro-r\u00e9gulateur brevet\u00e9 dans le monde entier \u00e0 l&rsquo;int\u00e9rieur du br\u00fbleur. Il garantit que la puissance du br\u00fbleur reste constamment \u00e9lev\u00e9e m\u00eame lorsque la cartouche est presque vide, que les temp\u00e9ratures sont basses mais aussi que la pression diminue. A peu pr\u00e8s 1,5 heures, c&rsquo;est la dur\u00e9e d&rsquo;une cartouche de gaz de 250 grammes \u00e0 puissance maximale.<\/p>\n<p>Le br\u00fbleur s&rsquo;allume via l&rsquo;allumeur pi\u00e9zo int\u00e9gr\u00e9. De par ses tr\u00e8s hautes performances, le r\u00e9chaud l\u00e9ger (70 g) permet de porter \u00e0 \u00e9bullition 1 litre d&rsquo;eau en moins de 4 minutes, m\u00eame en hiver. Le support de casserole robuste garantit un support s\u00fbr et la construction minimaliste le rend facile \u00e0 utiliser. Comme tous les r\u00e9chauds de SOTO, il peut \u00eatre dos\u00e9 tr\u00e8s pr\u00e9cis\u00e9ment gr\u00e2ce au r\u00e9gulateur de haute qualit\u00e9 int\u00e9gr\u00e9. Le support de casserole convient \u00e0 tout type de r\u00e9cipients de cuisine, de la plus petite tasse en acier inoxydable \u00e0 la plus grande casserole.<\/p>\n","protected":false},"featured_media":24620,"template":"","meta":[],"product_brand":[],"product_cat":[223],"product_tag":[],"class_list":{"0":"post-24619","1":"product","2":"type-product","3":"status-publish","4":"has-post-thumbnail","6":"product_cat-rechauds","8":"first","9":"instock","10":"shipping-taxable","11":"purchasable","12":"product-type-simple"},"_links":{"self":[{"href":"https:\/\/sotooutdoors.eu\/fr\/wp-json\/wp\/v2\/product\/24619","targetHints":{"allow":["GET"]}}],"collection":[{"href":"https:\/\/sotooutdoors.eu\/fr\/wp-json\/wp\/v2\/product"}],"about":[{"href":"https:\/\/sotooutdoors.eu\/fr\/wp-json\/wp\/v2\/types\/product"}],"wp:featuredmedia":[{"embeddable":true,"href":"https:\/\/sotooutdoors.eu\/fr\/wp-json\/wp\/v2\/media\/24620"}],"wp:attachment":[{"href":"https:\/\/sotooutdoors.eu\/fr\/wp-json\/wp\/v2\/media?parent=24619"}],"wp:term":[{"taxonomy":"product_brand","embeddable":true,"href":"https:\/\/sotooutdoors.eu\/fr\/wp-json\/wp\/v2\/product_brand?post=24619"},{"taxonomy":"product_cat","embeddable":true,"href":"https:\/\/sotooutdoors.eu\/fr\/wp-json\/wp\/v2\/product_cat?post=24619"},{"taxonomy":"product_tag","embeddable":true,"href":"https:\/\/sotooutdoors.eu\/fr\/wp-json\/wp\/v2\/product_tag?post=24619"}],"curies":[{"name":"wp","href":"https:\/\/api.w.org\/{rel}","templated":true}]}}