{"id":24624,"date":"2020-01-19T00:12:29","date_gmt":"2020-01-18T23:12:29","guid":{"rendered":"https:\/\/sotooutdoors.eu\/produkt\/poele-pliable-compact\/"},"modified":"2022-04-12T14:55:48","modified_gmt":"2022-04-12T13:55:48","slug":"compact-foldable-stove","status":"publish","type":"product","link":"https:\/\/sotooutdoors.eu\/fr\/produkt\/compact-foldable-stove\/","title":{"rendered":"Compact Foldable Stove"},"content":{"rendered":"<div class=\"fusion-fullwidth fullwidth-box fusion-builder-row-1 fusion-flex-container nonhundred-percent-fullwidth non-hundred-percent-height-scrolling\" style=\"--awb-border-radius-top-left:0px;--awb-border-radius-top-right:0px;--awb-border-radius-bottom-right:0px;--awb-border-radius-bottom-left:0px;--awb-flex-wrap:wrap;\" ><div class=\"fusion-builder-row fusion-row fusion-flex-align-items-flex-start fusion-flex-content-wrap\" style=\"max-width:1216.8px;margin-left: calc(-4% \/ 2 );margin-right: calc(-4% \/ 2 );\"><div class=\"fusion-layout-column fusion_builder_column fusion-builder-column-0 fusion_builder_column_1_1 1_1 fusion-flex-column\" style=\"--awb-bg-size:cover;--awb-width-large:100%;--awb-margin-top-large:0px;--awb-spacing-right-large:1.92%;--awb-margin-bottom-large:0px;--awb-spacing-left-large:1.92%;--awb-width-medium:100%;--awb-spacing-right-medium:1.92%;--awb-spacing-left-medium:1.92%;--awb-width-small:100%;--awb-spacing-right-small:1.92%;--awb-spacing-left-small:1.92%;\"><div class=\"fusion-column-wrapper fusion-flex-justify-content-flex-start fusion-content-layout-column\"><div class=\"fusion-text fusion-text-1\" style=\"--awb-text-transform:none;\"><p><strong>D\u00e9tails<\/strong><\/p>\n<ul>\n<li>Pliable jusqu&rsquo;\u00e0 devenir tr\u00e8s petit<\/li>\n<li>Tr\u00e8s facile \u00e0 utiliser<\/li>\n<li>Support de grande casserole stable<\/li>\n<li>Construction minimaliste<\/li>\n<li>Br\u00fble tr\u00e8s silencieusement<\/li>\n<\/ul>\n<p><strong>Contenu du packaging<\/strong><\/p>\n<ul>\n<li>Le r\u00e9chaud<\/li>\n<li>Sac robuste<\/li>\n<\/ul>\n<\/div><\/div><\/div><\/div><\/div>\n","protected":false},"excerpt":{"rendered":"<p><strong>Le plus petit r\u00e9chaud au monde avec allumage pi\u00e9zo<\/strong><\/p>\n<p>Vous ne trouverez pas plus petit : le R\u00e9chaud Compact Pliable peut \u00eatre pli\u00e9 jusqu&rsquo;\u00e0 devenir tr\u00e8s petit, en plus d&rsquo;\u00eatre extr\u00eamement fiable et puissant dans toutes les conditions m\u00e9t\u00e9orologiques.<\/p>\n<p>Le support de casserole est repli\u00e9 sur le c\u00f4t\u00e9 du br\u00fbleur. Cela signifie que le R\u00e9chaud Compact Pliable b\u00e9n\u00e9ficie de dimensions extr\u00eamement petites. Une fois ouvert, il offre assez d&rsquo;espace pour de grandes casseroles et po\u00eales. Gr\u00e2ce \u00e0 l&rsquo;allumage pi\u00e9zo, le br\u00fbleur peut \u00eatre d\u00e9marr\u00e9 en appuyant simplement sur un bouton.<\/p>\n<p>Id\u00e9al pour de longues randonn\u00e9es o\u00f9 la taille et le poids dans le sac comptent \u00e9norm\u00e9ment.<\/p>\n","protected":false},"featured_media":24625,"template":"","meta":[],"product_brand":[],"product_cat":[223],"product_tag":[],"class_list":{"0":"post-24624","1":"product","2":"type-product","3":"status-publish","4":"has-post-thumbnail","6":"product_cat-rechauds","8":"first","9":"instock","10":"shipping-taxable","11":"purchasable","12":"product-type-simple"},"_links":{"self":[{"href":"https:\/\/sotooutdoors.eu\/fr\/wp-json\/wp\/v2\/product\/24624","targetHints":{"allow":["GET"]}}],"collection":[{"href":"https:\/\/sotooutdoors.eu\/fr\/wp-json\/wp\/v2\/product"}],"about":[{"href":"https:\/\/sotooutdoors.eu\/fr\/wp-json\/wp\/v2\/types\/product"}],"wp:featuredmedia":[{"embeddable":true,"href":"https:\/\/sotooutdoors.eu\/fr\/wp-json\/wp\/v2\/media\/24625"}],"wp:attachment":[{"href":"https:\/\/sotooutdoors.eu\/fr\/wp-json\/wp\/v2\/media?parent=24624"}],"wp:term":[{"taxonomy":"product_brand","embeddable":true,"href":"https:\/\/sotooutdoors.eu\/fr\/wp-json\/wp\/v2\/product_brand?post=24624"},{"taxonomy":"product_cat","embeddable":true,"href":"https:\/\/sotooutdoors.eu\/fr\/wp-json\/wp\/v2\/product_cat?post=24624"},{"taxonomy":"product_tag","embeddable":true,"href":"https:\/\/sotooutdoors.eu\/fr\/wp-json\/wp\/v2\/product_tag?post=24624"}],"curies":[{"name":"wp","href":"https:\/\/api.w.org\/{rel}","templated":true}]}}