{"id":24630,"date":"2020-01-19T00:12:29","date_gmt":"2020-01-18T23:12:29","guid":{"rendered":"https:\/\/sotooutdoors.eu\/produkt\/torche-de-poche\/"},"modified":"2022-01-30T22:23:30","modified_gmt":"2022-01-30T21:23:30","slug":"pocket-torch","status":"publish","type":"product","link":"https:\/\/sotooutdoors.eu\/fr\/produkt\/pocket-torch\/","title":{"rendered":"Pocket Torch"},"content":{"rendered":"<div class=\"fusion-fullwidth fullwidth-box fusion-builder-row-1 fusion-flex-container nonhundred-percent-fullwidth non-hundred-percent-height-scrolling\" style=\"--awb-border-radius-top-left:0px;--awb-border-radius-top-right:0px;--awb-border-radius-bottom-right:0px;--awb-border-radius-bottom-left:0px;--awb-flex-wrap:wrap;\" ><div class=\"fusion-builder-row fusion-row fusion-flex-align-items-flex-start fusion-flex-content-wrap\" style=\"max-width:1216.8px;margin-left: calc(-4% \/ 2 );margin-right: calc(-4% \/ 2 );\"><div class=\"fusion-layout-column fusion_builder_column fusion-builder-column-0 fusion_builder_column_1_1 1_1 fusion-flex-column\" style=\"--awb-bg-size:cover;--awb-width-large:100%;--awb-margin-top-large:0px;--awb-spacing-right-large:1.92%;--awb-margin-bottom-large:0px;--awb-spacing-left-large:1.92%;--awb-width-medium:100%;--awb-spacing-right-medium:1.92%;--awb-spacing-left-medium:1.92%;--awb-width-small:100%;--awb-spacing-right-small:1.92%;--awb-spacing-left-small:1.92%;\"><div class=\"fusion-column-wrapper fusion-flex-justify-content-flex-start fusion-content-layout-column\"><div class=\"fusion-text fusion-text-1\"><p><strong>D\u00e9tails<\/strong><\/p>\n<ul>\n<li>Tout petit<\/li>\n<li>Facile \u00e0 utiliser<\/li>\n<li>R\u00e9sistant au vent<\/li>\n<li>Flamme tr\u00e8s chaude<\/li>\n<li>Emp\u00eache les doigts br\u00fbl\u00e9s<\/li>\n<\/ul>\n<p><strong>Contenu du packaging<\/strong><\/p>\n<ul>\n<li>Adaptateur torche de poche<\/li>\n<li>Briquet \u00e0 gaz<\/li>\n<\/ul>\n<\/div><div class=\"fusion-image-carousel fusion-image-carousel-auto fusion-image-carousel-1 fusion-carousel-border\"><div class=\"awb-carousel awb-swiper awb-swiper-carousel awb-carousel--carousel awb-swiper-dots-position-bottom\" data-layout=\"carousel\" data-autoplay=\"no\" data-autoplayspeed=\"2500\" data-autoplaypause=\"no\" data-columns=\"5\" data-columnsmedium=\"1\" data-columnssmall=\"1\" data-itemmargin=\"13\" data-itemwidth=\"180\" data-touchscroll=\"no\" data-freemode=\"no\" data-imagesize=\"auto\" data-scrollitems=\"0\" data-centeredslides=\"no\" data-rotationangle=\"50\" data-depth=\"100\" data-speed=\"500\" data-shadow=\"no\" data-pagination=\"bullets\" style=\"--awb-border-width:1px;--awb-border-color:#e9eaee;\"><div class=\"swiper-wrapper awb-image-carousel-wrapper fusion-flex-align-items-center\"><div class=\"swiper-slide\"><div class=\"fusion-carousel-item-wrapper\"><div class=\"fusion-image-wrapper hover-type-none\"><a href=\"https:\/\/sotooutdoors.eu\/fr\/2010-prix-du-choix-des-redacteurs-en-plein-air-et-routards\/\" target=\"_self\"><img decoding=\"async\" width=\"203\" height=\"204\" src=\"https:\/\/sotooutdoors.eu\/wp-content\/uploads\/2020\/01\/2010-pocket-torch-awards.png\" class=\"attachment-full size-full lazyload\" alt=\"Backpackers Editors&#039; Choice Award 2010 pour la Torche de Poche de SOTO\" srcset=\"data:image\/svg+xml,%3Csvg%20xmlns%3D%27http%3A%2F%2Fwww.w3.org%2F2000%2Fsvg%27%20width%3D%27203%27%20height%3D%27204%27%20viewBox%3D%270%200%20203%20204%27%3E%3Crect%20width%3D%27203%27%20height%3D%27204%27%20fill-opacity%3D%220%22%2F%3E%3C%2Fsvg%3E\" data-orig-src=\"https:\/\/sotooutdoors.eu\/wp-content\/uploads\/2020\/01\/2010-pocket-torch-awards.png\" data-srcset=\"https:\/\/sotooutdoors.eu\/wp-content\/uploads\/2020\/01\/2010-pocket-torch-awards-66x66.png 66w, https:\/\/sotooutdoors.eu\/wp-content\/uploads\/2020\/01\/2010-pocket-torch-awards-100x100.png 100w, https:\/\/sotooutdoors.eu\/wp-content\/uploads\/2020\/01\/2010-pocket-torch-awards-150x150.png 150w, https:\/\/sotooutdoors.eu\/wp-content\/uploads\/2020\/01\/2010-pocket-torch-awards-200x201.png 200w, https:\/\/sotooutdoors.eu\/wp-content\/uploads\/2020\/01\/2010-pocket-torch-awards.png 203w\" data-sizes=\"auto\" \/><\/a><\/div><\/div><\/div><\/div><\/div><\/div><\/div><\/div><\/div><\/div>\n","protected":false},"excerpt":{"rendered":"<p><strong>Petite centrale \u00e9lectrique<\/strong><\/p>\n<p>La SOTO Pocket Torch est en fait un \u00ab\u00a0accessoire\u00a0\u00bb pour briquet. Il transforme un briquet \u00e0 gaz standard en un br\u00fbleur de poche efficace et s\u00fbr. Le briquet est simplement ins\u00e9r\u00e9 dans le bo\u00eetier. La Pocket Torch g\u00e9n\u00e8re une flamme tr\u00e8s concentr\u00e9e et r\u00e9sistante au vent avec une chaleur d&rsquo;environ 1 300 degr\u00e9s Celsius. Ainsi, vous pouvez facilement allumer des bougies, des r\u00e9chauds ou des feux de camp m\u00eame dans les conditions qui normalement rendraient cette affaire presque impossible.<\/p>\n","protected":false},"featured_media":24631,"template":"","meta":[],"product_brand":[],"product_cat":[229],"product_tag":[],"class_list":{"0":"post-24630","1":"product","2":"type-product","3":"status-publish","4":"has-post-thumbnail","6":"product_cat-accessoires","8":"first","9":"instock","10":"shipping-taxable","11":"purchasable","12":"product-type-simple"},"_links":{"self":[{"href":"https:\/\/sotooutdoors.eu\/fr\/wp-json\/wp\/v2\/product\/24630","targetHints":{"allow":["GET"]}}],"collection":[{"href":"https:\/\/sotooutdoors.eu\/fr\/wp-json\/wp\/v2\/product"}],"about":[{"href":"https:\/\/sotooutdoors.eu\/fr\/wp-json\/wp\/v2\/types\/product"}],"wp:featuredmedia":[{"embeddable":true,"href":"https:\/\/sotooutdoors.eu\/fr\/wp-json\/wp\/v2\/media\/24631"}],"wp:attachment":[{"href":"https:\/\/sotooutdoors.eu\/fr\/wp-json\/wp\/v2\/media?parent=24630"}],"wp:term":[{"taxonomy":"product_brand","embeddable":true,"href":"https:\/\/sotooutdoors.eu\/fr\/wp-json\/wp\/v2\/product_brand?post=24630"},{"taxonomy":"product_cat","embeddable":true,"href":"https:\/\/sotooutdoors.eu\/fr\/wp-json\/wp\/v2\/product_cat?post=24630"},{"taxonomy":"product_tag","embeddable":true,"href":"https:\/\/sotooutdoors.eu\/fr\/wp-json\/wp\/v2\/product_tag?post=24630"}],"curies":[{"name":"wp","href":"https:\/\/api.w.org\/{rel}","templated":true}]}}