{"id":24638,"date":"2020-01-19T00:12:29","date_gmt":"2020-01-18T23:12:29","guid":{"rendered":"https:\/\/sotooutdoors.eu\/produkt\/torche-de-poche-xt\/"},"modified":"2022-02-01T19:57:57","modified_gmt":"2022-02-01T18:57:57","slug":"pocket-torch-xt","status":"publish","type":"product","link":"https:\/\/sotooutdoors.eu\/fr\/produkt\/pocket-torch-xt\/","title":{"rendered":"Pocket Torch XT"},"content":{"rendered":"<div class=\"fusion-fullwidth fullwidth-box fusion-builder-row-1 fusion-flex-container nonhundred-percent-fullwidth non-hundred-percent-height-scrolling\" style=\"--awb-border-radius-top-left:0px;--awb-border-radius-top-right:0px;--awb-border-radius-bottom-right:0px;--awb-border-radius-bottom-left:0px;--awb-flex-wrap:wrap;\" ><div class=\"fusion-builder-row fusion-row fusion-flex-align-items-flex-start fusion-flex-content-wrap\" style=\"max-width:1216.8px;margin-left: calc(-4% \/ 2 );margin-right: calc(-4% \/ 2 );\"><div class=\"fusion-layout-column fusion_builder_column fusion-builder-column-0 fusion_builder_column_1_1 1_1 fusion-flex-column\" style=\"--awb-bg-size:cover;--awb-width-large:100%;--awb-margin-top-large:0px;--awb-spacing-right-large:1.92%;--awb-margin-bottom-large:0px;--awb-spacing-left-large:1.92%;--awb-width-medium:100%;--awb-spacing-right-medium:1.92%;--awb-spacing-left-medium:1.92%;--awb-width-small:100%;--awb-spacing-right-small:1.92%;--awb-spacing-left-small:1.92%;\"><div class=\"fusion-column-wrapper fusion-flex-justify-content-flex-start fusion-content-layout-column\"><div class=\"fusion-text fusion-text-1\"><p><strong>D\u00e9tails<\/strong><\/p>\n<ul>\n<li>Tr\u00e8s petit<\/li>\n<li>Flamme chaude tr\u00e8s concentr\u00e9e<\/li>\n<li>R\u00e9sistant au vent<\/li>\n<li>Emp\u00eache les doigts br\u00fbl\u00e9s<\/li>\n<\/ul>\n<p><strong>Contenu du packaging<\/strong><\/p>\n<ul>\n<li>Pocket Torch<\/li>\n<\/ul>\n<\/div><\/div><\/div><\/div><\/div>\n","protected":false},"excerpt":{"rendered":"<p><strong>Briquet temp\u00eate extensible<\/strong><\/p>\n<p>Ce briquet temp\u00eate permet d&rsquo;allumer rapidement un r\u00e9chaud, une bougie et m\u00eame un feu de camp. A l&rsquo;aide d&rsquo;un bras t\u00e9lescopique, il peut \u00eatre \u00e9tendu sur une longueur de 7 centim\u00e8tres afin que l&rsquo;allumage se fasse \u00e0 distance de s\u00e9curit\u00e9. La flamme tr\u00e8s r\u00e9sistante au vent peut atteindre des temp\u00e9ratures allant jusqu&rsquo;\u00e0 1 300 degr\u00e9s Celsius. Le Pocket Torch XT peut \u00eatre recharg\u00e9. Au moyen d&rsquo;un <a href=\"https:\/\/sotooutdoors.eu\/produkt\/fill-adapter\/\">Adaptateur de remplissage<\/a> qui peut \u00eatre achet\u00e9 en option, des cartouches de gaz \u00e0 visser peuvent \u00e9galement \u00eatre utilis\u00e9es pour cela. Une fen\u00eatre de visualisation affiche le niveau de remplissage actuel du r\u00e9servoir.<\/p>\n<p>Le r\u00e9gulateur du briquet temp\u00eate est muni d&rsquo;un fusible pour \u00e9viter tout allumage involontaire.<\/p>\n","protected":false},"featured_media":24640,"template":"","meta":[],"product_brand":[],"product_cat":[229],"product_tag":[],"class_list":{"0":"post-24638","1":"product","2":"type-product","3":"status-publish","4":"has-post-thumbnail","6":"product_cat-accessoires","8":"first","9":"instock","10":"featured","11":"shipping-taxable","12":"purchasable","13":"product-type-simple"},"_links":{"self":[{"href":"https:\/\/sotooutdoors.eu\/fr\/wp-json\/wp\/v2\/product\/24638","targetHints":{"allow":["GET"]}}],"collection":[{"href":"https:\/\/sotooutdoors.eu\/fr\/wp-json\/wp\/v2\/product"}],"about":[{"href":"https:\/\/sotooutdoors.eu\/fr\/wp-json\/wp\/v2\/types\/product"}],"wp:featuredmedia":[{"embeddable":true,"href":"https:\/\/sotooutdoors.eu\/fr\/wp-json\/wp\/v2\/media\/24640"}],"wp:attachment":[{"href":"https:\/\/sotooutdoors.eu\/fr\/wp-json\/wp\/v2\/media?parent=24638"}],"wp:term":[{"taxonomy":"product_brand","embeddable":true,"href":"https:\/\/sotooutdoors.eu\/fr\/wp-json\/wp\/v2\/product_brand?post=24638"},{"taxonomy":"product_cat","embeddable":true,"href":"https:\/\/sotooutdoors.eu\/fr\/wp-json\/wp\/v2\/product_cat?post=24638"},{"taxonomy":"product_tag","embeddable":true,"href":"https:\/\/sotooutdoors.eu\/fr\/wp-json\/wp\/v2\/product_tag?post=24638"}],"curies":[{"name":"wp","href":"https:\/\/api.w.org\/{rel}","templated":true}]}}