{"id":24649,"date":"2020-01-19T00:12:29","date_gmt":"2020-01-18T23:12:29","guid":{"rendered":"https:\/\/sotooutdoors.eu\/produkt\/thermostack\/"},"modified":"2023-08-11T23:12:08","modified_gmt":"2023-08-11T22:12:08","slug":"thermopile","status":"publish","type":"product","link":"https:\/\/sotooutdoors.eu\/fr\/produkt\/thermopile\/","title":{"rendered":"Thermostack"},"content":{"rendered":"<div class=\"fusion-fullwidth fullwidth-box fusion-builder-row-1 fusion-flex-container nonhundred-percent-fullwidth non-hundred-percent-height-scrolling\" style=\"--awb-border-radius-top-left:0px;--awb-border-radius-top-right:0px;--awb-border-radius-bottom-right:0px;--awb-border-radius-bottom-left:0px;--awb-flex-wrap:wrap;\" ><div class=\"fusion-builder-row fusion-row fusion-flex-align-items-flex-start fusion-flex-content-wrap\" style=\"max-width:1216.8px;margin-left: calc(-4% \/ 2 );margin-right: calc(-4% \/ 2 );\"><div class=\"fusion-layout-column fusion_builder_column fusion-builder-column-0 fusion_builder_column_1_1 1_1 fusion-flex-column\" style=\"--awb-bg-size:cover;--awb-width-large:100%;--awb-margin-top-large:0px;--awb-spacing-right-large:1.92%;--awb-margin-bottom-large:0px;--awb-spacing-left-large:1.92%;--awb-width-medium:100%;--awb-spacing-right-medium:1.92%;--awb-spacing-left-medium:1.92%;--awb-width-small:100%;--awb-spacing-right-small:1.92%;--awb-spacing-left-small:1.92%;\"><div class=\"fusion-column-wrapper fusion-flex-justify-content-flex-start fusion-content-layout-column\"><div class=\"fusion-text fusion-text-1\"><p><strong>D\u00e9tails<\/strong><\/p>\n<ul>\n<li>Robuste<\/li>\n<li>Faible poids pour beaucoup de fonctionnalit\u00e9s<\/li>\n<li>Pince \u00e0 prise flexible pour une manipulation facile<\/li>\n<\/ul>\n<p><strong>Contenu du set<\/strong><\/p>\n<ul>\n<li>Housse de transport<\/li>\n<li>Pinces amovible<\/li>\n<li>2 couvercles<\/li>\n<li>Gobelet de 350 ml<\/li>\n<li>Gobelet de 400 ml<\/li>\n<li>Anneau en caoutchouc avec joint en silicone<\/li>\n<\/ul>\n<\/div><\/div><\/div><\/div><\/div>\n","protected":false},"excerpt":{"rendered":"<p><strong>Batterie de cuisine minimaliste avec beaucoup de fonctionnalit\u00e9s<\/strong><\/p>\n<p>La batterie de cuisine minimaliste Thermostack offre de la flexibilit\u00e9. D&rsquo;une part, vous pouvez utiliser les deux r\u00e9cipients s\u00e9par\u00e9ment, que ce soit pour cuisiner ou comme mug. D&rsquo;autre part, vous pouvez combiner une petite tasse en acier inoxydable avec une plus grande tasse en titane pour former une tasse thermique \u00e0 double paroi.<\/p>\n<p>Petite et l\u00e9g\u00e8re, la pince amovible facilite la manipulation des r\u00e9cipients chauds. Beaucoup de fonctionnalit\u00e9s dans un kit de faible encombrement.<\/p>\n","protected":false},"featured_media":24650,"template":"","meta":[],"product_brand":[],"product_cat":[225],"product_tag":[],"class_list":{"0":"post-24649","1":"product","2":"type-product","3":"status-publish","4":"has-post-thumbnail","6":"product_cat-ustensiles-de-cuisine","8":"first","9":"instock","10":"shipping-taxable","11":"purchasable","12":"product-type-simple"},"_links":{"self":[{"href":"https:\/\/sotooutdoors.eu\/fr\/wp-json\/wp\/v2\/product\/24649","targetHints":{"allow":["GET"]}}],"collection":[{"href":"https:\/\/sotooutdoors.eu\/fr\/wp-json\/wp\/v2\/product"}],"about":[{"href":"https:\/\/sotooutdoors.eu\/fr\/wp-json\/wp\/v2\/types\/product"}],"wp:featuredmedia":[{"embeddable":true,"href":"https:\/\/sotooutdoors.eu\/fr\/wp-json\/wp\/v2\/media\/24650"}],"wp:attachment":[{"href":"https:\/\/sotooutdoors.eu\/fr\/wp-json\/wp\/v2\/media?parent=24649"}],"wp:term":[{"taxonomy":"product_brand","embeddable":true,"href":"https:\/\/sotooutdoors.eu\/fr\/wp-json\/wp\/v2\/product_brand?post=24649"},{"taxonomy":"product_cat","embeddable":true,"href":"https:\/\/sotooutdoors.eu\/fr\/wp-json\/wp\/v2\/product_cat?post=24649"},{"taxonomy":"product_tag","embeddable":true,"href":"https:\/\/sotooutdoors.eu\/fr\/wp-json\/wp\/v2\/product_tag?post=24649"}],"curies":[{"name":"wp","href":"https:\/\/api.w.org\/{rel}","templated":true}]}}