{"id":24736,"date":"2021-03-03T17:56:45","date_gmt":"2021-03-03T16:56:45","guid":{"rendered":"https:\/\/sotooutdoors.eu\/produkt\/gora-oven\/"},"modified":"2022-02-04T16:51:14","modified_gmt":"2022-02-04T15:51:14","slug":"gora-oven-2","status":"publish","type":"product","link":"https:\/\/sotooutdoors.eu\/fr\/produkt\/gora-oven-2\/","title":{"rendered":"Gora Oven"},"content":{"rendered":"<div class=\"fusion-fullwidth fullwidth-box fusion-builder-row-1 fusion-flex-container nonhundred-percent-fullwidth non-hundred-percent-height-scrolling\" style=\"--awb-border-radius-top-left:0px;--awb-border-radius-top-right:0px;--awb-border-radius-bottom-right:0px;--awb-border-radius-bottom-left:0px;--awb-flex-wrap:wrap;\" ><div class=\"fusion-builder-row fusion-row fusion-flex-align-items-flex-start fusion-flex-content-wrap\" style=\"max-width:1216.8px;margin-left: calc(-4% \/ 2 );margin-right: calc(-4% \/ 2 );\"><div class=\"fusion-layout-column fusion_builder_column fusion-builder-column-0 fusion_builder_column_1_1 1_1 fusion-flex-column\" style=\"--awb-bg-size:cover;--awb-width-large:100%;--awb-margin-top-large:15px;--awb-spacing-right-large:1.92%;--awb-margin-bottom-large:15px;--awb-spacing-left-large:1.92%;--awb-width-medium:100%;--awb-order-medium:0;--awb-spacing-right-medium:1.92%;--awb-spacing-left-medium:1.92%;--awb-width-small:100%;--awb-order-small:0;--awb-spacing-right-small:1.92%;--awb-spacing-left-small:1.92%;\"><div class=\"fusion-column-wrapper fusion-column-has-shadow fusion-flex-justify-content-flex-start fusion-content-layout-column\"><div class=\"fusion-text fusion-text-1\"><p><b>D\u00e9tails :<\/b><\/p>\n<ul>\n<li>Faitout robuste en acier inoxydable avec couvercle<\/li>\n<li>Extr\u00eamement robuste<\/li>\n<li>Le couvercle peut \u00eatre utilis\u00e9 comme une casserole<\/li>\n<li>Facile \u00e0 nettoyer et facile \u00e0 entretenir<\/li>\n<\/ul>\n<p><b>Contenu du packaging :<\/b><\/p>\n<ul>\n<li>Faitout<\/li>\n<li>Couvercle<\/li>\n<\/ul>\n<\/div><\/div><\/div><\/div><\/div>\n","protected":false},"excerpt":{"rendered":"<p><b>Faitout pour l&rsquo;ext\u00e9rieur et la maison<\/b><\/p>\n<p>Le \u00ab\u00a0Dutch Oven\u00a0\u00bb (comprenez le four n\u00e9erlandais) est une invention d&rsquo;Am\u00e9rique et d&rsquo;Australie du 18\u00e8me si\u00e8cle. Le Gora Oven (ou four Gora) de SOTO permet de cuisiner, cuire, braiser, r\u00f4tir et frire sur la cuisini\u00e8re \u00e0 gaz, la cuisini\u00e8re \u00e0 essence, le feu de camp ou \u00e0 la maison. Chaque Gora Oven est unique :il est fabriqu\u00e9 \u00e0 la main sur un tour \u00e0 partir d&rsquo;une plaque d&rsquo;acier en une seule pi\u00e8ce par des sp\u00e9cialistes dans l&rsquo;usine japonaise. Le couvercle peur aussi servir de po\u00eale \u00e0 frire si n\u00e9cessaire. Id\u00e9al pour une cuisine polyvalente, savoureuse et douce en exp\u00e9dition, au camping et \u00e0 la maison.<\/p>\n","protected":false},"featured_media":26297,"template":"","meta":[],"product_brand":[],"product_cat":[225],"product_tag":[],"class_list":{"0":"post-24736","1":"product","2":"type-product","3":"status-publish","4":"has-post-thumbnail","6":"product_cat-ustensiles-de-cuisine","8":"first","9":"instock","10":"shipping-taxable","11":"purchasable","12":"product-type-simple"},"_links":{"self":[{"href":"https:\/\/sotooutdoors.eu\/fr\/wp-json\/wp\/v2\/product\/24736","targetHints":{"allow":["GET"]}}],"collection":[{"href":"https:\/\/sotooutdoors.eu\/fr\/wp-json\/wp\/v2\/product"}],"about":[{"href":"https:\/\/sotooutdoors.eu\/fr\/wp-json\/wp\/v2\/types\/product"}],"wp:featuredmedia":[{"embeddable":true,"href":"https:\/\/sotooutdoors.eu\/fr\/wp-json\/wp\/v2\/media\/26297"}],"wp:attachment":[{"href":"https:\/\/sotooutdoors.eu\/fr\/wp-json\/wp\/v2\/media?parent=24736"}],"wp:term":[{"taxonomy":"product_brand","embeddable":true,"href":"https:\/\/sotooutdoors.eu\/fr\/wp-json\/wp\/v2\/product_brand?post=24736"},{"taxonomy":"product_cat","embeddable":true,"href":"https:\/\/sotooutdoors.eu\/fr\/wp-json\/wp\/v2\/product_cat?post=24736"},{"taxonomy":"product_tag","embeddable":true,"href":"https:\/\/sotooutdoors.eu\/fr\/wp-json\/wp\/v2\/product_tag?post=24736"}],"curies":[{"name":"wp","href":"https:\/\/api.w.org\/{rel}","templated":true}]}}