{"id":26265,"date":"2021-04-26T19:37:50","date_gmt":"2021-04-26T18:37:50","guid":{"rendered":"https:\/\/sotooutdoors.eu\/?post_type=product&#038;p=26265"},"modified":"2022-04-12T19:53:33","modified_gmt":"2022-04-12T18:53:33","slug":"amicus-kit-de-reparation-dallumeur","status":"publish","type":"product","link":"https:\/\/sotooutdoors.eu\/fr\/produkt\/amicus-kit-de-reparation-dallumeur\/","title":{"rendered":"Kit de r\u00e9paration de l&rsquo;Allumeur pour Amicus"},"content":{"rendered":"<div class=\"fusion-fullwidth fullwidth-box fusion-builder-row-1 fusion-flex-container nonhundred-percent-fullwidth non-hundred-percent-height-scrolling\" style=\"--awb-border-radius-top-left:0px;--awb-border-radius-top-right:0px;--awb-border-radius-bottom-right:0px;--awb-border-radius-bottom-left:0px;--awb-flex-wrap:wrap;\" ><div class=\"fusion-builder-row fusion-row fusion-flex-align-items-flex-start fusion-flex-content-wrap\" style=\"max-width:1216.8px;margin-left: calc(-4% \/ 2 );margin-right: calc(-4% \/ 2 );\"><div class=\"fusion-layout-column fusion_builder_column fusion-builder-column-0 fusion_builder_column_1_1 1_1 fusion-flex-column\" style=\"--awb-bg-size:cover;--awb-width-large:100%;--awb-margin-top-large:15px;--awb-spacing-right-large:1.92%;--awb-margin-bottom-large:15px;--awb-spacing-left-large:1.92%;--awb-width-medium:100%;--awb-order-medium:0;--awb-spacing-right-medium:1.92%;--awb-spacing-left-medium:1.92%;--awb-width-small:100%;--awb-order-small:0;--awb-spacing-right-small:1.92%;--awb-spacing-left-small:1.92%;\"><div class=\"fusion-column-wrapper fusion-column-has-shadow fusion-flex-justify-content-flex-start fusion-content-layout-column\"><div class=\"fusion-text fusion-text-1\"><p><strong>Contenu du packaging<\/strong><\/p>\n<ul>\n<li>Allumeur pi\u00e9zo<\/li>\n<li>Couvercle pour allumeur<\/li>\n<li>grosse vis<\/li>\n<li>petite vis<\/li>\n<\/ul>\n<\/div><\/div><\/div><\/div><\/div>\n","protected":false},"excerpt":{"rendered":"<p>Les r\u00e9chauds SOTO sont mis au point dans le but d&rsquo;\u00eatre tr\u00e8s robustes, con\u00e7us pour une longue dur\u00e9e de vie et sans entretien. Seuls les allumages pi\u00e9zo peuvent ne plus fonctionner \u00e0 la suite de nombreuses ann\u00e9es d&rsquo;utilisation ou \u00e0 cause d&rsquo;un \u00e9chauffement excessif. Dans ce cas-l\u00e0, nous avons d\u00e9velopp\u00e9 nos r\u00e9chauds en y incorporant des allumages pi\u00e9zo interchangeables. L&rsquo;allumage pi\u00e9zo peut \u00eatre retir\u00e9 avec deux vis et un nouvel allumage peut y \u00eatre fix\u00e9 pr\u00e9cis\u00e9ment et solidement.<\/p>\n<p>Remarque : cet allumage est sp\u00e9cialement con\u00e7u pour le r\u00e9chaud <a href=\"https:\/\/sotooutdoors.eu\/produkt\/amicus-mit-stealth-igniter\/\">SOTO Amicus<\/a> et ne convient pas au <a href=\"https:\/\/sotooutdoors.eu\/produkt\/windmaster\/\">SOTO WindMaster<\/a> ou au <a href=\"https:\/\/sotooutdoors.eu\/produkt\/micro-regulator-stove\/\">SOTO Micro Regulator<\/a> .<\/p>\n","protected":false},"featured_media":27059,"template":"","meta":[],"product_brand":[],"product_cat":[229],"product_tag":[],"class_list":{"0":"post-26265","1":"product","2":"type-product","3":"status-publish","4":"has-post-thumbnail","6":"product_cat-accessoires","8":"first","9":"instock","10":"shipping-taxable","11":"purchasable","12":"product-type-simple"},"_links":{"self":[{"href":"https:\/\/sotooutdoors.eu\/fr\/wp-json\/wp\/v2\/product\/26265","targetHints":{"allow":["GET"]}}],"collection":[{"href":"https:\/\/sotooutdoors.eu\/fr\/wp-json\/wp\/v2\/product"}],"about":[{"href":"https:\/\/sotooutdoors.eu\/fr\/wp-json\/wp\/v2\/types\/product"}],"wp:featuredmedia":[{"embeddable":true,"href":"https:\/\/sotooutdoors.eu\/fr\/wp-json\/wp\/v2\/media\/27059"}],"wp:attachment":[{"href":"https:\/\/sotooutdoors.eu\/fr\/wp-json\/wp\/v2\/media?parent=26265"}],"wp:term":[{"taxonomy":"product_brand","embeddable":true,"href":"https:\/\/sotooutdoors.eu\/fr\/wp-json\/wp\/v2\/product_brand?post=26265"},{"taxonomy":"product_cat","embeddable":true,"href":"https:\/\/sotooutdoors.eu\/fr\/wp-json\/wp\/v2\/product_cat?post=26265"},{"taxonomy":"product_tag","embeddable":true,"href":"https:\/\/sotooutdoors.eu\/fr\/wp-json\/wp\/v2\/product_tag?post=26265"}],"curies":[{"name":"wp","href":"https:\/\/api.w.org\/{rel}","templated":true}]}}