{"id":27175,"date":"2022-09-23T19:59:46","date_gmt":"2022-09-23T18:59:46","guid":{"rendered":"https:\/\/sotooutdoors.eu\/produkt\/aero-bottle-2\/"},"modified":"2023-05-12T08:46:36","modified_gmt":"2023-05-12T07:46:36","slug":"aero-bottle","status":"publish","type":"product","link":"https:\/\/sotooutdoors.eu\/fr\/produkt\/aero-bottle\/","title":{"rendered":"Aero Bottle"},"content":{"rendered":"<div class=\"fusion-fullwidth fullwidth-box fusion-builder-row-1 fusion-flex-container nonhundred-percent-fullwidth non-hundred-percent-height-scrolling\" style=\"--awb-border-radius-top-left:0px;--awb-border-radius-top-right:0px;--awb-border-radius-bottom-right:0px;--awb-border-radius-bottom-left:0px;--awb-flex-wrap:wrap;\" ><div class=\"fusion-builder-row fusion-row fusion-flex-align-items-flex-start fusion-flex-content-wrap\" style=\"max-width:1216.8px;margin-left: calc(-4% \/ 2 );margin-right: calc(-4% \/ 2 );\"><div class=\"fusion-layout-column fusion_builder_column fusion-builder-column-0 fusion_builder_column_1_1 1_1 fusion-flex-column\" style=\"--awb-bg-size:cover;--awb-width-large:100%;--awb-margin-top-large:15px;--awb-spacing-right-large:1.92%;--awb-margin-bottom-large:15px;--awb-spacing-left-large:1.92%;--awb-width-medium:100%;--awb-spacing-right-medium:1.92%;--awb-spacing-left-medium:1.92%;--awb-width-small:100%;--awb-spacing-right-small:1.92%;--awb-spacing-left-small:1.92%;\"><div class=\"fusion-column-wrapper fusion-column-has-shadow fusion-flex-justify-content-flex-start fusion-content-layout-column\"><div class=\"fusion-text fusion-text-1\"><p><strong>D\u00e9tails<\/strong><\/p>\n<ul>\n<li>Construction en titane \u00e0 double paroi avec vide d&rsquo;air<\/li>\n<li>Garde la chaleur ou le froid jusqu&rsquo;\u00e0 6 h<\/li>\n<li>Grande ouverture<\/li>\n<li>Filetage interne anti-fuite:<\/li>\n<li>Possibilit\u00e9 de boire au goulot sans se br\u00fbler les l\u00e8vres<\/li>\n<li>N&rsquo;ajoute absolument pas du go\u00fbt superflu<\/li>\n<li>Ne r\u00e9agit avec aucun aliment<\/li>\n<li>Extr\u00eamement l\u00e9gere<\/li>\n<li>Tr\u00e8s durable<\/li>\n<li>Parfaitement portative<\/li>\n<\/ul>\n<p><strong>Contenu du packaging<\/strong><\/p>\n<ul>\n<li>Bouteille avec couvercle<\/li>\n<\/ul>\n<\/div><\/div><\/div><\/div><\/div>\n","protected":false},"excerpt":{"rendered":"<p><strong>Une bouteille pour toutes les situations. Que ce soit pour le caf\u00e9 du matin, au bureau ou \u00e0 l&rsquo;ext\u00e9rieur.<\/strong>.<\/p>\n<p>Nouveaut\u00e9 des ma\u00eetres et des accros d&rsquo;\u00e9quipement du Japon : l&rsquo;Aero Bottle &#8211; une nouvelle bouteille isolante \u00e0 double paroi et sous vide en titane. Extr\u00eamement styl\u00e9e, l\u00e9gere, mince et extr\u00eamement robuste, elle est donc id\u00e9ale pour les petits sacs \u00e0 dos et les sacs \u00e0 bandouli\u00e8re.<\/p>\n<p>L&rsquo;Aero Bottle a \u00e9t\u00e9 con\u00e7ue pour \u00eatre parfaitement ce qu&rsquo;il faut dans tous les domaines de la vie. Elle n&rsquo;attire pas seulement l&rsquo;attention par son aspect visuel, la finition de son enveloppe ext\u00e9rieure est \u00e9galement exceptionnelle. Sa texture s&rsquo;inspire du papier Washi traditionnel japonais. La surface r\u00e8che est agr\u00e9able au toucher.<\/p>\n<p>Contrairement \u00e0 la surface ext\u00e9rieure, la surface int\u00e9rieure est lisse comme un miroir et pr\u00e9sente un aspect cristallin. La surface est garantie de ne r\u00e9agir avec aucun aliment et permet ainsi de transporter aussi bien du caf\u00e9 chaud que des smoothies r\u00e9frig\u00e9r\u00e9s ou du gin tonic avec des gla\u00e7ons. Gr\u00e2ce au vide entre la construction en titane \u00e0 double paroi, le contenu reste chaud ou froid encore plus longtemps &#8211; jusqu&rsquo;\u00e0 6 heures.<\/p>\n<p>Autre astuce des ing\u00e9nieurs japonais: le goulot de la bouteille dispose d&rsquo;une grande ouverture avec un filetage int\u00e9rieur anti-fuite. Il est remont\u00e9 et ne prend pas la temp\u00e9rature du contenu, ce qui permet de boire directement \u00e0 la bouteille sans se br\u00fbler les l\u00e8vres.<\/p>\n<p>Ainsi, la nouvelle Aero Bottle n&rsquo;est pas seulement l&rsquo;alternative parfaite aux bouteilles isolantes traditionnelles pour les navettes, le camping, les randonn\u00e9es et les voyages. C&rsquo;est un compagnon de style, fiable et durable en toutes circonstances.<\/p>\n<p>Disponible dans les tailles suivantes:<\/p>\n<ul>\n<li>Volume: 200 ml, Poids: 170g, Dimensions: 70 x 70 x 180mm<\/li>\n<li>Volume: 300 ml, Poids: 195g, Dimensions: 70 x 70 x 225mm<\/li>\n<\/ul>\n","protected":false},"featured_media":27144,"template":"","meta":[],"product_brand":[],"product_cat":[225],"product_tag":[],"class_list":{"0":"post-27175","1":"product","2":"type-product","3":"status-publish","4":"has-post-thumbnail","6":"product_cat-ustensiles-de-cuisine","8":"first","9":"instock","10":"featured","11":"shipping-taxable","12":"purchasable","13":"product-type-variable"},"_links":{"self":[{"href":"https:\/\/sotooutdoors.eu\/fr\/wp-json\/wp\/v2\/product\/27175","targetHints":{"allow":["GET"]}}],"collection":[{"href":"https:\/\/sotooutdoors.eu\/fr\/wp-json\/wp\/v2\/product"}],"about":[{"href":"https:\/\/sotooutdoors.eu\/fr\/wp-json\/wp\/v2\/types\/product"}],"wp:featuredmedia":[{"embeddable":true,"href":"https:\/\/sotooutdoors.eu\/fr\/wp-json\/wp\/v2\/media\/27144"}],"wp:attachment":[{"href":"https:\/\/sotooutdoors.eu\/fr\/wp-json\/wp\/v2\/media?parent=27175"}],"wp:term":[{"taxonomy":"product_brand","embeddable":true,"href":"https:\/\/sotooutdoors.eu\/fr\/wp-json\/wp\/v2\/product_brand?post=27175"},{"taxonomy":"product_cat","embeddable":true,"href":"https:\/\/sotooutdoors.eu\/fr\/wp-json\/wp\/v2\/product_cat?post=27175"},{"taxonomy":"product_tag","embeddable":true,"href":"https:\/\/sotooutdoors.eu\/fr\/wp-json\/wp\/v2\/product_tag?post=27175"}],"curies":[{"name":"wp","href":"https:\/\/api.w.org\/{rel}","templated":true}]}}