{"id":27201,"date":"2023-01-04T20:16:30","date_gmt":"2023-01-04T19:16:30","guid":{"rendered":"https:\/\/sotooutdoors.eu\/?post_type=product&#038;p=27201"},"modified":"2023-01-05T19:02:53","modified_gmt":"2023-01-05T18:02:53","slug":"navigator-frying-pan","status":"publish","type":"product","link":"https:\/\/sotooutdoors.eu\/fr\/produkt\/navigator-frying-pan\/","title":{"rendered":"Navigator Frying Pan"},"content":{"rendered":"<div class=\"fusion-fullwidth fullwidth-box fusion-builder-row-1 nonhundred-percent-fullwidth non-hundred-percent-height-scrolling\" style=\"--awb-border-radius-top-left:0px;--awb-border-radius-top-right:0px;--awb-border-radius-bottom-right:0px;--awb-border-radius-bottom-left:0px;--awb-flex-wrap:wrap;\" ><div class=\"fusion-builder-row fusion-row\"><div class=\"fusion-layout-column fusion_builder_column fusion-builder-column-0 fusion_builder_column_1_1 1_1 fusion-one-full fusion-column-first fusion-column-last\" style=\"--awb-bg-size:cover;--awb-margin-top:0px;--awb-margin-bottom:0px;\"><div class=\"fusion-column-wrapper fusion-flex-column-wrapper-legacy\"><div class=\"fusion-text fusion-text-1\" style=\"--awb-text-transform:none;\"><p><strong>D\u00e9tails<\/strong><\/p>\n<ul>\n<li>Aluminium anti-adh\u00e9sif trait\u00e9 \u00e0 la r\u00e9sine fluor\u00e9e<\/li>\n<li>L\u00e9g\u00e8ret\u00e9 et conductivit\u00e9 thermique \u00e9lev\u00e9e<\/li>\n<li>Peut se ranger sur le couvercle du set de cuisine Navigator (vendu s\u00e9par\u00e9ment)<\/li>\n<\/ul>\n<p><strong>Contenu du packaging<\/strong><\/p>\n<ul>\n<li>Po\u00eale<\/li>\n<\/ul>\n<\/div><div class=\"fusion-clearfix\"><\/div><\/div><\/div><\/div><\/div>\n","protected":false},"excerpt":{"rendered":"<p><strong>Une cuisine m\u00fbrement r\u00e9fl\u00e9chie<\/strong><\/p>\n<p>La SOTO Frying Pan peut \u00eatre utilis\u00e9e seule ou avec le Navigator Cook Set comme accessoire polyvalent pour le camping et les excursions en plein air.<br \/>\nCette po\u00eale \u00e0 frire en aluminium antiadh\u00e9sif de 18 cm de diam\u00e8tre s&rsquo;adapte parfaitement comme couvercle sur le <a href=\"https:\/\/sotooutdoors.eu\/produkt\/navigator-koch-set\/\">Navigator Cook Set<\/a> (vendu s\u00e9par\u00e9ment), compl\u00e9tant ainsi un ensemble d&rsquo;ustensiles de cuisine pour tous les besoins alimentaires.<\/p>\n","protected":false},"featured_media":27207,"template":"","meta":[],"product_brand":[],"product_cat":[225],"product_tag":[],"class_list":{"0":"post-27201","1":"product","2":"type-product","3":"status-publish","4":"has-post-thumbnail","6":"product_cat-ustensiles-de-cuisine","8":"first","9":"instock","10":"shipping-taxable","11":"purchasable","12":"product-type-simple"},"_links":{"self":[{"href":"https:\/\/sotooutdoors.eu\/fr\/wp-json\/wp\/v2\/product\/27201","targetHints":{"allow":["GET"]}}],"collection":[{"href":"https:\/\/sotooutdoors.eu\/fr\/wp-json\/wp\/v2\/product"}],"about":[{"href":"https:\/\/sotooutdoors.eu\/fr\/wp-json\/wp\/v2\/types\/product"}],"wp:featuredmedia":[{"embeddable":true,"href":"https:\/\/sotooutdoors.eu\/fr\/wp-json\/wp\/v2\/media\/27207"}],"wp:attachment":[{"href":"https:\/\/sotooutdoors.eu\/fr\/wp-json\/wp\/v2\/media?parent=27201"}],"wp:term":[{"taxonomy":"product_brand","embeddable":true,"href":"https:\/\/sotooutdoors.eu\/fr\/wp-json\/wp\/v2\/product_brand?post=27201"},{"taxonomy":"product_cat","embeddable":true,"href":"https:\/\/sotooutdoors.eu\/fr\/wp-json\/wp\/v2\/product_cat?post=27201"},{"taxonomy":"product_tag","embeddable":true,"href":"https:\/\/sotooutdoors.eu\/fr\/wp-json\/wp\/v2\/product_tag?post=27201"}],"curies":[{"name":"wp","href":"https:\/\/api.w.org\/{rel}","templated":true}]}}