{"id":27311,"date":"2023-10-10T21:14:50","date_gmt":"2023-10-10T20:14:50","guid":{"rendered":"https:\/\/sotooutdoors.eu\/?post_type=product&#038;p=27311"},"modified":"2026-04-20T21:06:18","modified_gmt":"2026-04-20T20:06:18","slug":"titanium-pot-1100","status":"publish","type":"product","link":"https:\/\/sotooutdoors.eu\/fr\/produkt\/titanium-pot-1100\/","title":{"rendered":"Pot en titane 1100"},"content":{"rendered":"<div class=\"fusion-fullwidth fullwidth-box fusion-builder-row-1 nonhundred-percent-fullwidth non-hundred-percent-height-scrolling\" style=\"--awb-border-radius-top-left:0px;--awb-border-radius-top-right:0px;--awb-border-radius-bottom-right:0px;--awb-border-radius-bottom-left:0px;--awb-flex-wrap:wrap;\" ><div class=\"fusion-builder-row fusion-row\"><div class=\"fusion-layout-column fusion_builder_column fusion-builder-column-0 fusion_builder_column_1_1 1_1 fusion-one-full fusion-column-first fusion-column-last\" style=\"--awb-bg-size:cover;--awb-margin-top:0px;--awb-margin-bottom:0px;\"><div class=\"fusion-column-wrapper fusion-flex-column-wrapper-legacy\"><div class=\"fusion-text fusion-text-1\" style=\"--awb-text-transform:none;\"><p><strong>D\u00e9tails<\/strong><\/p>\n<ul>\n<li>Pot en titane de haute qualit\u00e9<\/li>\n<li>Extr\u00eamement l\u00e9ger<\/li>\n<li>Robust<\/li>\n<li>R\u00e9sistant \u00e0 la corrosion<\/li>\n<li>R\u00e9sistant aux acides<\/li>\n<li>Facile \u00e0 nettoyer<\/li>\n<li>Fabriqu\u00e9 au Japon<\/li>\n<\/ul>\n<p><strong>Contenu du set<\/strong><\/p>\n<ul>\n<li>Pot de 1100 ml<\/li>\n<li>Couvercle de casserole assorti<\/li>\n<li>Pinces amovible<\/li>\n<li>Sacs en Tyvek<\/li>\n<\/ul>\n<\/div><div class=\"fusion-clearfix\"><\/div><\/div><\/div><\/div><\/div>\n","protected":false},"excerpt":{"rendered":"<p><strong>Casserole en titane pour les minimalistes : extr\u00eamement l\u00e9g\u00e8re et robuste<\/strong><\/p>\n<p>SOTO a pouss\u00e9 les choses \u00e0 l&rsquo;extr\u00eame avec ses nouvelles casseroles en titane. Gr\u00e2ce \u00e0 un proc\u00e9d\u00e9 de fabrication sp\u00e9cial, l&rsquo;\u00e9paisseur des parois des pots peut \u00eatre r\u00e9duite \u00e0 0,3 millim\u00e8tre et le poids extr\u00eamement minimis\u00e9. Les pots sont fabriqu\u00e9s au Japon.<\/p>\n<p>Avec un poids de casserole de seulement 62 g (couvercle 30 g), le Titanium Pot 1100 est l&rsquo;un des plus l\u00e9gers de sa taille sur le march\u00e9.<\/p>\n<p>Bien que le pot semble tr\u00e8s fragile, il est adapt\u00e9 aux utilisations les plus rudes, car le titane est tr\u00e8s robuste. Il est id\u00e9al pour les exp\u00e9ditions, le bikepacking, la randonn\u00e9e ou les aventures en camping, o\u00f9 chaque gramme compte. Il est r\u00e9sistant aux chocs, aux rayures et aux acides.<\/p>\n<p>&nbsp;<\/p>\n","protected":false},"featured_media":27290,"template":"","meta":[],"product_brand":[],"product_cat":[225],"product_tag":[],"class_list":{"0":"post-27311","1":"product","2":"type-product","3":"status-publish","4":"has-post-thumbnail","6":"product_cat-ustensiles-de-cuisine","8":"first","9":"instock","10":"featured","11":"shipping-taxable","12":"purchasable","13":"product-type-simple"},"_links":{"self":[{"href":"https:\/\/sotooutdoors.eu\/fr\/wp-json\/wp\/v2\/product\/27311","targetHints":{"allow":["GET"]}}],"collection":[{"href":"https:\/\/sotooutdoors.eu\/fr\/wp-json\/wp\/v2\/product"}],"about":[{"href":"https:\/\/sotooutdoors.eu\/fr\/wp-json\/wp\/v2\/types\/product"}],"wp:featuredmedia":[{"embeddable":true,"href":"https:\/\/sotooutdoors.eu\/fr\/wp-json\/wp\/v2\/media\/27290"}],"wp:attachment":[{"href":"https:\/\/sotooutdoors.eu\/fr\/wp-json\/wp\/v2\/media?parent=27311"}],"wp:term":[{"taxonomy":"product_brand","embeddable":true,"href":"https:\/\/sotooutdoors.eu\/fr\/wp-json\/wp\/v2\/product_brand?post=27311"},{"taxonomy":"product_cat","embeddable":true,"href":"https:\/\/sotooutdoors.eu\/fr\/wp-json\/wp\/v2\/product_cat?post=27311"},{"taxonomy":"product_tag","embeddable":true,"href":"https:\/\/sotooutdoors.eu\/fr\/wp-json\/wp\/v2\/product_tag?post=27311"}],"curies":[{"name":"wp","href":"https:\/\/api.w.org\/{rel}","templated":true}]}}