{"id":27412,"date":"2024-07-27T14:11:18","date_gmt":"2024-07-27T13:11:18","guid":{"rendered":"https:\/\/sotooutdoors.eu\/?post_type=product&#038;p=27412"},"modified":"2025-09-26T20:32:27","modified_gmt":"2025-09-26T19:32:27","slug":"pot-en-titane-750-kopie","status":"publish","type":"product","link":"https:\/\/sotooutdoors.eu\/fr\/produkt\/pot-en-titane-750-kopie\/","title":{"rendered":"Titanium Mug 450"},"content":{"rendered":"<div class=\"fusion-fullwidth fullwidth-box fusion-builder-row-1 nonhundred-percent-fullwidth non-hundred-percent-height-scrolling\" style=\"--awb-border-radius-top-left:0px;--awb-border-radius-top-right:0px;--awb-border-radius-bottom-right:0px;--awb-border-radius-bottom-left:0px;--awb-flex-wrap:wrap;\" ><div class=\"fusion-builder-row fusion-row\"><div class=\"fusion-layout-column fusion_builder_column fusion-builder-column-0 fusion_builder_column_1_1 1_1 fusion-one-full fusion-column-first fusion-column-last\" style=\"--awb-bg-size:cover;--awb-margin-top:0px;--awb-margin-bottom:0px;\"><div class=\"fusion-column-wrapper fusion-flex-column-wrapper-legacy\"><div class=\"fusion-text fusion-text-1\" style=\"--awb-text-transform:none;\"><p><strong>D\u00e9tails<\/strong><\/p>\n<ul>\n<li>Mug en titane de haute qualit\u00e9<\/li>\n<li>Extr\u00eamement l\u00e9ger<\/li>\n<li>Robust<\/li>\n<li>R\u00e9sistant \u00e0 la corrosion<\/li>\n<li>R\u00e9sistant aux acides<\/li>\n<li>Facile \u00e0 nettoyer<\/li>\n<li>Fabriqu\u00e9 au Japon<\/li>\n<\/ul>\n<p><strong>Contenu du set<\/strong><\/p>\n<ul>\n<li>Mug de 450 ml<\/li>\n<\/ul>\n<\/div><div class=\"fusion-clearfix\"><\/div><\/div><\/div><\/div><\/div>\n","protected":false},"excerpt":{"rendered":"<p><strong>Mug en titan pour les minimalistes : extr\u00eamement l\u00e9gers et r\u00e9sistants<\/strong><\/p>\n<p>SOTO a pouss\u00e9 les choses \u00e0 l&rsquo;extr\u00eame avec son nouveau Titanium Mug. Gr\u00e2ce \u00e0 un proc\u00e9d\u00e9 de fabrication sp\u00e9cial, l&rsquo;\u00e9paisseur de la paroi du gobelet peut \u00eatre r\u00e9duite \u00e0 0,3 millim\u00e8tre et son poids extr\u00eamement r\u00e9duit. Le mug est fabriqu\u00e9 au Japon.<\/p>\n<p>Avec un poids de seulement 53 g, le Titanium Mug 450 est l&rsquo;un des plus l\u00e9gers de sa taille sur le march\u00e9.<\/p>\n<p>Bien que le mug semble tr\u00e8s fragile, il est adapt\u00e9 aux utilisations les plus difficiles, car le titane est tr\u00e8s r\u00e9sistant. Il est id\u00e9al pour les exp\u00e9ditions, le bikepacking, la randonn\u00e9e ou les aventures en camping, o\u00f9 chaque gramme compte. Il est r\u00e9sistant aux chocs, aux rayures et aux acides.<\/p>\n","protected":false},"featured_media":27430,"template":"","meta":[],"product_brand":[],"product_cat":[225],"product_tag":[],"class_list":{"0":"post-27412","1":"product","2":"type-product","3":"status-publish","4":"has-post-thumbnail","6":"product_cat-ustensiles-de-cuisine","8":"first","9":"instock","10":"featured","11":"shipping-taxable","12":"purchasable","13":"product-type-simple"},"_links":{"self":[{"href":"https:\/\/sotooutdoors.eu\/fr\/wp-json\/wp\/v2\/product\/27412","targetHints":{"allow":["GET"]}}],"collection":[{"href":"https:\/\/sotooutdoors.eu\/fr\/wp-json\/wp\/v2\/product"}],"about":[{"href":"https:\/\/sotooutdoors.eu\/fr\/wp-json\/wp\/v2\/types\/product"}],"wp:featuredmedia":[{"embeddable":true,"href":"https:\/\/sotooutdoors.eu\/fr\/wp-json\/wp\/v2\/media\/27430"}],"wp:attachment":[{"href":"https:\/\/sotooutdoors.eu\/fr\/wp-json\/wp\/v2\/media?parent=27412"}],"wp:term":[{"taxonomy":"product_brand","embeddable":true,"href":"https:\/\/sotooutdoors.eu\/fr\/wp-json\/wp\/v2\/product_brand?post=27412"},{"taxonomy":"product_cat","embeddable":true,"href":"https:\/\/sotooutdoors.eu\/fr\/wp-json\/wp\/v2\/product_cat?post=27412"},{"taxonomy":"product_tag","embeddable":true,"href":"https:\/\/sotooutdoors.eu\/fr\/wp-json\/wp\/v2\/product_tag?post=27412"}],"curies":[{"name":"wp","href":"https:\/\/api.w.org\/{rel}","templated":true}]}}