{"id":27638,"date":"2025-09-15T21:26:10","date_gmt":"2025-09-15T20:26:10","guid":{"rendered":"https:\/\/sotooutdoors.eu\/?post_type=product&#038;p=27638"},"modified":"2025-09-26T22:19:22","modified_gmt":"2025-09-26T21:19:22","slug":"aerolid-kopie","status":"publish","type":"product","link":"https:\/\/sotooutdoors.eu\/fr\/produkt\/aerolid-kopie\/","title":{"rendered":"Mug Lid UltraLight"},"content":{"rendered":"<div class=\"fusion-fullwidth fullwidth-box fusion-builder-row-1 nonhundred-percent-fullwidth non-hundred-percent-height-scrolling\" style=\"--awb-border-radius-top-left:0px;--awb-border-radius-top-right:0px;--awb-border-radius-bottom-right:0px;--awb-border-radius-bottom-left:0px;--awb-flex-wrap:wrap;\" ><div class=\"fusion-builder-row fusion-row\"><div class=\"fusion-layout-column fusion_builder_column fusion-builder-column-0 fusion_builder_column_1_1 1_1 fusion-one-full fusion-column-first fusion-column-last\" style=\"--awb-bg-size:cover;--awb-margin-top:0px;--awb-margin-bottom:0px;\"><div class=\"fusion-column-wrapper fusion-flex-column-wrapper-legacy\"><div class=\"fusion-text fusion-text-1\"><ul>\n<li>Tr\u00e8s l\u00e9ger<\/li>\n<li>Bien isolant<\/li>\n<li>Avec ouverture pour boire<\/li>\n<\/ul>\n<p><strong>Contenu du set<\/strong><\/p>\n<ul>\n<li>Mug Lid UltraLight<\/li>\n<\/ul>\n<\/div><div class=\"fusion-clearfix\"><\/div><\/div><\/div><\/div><\/div>\n","protected":false},"excerpt":{"rendered":"<p><strong>Couvercle pour le Titanium Mug 600, le Titanium Pot 750 et le ThermoLite<\/strong><\/p>\n<p>Le Mug Lid UltraLight est le couvercle adapt\u00e9 pour garder les boissons et les aliments chauds et prot\u00e9g\u00e9s plus longtemps. Il est dot\u00e9 d&rsquo;une ouverture pour boire et est plus l\u00e9ger que les couvercles traditionnels de ce type.<\/p>\n","protected":false},"featured_media":27727,"template":"","meta":[],"product_brand":[],"product_cat":[229,225],"product_tag":[],"class_list":{"0":"post-27638","1":"product","2":"type-product","3":"status-publish","4":"has-post-thumbnail","6":"product_cat-accessoires","7":"product_cat-ustensiles-de-cuisine","9":"first","10":"instock","11":"shipping-taxable","12":"purchasable","13":"product-type-simple"},"_links":{"self":[{"href":"https:\/\/sotooutdoors.eu\/fr\/wp-json\/wp\/v2\/product\/27638","targetHints":{"allow":["GET"]}}],"collection":[{"href":"https:\/\/sotooutdoors.eu\/fr\/wp-json\/wp\/v2\/product"}],"about":[{"href":"https:\/\/sotooutdoors.eu\/fr\/wp-json\/wp\/v2\/types\/product"}],"wp:featuredmedia":[{"embeddable":true,"href":"https:\/\/sotooutdoors.eu\/fr\/wp-json\/wp\/v2\/media\/27727"}],"wp:attachment":[{"href":"https:\/\/sotooutdoors.eu\/fr\/wp-json\/wp\/v2\/media?parent=27638"}],"wp:term":[{"taxonomy":"product_brand","embeddable":true,"href":"https:\/\/sotooutdoors.eu\/fr\/wp-json\/wp\/v2\/product_brand?post=27638"},{"taxonomy":"product_cat","embeddable":true,"href":"https:\/\/sotooutdoors.eu\/fr\/wp-json\/wp\/v2\/product_cat?post=27638"},{"taxonomy":"product_tag","embeddable":true,"href":"https:\/\/sotooutdoors.eu\/fr\/wp-json\/wp\/v2\/product_tag?post=27638"}],"curies":[{"name":"wp","href":"https:\/\/api.w.org\/{rel}","templated":true}]}}