{"id":27669,"date":"2025-09-24T21:26:33","date_gmt":"2025-09-24T20:26:33","guid":{"rendered":"https:\/\/sotooutdoors.eu\/?post_type=product&#038;p=27669"},"modified":"2025-09-26T20:17:47","modified_gmt":"2025-09-26T19:17:47","slug":"field-hopper-kopie","status":"publish","type":"product","link":"https:\/\/sotooutdoors.eu\/fr\/produkt\/field-hopper-kopie\/","title":{"rendered":"Field Kite"},"content":{"rendered":"<div class=\"fusion-fullwidth fullwidth-box fusion-builder-row-1 fusion-flex-container nonhundred-percent-fullwidth non-hundred-percent-height-scrolling\" style=\"--awb-border-radius-top-left:0px;--awb-border-radius-top-right:0px;--awb-border-radius-bottom-right:0px;--awb-border-radius-bottom-left:0px;--awb-flex-wrap:wrap;\" ><div class=\"fusion-builder-row fusion-row fusion-flex-align-items-flex-start fusion-flex-content-wrap\" style=\"max-width:1216.8px;margin-left: calc(-4% \/ 2 );margin-right: calc(-4% \/ 2 );\"><div class=\"fusion-layout-column fusion_builder_column fusion-builder-column-0 fusion_builder_column_1_1 1_1 fusion-flex-column\" style=\"--awb-bg-size:cover;--awb-width-large:100%;--awb-margin-top-large:0px;--awb-spacing-right-large:1.92%;--awb-margin-bottom-large:0px;--awb-spacing-left-large:1.92%;--awb-width-medium:100%;--awb-spacing-right-medium:1.92%;--awb-spacing-left-medium:1.92%;--awb-width-small:100%;--awb-spacing-right-small:1.92%;--awb-spacing-left-small:1.92%;\"><div class=\"fusion-column-wrapper fusion-flex-justify-content-flex-start fusion-content-layout-column\"><div class=\"fusion-text fusion-text-1\" style=\"--awb-text-transform:none;\"><p><strong>D\u00e9tails<\/strong><\/p>\n<ul>\n<li>Tr\u00e8s l\u00e9ger<\/li>\n<li>Pliage extr\u00eamement plat (14 mm)<\/li>\n<li>Stable et robuste<\/li>\n<li>Utilisation des plus simples<\/li>\n<\/ul>\n<p><strong>Contenu du set<\/strong><\/p>\n<ul>\n<li>Table<\/li>\n<li>Housse de transport<\/li>\n<\/ul>\n<\/div><\/div><\/div><\/div><\/div>\n","protected":false},"excerpt":{"rendered":"<p><strong>Mini table repliable<\/strong><\/p>\n<p>La mini-table Field Kite facilite la pr\u00e9paration des repas lors des longs trekkings et des s\u00e9jours en camping. Le plateau de table en aluminium extrud\u00e9 de haute qualit\u00e9 se distingue par sa l\u00e9g\u00e8ret\u00e9 et sa long\u00e9vit\u00e9. Les pieds et les charni\u00e8res en acier inoxydable robuste apportent une stabilit\u00e9 suppl\u00e9mentaire &#8211; simple, l\u00e9ger et pourtant particuli\u00e8rement r\u00e9sistant. Elle peut \u00eatre ouverte \u00e0 l&rsquo;aide d&rsquo;une poign\u00e9e et offre une surface stable et plane pour les r\u00e9chauds, la vaisselle et les casseroles. Dans la tente, elle emp\u00eachera les objets chauds ou contondants d&rsquo;endommager le sol de la tente. De par sa l\u00e9g\u00e8ret\u00e9 et le fait qu&rsquo;elle prend tr\u00e8s peu de place, elle est \u00e9galement bien adapt\u00e9e pour les voyages en sac \u00e0 dos.<\/p>\n","protected":false},"featured_media":27713,"template":"","meta":[],"product_brand":[],"product_cat":[229],"product_tag":[],"class_list":{"0":"post-27669","1":"product","2":"type-product","3":"status-publish","4":"has-post-thumbnail","6":"product_cat-accessoires","8":"first","9":"instock","10":"shipping-taxable","11":"purchasable","12":"product-type-simple"},"_links":{"self":[{"href":"https:\/\/sotooutdoors.eu\/fr\/wp-json\/wp\/v2\/product\/27669","targetHints":{"allow":["GET"]}}],"collection":[{"href":"https:\/\/sotooutdoors.eu\/fr\/wp-json\/wp\/v2\/product"}],"about":[{"href":"https:\/\/sotooutdoors.eu\/fr\/wp-json\/wp\/v2\/types\/product"}],"wp:featuredmedia":[{"embeddable":true,"href":"https:\/\/sotooutdoors.eu\/fr\/wp-json\/wp\/v2\/media\/27713"}],"wp:attachment":[{"href":"https:\/\/sotooutdoors.eu\/fr\/wp-json\/wp\/v2\/media?parent=27669"}],"wp:term":[{"taxonomy":"product_brand","embeddable":true,"href":"https:\/\/sotooutdoors.eu\/fr\/wp-json\/wp\/v2\/product_brand?post=27669"},{"taxonomy":"product_cat","embeddable":true,"href":"https:\/\/sotooutdoors.eu\/fr\/wp-json\/wp\/v2\/product_cat?post=27669"},{"taxonomy":"product_tag","embeddable":true,"href":"https:\/\/sotooutdoors.eu\/fr\/wp-json\/wp\/v2\/product_tag?post=27669"}],"curies":[{"name":"wp","href":"https:\/\/api.w.org\/{rel}","templated":true}]}}