{"id":27796,"date":"2026-02-08T20:43:35","date_gmt":"2026-02-08T19:43:35","guid":{"rendered":"https:\/\/sotooutdoors.eu\/?post_type=product&#038;p=27796"},"modified":"2026-04-13T15:13:37","modified_gmt":"2026-04-13T14:13:37","slug":"regulator-stove","status":"publish","type":"product","link":"https:\/\/sotooutdoors.eu\/fr\/produkt\/regulator-stove\/","title":{"rendered":"Regulator Stove"},"content":{"rendered":"<div class=\"fusion-fullwidth fullwidth-box fusion-builder-row-1 fusion-flex-container nonhundred-percent-fullwidth non-hundred-percent-height-scrolling\" style=\"--awb-border-radius-top-left:0px;--awb-border-radius-top-right:0px;--awb-border-radius-bottom-right:0px;--awb-border-radius-bottom-left:0px;--awb-flex-wrap:wrap;\" ><div class=\"fusion-builder-row fusion-row fusion-flex-align-items-flex-start fusion-flex-content-wrap\" style=\"max-width:1216.8px;margin-left: calc(-4% \/ 2 );margin-right: calc(-4% \/ 2 );\"><div class=\"fusion-layout-column fusion_builder_column fusion-builder-column-0 fusion_builder_column_1_1 1_1 fusion-flex-column\" style=\"--awb-bg-size:cover;--awb-width-large:100%;--awb-margin-top-large:0px;--awb-spacing-right-large:1.92%;--awb-margin-bottom-large:0px;--awb-spacing-left-large:1.92%;--awb-width-medium:100%;--awb-spacing-right-medium:1.92%;--awb-spacing-left-medium:1.92%;--awb-width-small:100%;--awb-spacing-right-small:1.92%;--awb-spacing-left-small:1.92%;\"><div class=\"fusion-column-wrapper fusion-flex-justify-content-flex-start fusion-content-layout-column\"><div class=\"fusion-text fusion-text-1\"><p><strong>D\u00e9tails<\/strong><\/p>\n<ul>\n<li>La technologie SOTO Micro Regulator assure une pression constante. Des performances \u00e9lev\u00e9es jusqu&rsquo;\u00e0 la fin.<\/li>\n<li>Allumage pi\u00e9zo avec c\u00e2ble interne pour un d\u00e9marrage fiable sur simple pression d&rsquo;un bouton<\/li>\n<li>Design ultra-compact et stable<\/li>\n<li>R\u00e9gulation pr\u00e9cise de la flamme<\/li>\n<li>Br\u00fble tr\u00e8s silencieusement<\/li>\n<li>Durable<\/li>\n<\/ul>\n<p><strong>Contenu du set<\/strong><\/p>\n<ul>\n<li>Le r\u00e9chaud<\/li>\n<li>Sac de rangement en nylon<\/li>\n<\/ul>\n<\/div><\/div><\/div><\/div><\/div>\n","protected":false},"excerpt":{"rendered":"<p class=\"p1\"><b>Game-Changer chez les r\u00e9chauds de table traditionnels \u00ab\u00a0\u00e0 une flamme\u00a0\u00bb<\/b><\/p>\n<p class=\"p1\">Le Regulator Stove s&rsquo;adresse aux propri\u00e9taires de camping-cars et aux amies de camping stationnaire. C&rsquo;est un game-changer parmi les r\u00e9chauds de table traditionnels \u00ab\u00a0\u00e0 une flamme\u00a0\u00bb. Non seulement il est tr\u00e8s l\u00e9ger (330 grammes), mais il fonctionne avec des cartouches MSF-1a peu co\u00fbteuses.<\/p>\n<p class=\"p1\">La technologie r\u00e9volutionnaire du micror\u00e9gulateur SOTO est au c\u0153ur de ce syst\u00e8me. Elle maintient la pression du gaz \u00e0 un niveau stable lorsque la temp\u00e9rature baisse. Ainsi, la flamme reste r\u00e9guli\u00e8re, puissante et contr\u00f4lable, l\u00e0 o\u00f9 les r\u00e9chauds \u00e0 ba\u00efonnette traditionnels faiblissent depuis longtemps.<\/p>\n<p class=\"p1\">R\u00e9glage pr\u00e9cis des flammes : le bouton de r\u00e9glage permet \u00e0 l&rsquo;utilisateur de passer progressivement d&rsquo;une cuisson douce \u00e0 une cuisson rapide, r\u00e9pondant ainsi \u00e0 une grande vari\u00e9t\u00e9 de besoins de cuisson en plein air.<\/p>\n<p class=\"p1\">Conception ultra-compacte et stable : la conception offre une excellente stabilit\u00e9 et un support de casserole pour les grandes casseroles et po\u00eales, et se replie \u00e0 une taille remarquablement petite pour un transport facile.<\/p>\n<p class=\"p2\">Durable et polyvalent : le r\u00e9chaud est fabriqu\u00e9 avec des mat\u00e9riaux de haute qualit\u00e9 pour une longue dur\u00e9e de vie.<\/p>\n<p>En combinaison avec le Minimal Worktop disponible en option, vous obtenez une petite cuisine d&rsquo;ext\u00e9rieur tr\u00e8s pratique.<\/p>\n","protected":false},"featured_media":27947,"template":"","meta":[],"product_brand":[],"product_cat":[223],"product_tag":[],"class_list":{"0":"post-27796","1":"product","2":"type-product","3":"status-publish","4":"has-post-thumbnail","6":"product_cat-rechauds","8":"first","9":"instock","10":"featured","11":"shipping-taxable","12":"purchasable","13":"product-type-simple"},"_links":{"self":[{"href":"https:\/\/sotooutdoors.eu\/fr\/wp-json\/wp\/v2\/product\/27796","targetHints":{"allow":["GET"]}}],"collection":[{"href":"https:\/\/sotooutdoors.eu\/fr\/wp-json\/wp\/v2\/product"}],"about":[{"href":"https:\/\/sotooutdoors.eu\/fr\/wp-json\/wp\/v2\/types\/product"}],"wp:featuredmedia":[{"embeddable":true,"href":"https:\/\/sotooutdoors.eu\/fr\/wp-json\/wp\/v2\/media\/27947"}],"wp:attachment":[{"href":"https:\/\/sotooutdoors.eu\/fr\/wp-json\/wp\/v2\/media?parent=27796"}],"wp:term":[{"taxonomy":"product_brand","embeddable":true,"href":"https:\/\/sotooutdoors.eu\/fr\/wp-json\/wp\/v2\/product_brand?post=27796"},{"taxonomy":"product_cat","embeddable":true,"href":"https:\/\/sotooutdoors.eu\/fr\/wp-json\/wp\/v2\/product_cat?post=27796"},{"taxonomy":"product_tag","embeddable":true,"href":"https:\/\/sotooutdoors.eu\/fr\/wp-json\/wp\/v2\/product_tag?post=27796"}],"curies":[{"name":"wp","href":"https:\/\/api.w.org\/{rel}","templated":true}]}}