{"id":27935,"date":"2026-02-09T21:35:04","date_gmt":"2026-02-09T20:35:04","guid":{"rendered":"https:\/\/sotooutdoors.eu\/?post_type=product&#038;p=27935"},"modified":"2026-04-19T20:27:42","modified_gmt":"2026-04-19T19:27:42","slug":"field-kite-kopie","status":"publish","type":"product","link":"https:\/\/sotooutdoors.eu\/fr\/produkt\/field-kite-kopie\/","title":{"rendered":"Bureau minimal"},"content":{"rendered":"<div class=\"fusion-fullwidth fullwidth-box fusion-builder-row-1 fusion-flex-container nonhundred-percent-fullwidth non-hundred-percent-height-scrolling\" style=\"--awb-border-radius-top-left:0px;--awb-border-radius-top-right:0px;--awb-border-radius-bottom-right:0px;--awb-border-radius-bottom-left:0px;--awb-flex-wrap:wrap;\" ><div class=\"fusion-builder-row fusion-row fusion-flex-align-items-flex-start fusion-flex-content-wrap\" style=\"max-width:1216.8px;margin-left: calc(-4% \/ 2 );margin-right: calc(-4% \/ 2 );\"><div class=\"fusion-layout-column fusion_builder_column fusion-builder-column-0 fusion_builder_column_1_1 1_1 fusion-flex-column\" style=\"--awb-bg-size:cover;--awb-width-large:100%;--awb-margin-top-large:0px;--awb-spacing-right-large:1.92%;--awb-margin-bottom-large:0px;--awb-spacing-left-large:1.92%;--awb-width-medium:100%;--awb-spacing-right-medium:1.92%;--awb-spacing-left-medium:1.92%;--awb-width-small:100%;--awb-spacing-right-small:1.92%;--awb-spacing-left-small:1.92%;\"><div class=\"fusion-column-wrapper fusion-flex-justify-content-flex-start fusion-content-layout-column\"><div class=\"fusion-text fusion-text-1\" style=\"--awb-text-transform:none;\"><p><strong>D\u00e9tails<\/strong><\/p>\n<ul>\n<li class=\"p2\">petit emballage<\/li>\n<li>tr\u00e8s stable<\/li>\n<\/ul>\n<p><strong>Contenu du set<\/strong><\/p>\n<ul>\n<li>Table<\/li>\n<\/ul>\n<\/div><\/div><\/div><\/div><\/div>\n","protected":false},"excerpt":{"rendered":"<div><b>Minimal Worktop &#8211; Une cuisine compacte \u00e0 utiliser partout<\/b><b><br \/>\n<\/b>Le Minimal Worktop est une table de camping polyvalente qui se combine parfaitement avec le Regulator Stove. On obtient ainsi une cuisine compacte adapt\u00e9e \u00e0 de nombreuses situations en plein air.<br \/>\nLe r\u00e9chaud peut \u00eatre fix\u00e9 \u00e0 la table horizontalement ou verticalement, au choix.<\/div>\n<div><\/div>\n<div><b>Utilise l&rsquo;espace inutilis\u00e9 &#8211; juste au-dessus de la cartouche de gaz<\/b><b><br \/>\n<\/b>La table cr\u00e9e une surface de pr\u00e9paration pratique pour couper les aliments et sert de support pour les casseroles et les po\u00eales lorsque vous cuisinez. Bien con\u00e7ue, la table rend la cuisine en plein air beaucoup plus facile et agr\u00e9able &#8211; id\u00e9ale pour une exp\u00e9rience en plein air organis\u00e9e et efficace.<\/div>\n<div>Gr\u00e2ce \u00e0 son faible poids et \u00e0 sa taille compacte, le Minimal Worktop est un accessoire astucieux pour tous ceux qui aiment avoir un peu plus de confort pour cuisiner.<\/div>\n","protected":false},"featured_media":27967,"template":"","meta":[],"product_brand":[],"product_cat":[229],"product_tag":[],"class_list":{"0":"post-27935","1":"product","2":"type-product","3":"status-publish","4":"has-post-thumbnail","6":"product_cat-accessoires","8":"first","9":"instock","10":"shipping-taxable","11":"purchasable","12":"product-type-simple"},"_links":{"self":[{"href":"https:\/\/sotooutdoors.eu\/fr\/wp-json\/wp\/v2\/product\/27935","targetHints":{"allow":["GET"]}}],"collection":[{"href":"https:\/\/sotooutdoors.eu\/fr\/wp-json\/wp\/v2\/product"}],"about":[{"href":"https:\/\/sotooutdoors.eu\/fr\/wp-json\/wp\/v2\/types\/product"}],"wp:featuredmedia":[{"embeddable":true,"href":"https:\/\/sotooutdoors.eu\/fr\/wp-json\/wp\/v2\/media\/27967"}],"wp:attachment":[{"href":"https:\/\/sotooutdoors.eu\/fr\/wp-json\/wp\/v2\/media?parent=27935"}],"wp:term":[{"taxonomy":"product_brand","embeddable":true,"href":"https:\/\/sotooutdoors.eu\/fr\/wp-json\/wp\/v2\/product_brand?post=27935"},{"taxonomy":"product_cat","embeddable":true,"href":"https:\/\/sotooutdoors.eu\/fr\/wp-json\/wp\/v2\/product_cat?post=27935"},{"taxonomy":"product_tag","embeddable":true,"href":"https:\/\/sotooutdoors.eu\/fr\/wp-json\/wp\/v2\/product_tag?post=27935"}],"curies":[{"name":"wp","href":"https:\/\/api.w.org\/{rel}","templated":true}]}}