{"id":27996,"date":"2026-02-09T21:44:19","date_gmt":"2026-02-09T20:44:19","guid":{"rendered":"https:\/\/sotooutdoors.eu\/produkt\/trail-table\/"},"modified":"2026-04-16T19:32:35","modified_gmt":"2026-04-16T18:32:35","slug":"trail-table","status":"publish","type":"product","link":"https:\/\/sotooutdoors.eu\/fr\/produkt\/trail-table\/","title":{"rendered":"Trail Table"},"content":{"rendered":"<div class=\"fusion-fullwidth fullwidth-box fusion-builder-row-1 fusion-flex-container nonhundred-percent-fullwidth non-hundred-percent-height-scrolling\" style=\"--awb-border-radius-top-left:0px;--awb-border-radius-top-right:0px;--awb-border-radius-bottom-right:0px;--awb-border-radius-bottom-left:0px;--awb-flex-wrap:wrap;\" ><div class=\"fusion-builder-row fusion-row fusion-flex-align-items-flex-start fusion-flex-content-wrap\" style=\"max-width:1216.8px;margin-left: calc(-4% \/ 2 );margin-right: calc(-4% \/ 2 );\"><div class=\"fusion-layout-column fusion_builder_column fusion-builder-column-0 fusion_builder_column_1_1 1_1 fusion-flex-column\" style=\"--awb-bg-size:cover;--awb-width-large:100%;--awb-margin-top-large:0px;--awb-spacing-right-large:1.92%;--awb-margin-bottom-large:0px;--awb-spacing-left-large:1.92%;--awb-width-medium:100%;--awb-spacing-right-medium:1.92%;--awb-spacing-left-medium:1.92%;--awb-width-small:100%;--awb-spacing-right-small:1.92%;--awb-spacing-left-small:1.92%;\"><div class=\"fusion-column-wrapper fusion-flex-justify-content-flex-start fusion-content-layout-column\"><div class=\"fusion-text fusion-text-1\" style=\"--awb-text-transform:none;\"><p><strong>D\u00e9tails<\/strong><\/p>\n<ul>\n<li>Tr\u00e8s l\u00e9ger<\/li>\n<li>Stable<\/li>\n<li>Utilisation tr\u00e8s simple<\/li>\n<li>Capacit\u00e9 de charge 2 kg<\/li>\n<\/ul>\n<p><strong>Contenu du set<\/strong><\/p>\n<ul>\n<li>Table<\/li>\n<\/ul>\n<\/div><\/div><\/div><\/div><\/div>\n","protected":false},"excerpt":{"rendered":"<p>SOTO ne serait pas SOTO si ses ing\u00e9nieurs ne d\u00e9veloppaient pas en m\u00eame temps des accessoires astucieux pour le nouveau r\u00e9chaud TriTrail. Cette mini-table tr\u00e8s l\u00e9g\u00e8re et compacte ne p\u00e8se que 135 g et se transporte facilement.<br \/>\nLors de son utilisation, la table est plac\u00e9e de mani\u00e8re \u00e0 recouvrir la cartouche de gaz, ce qui permet d&rsquo;optimiser l&rsquo;espace limit\u00e9.<\/p>\n<p>De plus, le r\u00e9chaud TriTrail s&rsquo;y adapte parfaitement et peut \u00eatre rang\u00e9 directement dans le sac de rangement du r\u00e9chaud, de sorte que la table sert de housse de protection pour le r\u00e9chaud lorsqu&rsquo;il est rang\u00e9.<br \/>\nBien entendu, la Trail Table peut \u00e9galement \u00eatre utilis\u00e9e seule comme table compacte et est donc \u00e9galement recommand\u00e9e pour une utilisation avec d&rsquo;autres r\u00e9chauds.<\/p>\n","protected":false},"featured_media":27928,"template":"","meta":[],"product_brand":[],"product_cat":[229],"product_tag":[],"class_list":{"0":"post-27996","1":"product","2":"type-product","3":"status-publish","4":"has-post-thumbnail","6":"product_cat-accessoires","8":"first","9":"instock","10":"shipping-taxable","11":"purchasable","12":"product-type-simple"},"_links":{"self":[{"href":"https:\/\/sotooutdoors.eu\/fr\/wp-json\/wp\/v2\/product\/27996","targetHints":{"allow":["GET"]}}],"collection":[{"href":"https:\/\/sotooutdoors.eu\/fr\/wp-json\/wp\/v2\/product"}],"about":[{"href":"https:\/\/sotooutdoors.eu\/fr\/wp-json\/wp\/v2\/types\/product"}],"wp:featuredmedia":[{"embeddable":true,"href":"https:\/\/sotooutdoors.eu\/fr\/wp-json\/wp\/v2\/media\/27928"}],"wp:attachment":[{"href":"https:\/\/sotooutdoors.eu\/fr\/wp-json\/wp\/v2\/media?parent=27996"}],"wp:term":[{"taxonomy":"product_brand","embeddable":true,"href":"https:\/\/sotooutdoors.eu\/fr\/wp-json\/wp\/v2\/product_brand?post=27996"},{"taxonomy":"product_cat","embeddable":true,"href":"https:\/\/sotooutdoors.eu\/fr\/wp-json\/wp\/v2\/product_cat?post=27996"},{"taxonomy":"product_tag","embeddable":true,"href":"https:\/\/sotooutdoors.eu\/fr\/wp-json\/wp\/v2\/product_tag?post=27996"}],"curies":[{"name":"wp","href":"https:\/\/api.w.org\/{rel}","templated":true}]}}