{"id":28049,"date":"2026-02-08T16:35:31","date_gmt":"2026-02-08T15:35:31","guid":{"rendered":"https:\/\/sotooutdoors.eu\/produkt\/tritrail-2\/"},"modified":"2026-04-19T21:10:42","modified_gmt":"2026-04-19T20:10:42","slug":"tritrail-2","status":"publish","type":"product","link":"https:\/\/sotooutdoors.eu\/fr\/produkt\/tritrail-2\/","title":{"rendered":"TriTrail"},"content":{"rendered":"<div class=\"fusion-fullwidth fullwidth-box fusion-builder-row-1 fusion-flex-container nonhundred-percent-fullwidth non-hundred-percent-height-scrolling\" style=\"--awb-border-radius-top-left:0px;--awb-border-radius-top-right:0px;--awb-border-radius-bottom-right:0px;--awb-border-radius-bottom-left:0px;--awb-flex-wrap:wrap;\" ><div class=\"fusion-builder-row fusion-row fusion-flex-align-items-flex-start fusion-flex-content-wrap\" style=\"max-width:1216.8px;margin-left: calc(-4% \/ 2 );margin-right: calc(-4% \/ 2 );\"><div class=\"fusion-layout-column fusion_builder_column fusion-builder-column-0 fusion_builder_column_1_1 1_1 fusion-flex-column\" style=\"--awb-bg-size:cover;--awb-width-large:100%;--awb-margin-top-large:0px;--awb-spacing-right-large:1.92%;--awb-margin-bottom-large:0px;--awb-spacing-left-large:1.92%;--awb-width-medium:100%;--awb-spacing-right-medium:1.92%;--awb-spacing-left-medium:1.92%;--awb-width-small:100%;--awb-spacing-right-small:1.92%;--awb-spacing-left-small:1.92%;\"><div class=\"fusion-column-wrapper fusion-flex-justify-content-flex-start fusion-content-layout-column\"><div class=\"fusion-text fusion-text-1\"><p><strong>D\u00e9tails<\/strong><\/p>\n<ul>\n<li>La technologie SOTO Micro Regulator assure une pression constante. Des performances \u00e9lev\u00e9es jusqu&rsquo;\u00e0 la fin. <\/li>\n<li>Technologie SOTO Wind Resistance : le bord m\u00e9tallique sur\u00e9lev\u00e9 prot\u00e8ge le br\u00fbleur du vent lat\u00e9ral<\/li>\n<li>Allumage pi\u00e9zo avec c\u00e2ble interne pour un d\u00e9marrage fiable sur simple pression d&rsquo;un bouton<\/li>\n<li>Supports en titane<\/li>\n<li>R\u00e9glage fin<\/li>\n<li>Br\u00fble tr\u00e8s silencieusement<\/li>\n<li>Consommation \u00e9conomique : rendement \u00e9nerg\u00e9tique \u00e9lev\u00e9 gr\u00e2ce \u00e0 la faible distance entre la batterie du r\u00e9chaud et le br\u00fbleur<\/li>\n<li>Tr\u00e8s robuste gr\u00e2ce \u00e0 des mat\u00e9riaux de haute qualit\u00e9<\/li>\n<\/ul>\n<p><strong>Contenu du set<\/strong><\/p>\n<ul>\n<li>Le r\u00e9chaud<\/li>\n<li>Sacs d&#8217;emballage en Tyvek<\/li>\n<\/ul>\n<\/div><\/div><\/div><\/div><\/div>\n","protected":false},"excerpt":{"rendered":"<p>Un r\u00e9chaud l\u00e9ger et compact, aliment\u00e9 par une cartouche de gaz MSF-1A \u00e9conomique. En plus d&rsquo;un centre de gravit\u00e9 bas et d&rsquo;une grande stabilit\u00e9, le TriTrail est \u00e9galement \u00e9quip\u00e9 d&rsquo;une t\u00eate de combustion WindMaster r\u00e9sistante au vent et de la technologie Micro Regulator, qui permet d&rsquo;obtenir des performances constantes. Le design minimaliste de SOTO a pour objectif de r\u00e9duire au maximum le poids et la taille.  <\/p>\n<p>\u00ab\u00a0Id\u00e9e g\u00e9niale : <span class=\"s1\">un <\/span>br\u00fbleur haute performance qui fonctionne <span class=\"s1\">avec <\/span>des cartouches bon march\u00e9\u00a0\u00bb. ALEX KRAPP, r\u00e9dacteur en chef d&rsquo;outdoor-magazin. <a href=\"https:\/\/sotooutdoors.eu\/fr\/2026-outdoors-prix-du-choix-de-lediteur-2\/\">outdoor Editors&rsquo; Choice Award 2026 pour le r\u00e9chaud TriTrail<\/a><\/p>\n<p><img decoding=\"async\" class=\"alignnone wp-image-28015\" src=\"https:\/\/sotooutdoors.eu\/wp-content\/uploads\/Screenshot-2026-04-16-at-21.14.22-1024x436.png\" alt=\"\" width=\"396\" height=\"169\" srcset=\"https:\/\/sotooutdoors.eu\/wp-content\/uploads\/Screenshot-2026-04-16-at-21.14.22-200x85.png 200w, https:\/\/sotooutdoors.eu\/wp-content\/uploads\/Screenshot-2026-04-16-at-21.14.22-300x128.png 300w, https:\/\/sotooutdoors.eu\/wp-content\/uploads\/Screenshot-2026-04-16-at-21.14.22-400x170.png 400w, https:\/\/sotooutdoors.eu\/wp-content\/uploads\/Screenshot-2026-04-16-at-21.14.22-600x255.png 600w, https:\/\/sotooutdoors.eu\/wp-content\/uploads\/Screenshot-2026-04-16-at-21.14.22-700x298.png 700w, https:\/\/sotooutdoors.eu\/wp-content\/uploads\/Screenshot-2026-04-16-at-21.14.22-768x327.png 768w, https:\/\/sotooutdoors.eu\/wp-content\/uploads\/Screenshot-2026-04-16-at-21.14.22-800x340.png 800w, https:\/\/sotooutdoors.eu\/wp-content\/uploads\/Screenshot-2026-04-16-at-21.14.22-940x400.png 940w, https:\/\/sotooutdoors.eu\/wp-content\/uploads\/Screenshot-2026-04-16-at-21.14.22-1024x436.png 1024w, https:\/\/sotooutdoors.eu\/wp-content\/uploads\/Screenshot-2026-04-16-at-21.14.22.png 1048w\" sizes=\"(max-width: 396px) 100vw, 396px\" \/><\/p>\n","protected":false},"featured_media":27792,"template":"","meta":[],"product_brand":[],"product_cat":[223],"product_tag":[],"class_list":{"0":"post-28049","1":"product","2":"type-product","3":"status-publish","4":"has-post-thumbnail","6":"product_cat-rechauds","8":"first","9":"instock","10":"featured","11":"shipping-taxable","12":"purchasable","13":"product-type-simple"},"_links":{"self":[{"href":"https:\/\/sotooutdoors.eu\/fr\/wp-json\/wp\/v2\/product\/28049","targetHints":{"allow":["GET"]}}],"collection":[{"href":"https:\/\/sotooutdoors.eu\/fr\/wp-json\/wp\/v2\/product"}],"about":[{"href":"https:\/\/sotooutdoors.eu\/fr\/wp-json\/wp\/v2\/types\/product"}],"wp:featuredmedia":[{"embeddable":true,"href":"https:\/\/sotooutdoors.eu\/fr\/wp-json\/wp\/v2\/media\/27792"}],"wp:attachment":[{"href":"https:\/\/sotooutdoors.eu\/fr\/wp-json\/wp\/v2\/media?parent=28049"}],"wp:term":[{"taxonomy":"product_brand","embeddable":true,"href":"https:\/\/sotooutdoors.eu\/fr\/wp-json\/wp\/v2\/product_brand?post=28049"},{"taxonomy":"product_cat","embeddable":true,"href":"https:\/\/sotooutdoors.eu\/fr\/wp-json\/wp\/v2\/product_cat?post=28049"},{"taxonomy":"product_tag","embeddable":true,"href":"https:\/\/sotooutdoors.eu\/fr\/wp-json\/wp\/v2\/product_tag?post=28049"}],"curies":[{"name":"wp","href":"https:\/\/api.w.org\/{rel}","templated":true}]}}